{"id":498,"date":"2024-11-20T12:16:45","date_gmt":"2024-11-20T12:16:45","guid":{"rendered":"https:\/\/ani-mex.com\/?post_type=product&#038;p=498"},"modified":"2024-11-20T12:16:52","modified_gmt":"2024-11-20T12:16:52","slug":"kalosze-grand-black-meskie","status":"publish","type":"product","link":"https:\/\/ani-mex.com\/?product=kalosze-grand-black-meskie","title":{"rendered":"Kalosze GRAND BLACK m\u0119skie"},"content":{"rendered":"<p>Super wytrzyma\u0142e kalosze GRAND Black wykonane s\u0105 w ca\u0142o\u015bci z PVC. Doskonale chroni\u0105 stopy przed wilgoci\u0105 i zabrudzeniem. Odpowiednio zaprojektowana podeszwa gwarantuje bardzo dobr\u0105 amortyzacj\u0119 stopy w cz\u0119\u015bci pi\u0119towej. Kalosze te s\u0105 doskona\u0142e do prac dzia\u0142kowych, na wyprawy do lasu czy na ryby.<\/p>\n","protected":false},"excerpt":{"rendered":"<p>Super wytrzyma\u0142e kalosze GRAND Black wykonane s\u0105 w ca\u0142o\u015bci z PVC. Doskonale chroni\u0105 stopy przed wilgoci\u0105 i zabrudzeniem. Odpowiednio zaprojektowana podeszwa gwarantuje bardzo dobr\u0105 amortyzacj\u0119 stopy w cz\u0119\u015bci pi\u0119towej. Kalosze te s\u0105 doskona\u0142e do prac dzia\u0142&#8230;<\/p>\n","protected":false},"featured_media":499,"template":"","meta":{"_et_pb_use_builder":"","_et_pb_old_content":"","_et_gb_content_width":""},"product_brand":[],"product_cat":[96],"product_tag":[],"class_list":{"0":"post-498","1":"product","2":"type-product","3":"status-publish","4":"has-post-thumbnail","6":"product_cat-kalosze-i-buty-gumowe","8":"first","9":"instock","10":"shipping-taxable","11":"product-type-simple"},"_links":{"self":[{"href":"https:\/\/ani-mex.com\/index.php?rest_route=\/wp\/v2\/product\/498","targetHints":{"allow":["GET"]}}],"collection":[{"href":"https:\/\/ani-mex.com\/index.php?rest_route=\/wp\/v2\/product"}],"about":[{"href":"https:\/\/ani-mex.com\/index.php?rest_route=\/wp\/v2\/types\/product"}],"wp:featuredmedia":[{"embeddable":true,"href":"https:\/\/ani-mex.com\/index.php?rest_route=\/wp\/v2\/media\/499"}],"wp:attachment":[{"href":"https:\/\/ani-mex.com\/index.php?rest_route=%2Fwp%2Fv2%2Fmedia&parent=498"}],"wp:term":[{"taxonomy":"product_brand","embeddable":true,"href":"https:\/\/ani-mex.com\/index.php?rest_route=%2Fwp%2Fv2%2Fproduct_brand&post=498"},{"taxonomy":"product_cat","embeddable":true,"href":"https:\/\/ani-mex.com\/index.php?rest_route=%2Fwp%2Fv2%2Fproduct_cat&post=498"},{"taxonomy":"product_tag","embeddable":true,"href":"https:\/\/ani-mex.com\/index.php?rest_route=%2Fwp%2Fv2%2Fproduct_tag&post=498"}],"curies":[{"name":"wp","href":"https:\/\/api.w.org\/{rel}","templated":true}]}}