{"id":502,"date":"2024-11-20T12:20:26","date_gmt":"2024-11-20T12:20:26","guid":{"rendered":"https:\/\/ani-mex.com\/?post_type=product&#038;p=502"},"modified":"2024-11-20T12:20:28","modified_gmt":"2024-11-20T12:20:28","slug":"polbuty-502-z-podnoskiem-kompozyt-i-wkl","status":"publish","type":"product","link":"https:\/\/ani-mex.com\/?product=polbuty-502-z-podnoskiem-kompozyt-i-wkl","title":{"rendered":"P\u00f3\u0142buty 502 z podnoskiem kompozyt. i wk\u0142."},"content":{"rendered":"<p>P\u00f3\u0142buty bezpieczne z podnoskiem kompozytowym i niemetalow\u0105 wk\u0142adk\u0105 antyprzebiciow\u0105 Model 502. PN-EN ISO 20345, S1, P, SRC. Seria PPO Sporty Line, PU\/PU obuwie m\u0119skie z podnoskiem kompozytowym. Podeszwa PU\/PU. Podnosek kompozytowy. Rozmiary 36-48<\/p>\n","protected":false},"excerpt":{"rendered":"<p>P\u00f3\u0142buty bezpieczne z podnoskiem kompozytowym i niemetalow\u0105 wk\u0142adk\u0105 antyprzebiciow\u0105 Model 502. PN-EN ISO 20345, S1, P, SRC. Seria PPO Sporty Line, PU\/PU obuwie m\u0119skie z podnoskiem kompozytowym. Podeszwa PU\/PU. Podnosek kompozytowy. Rozmiary 36-48<\/p>\n","protected":false},"featured_media":503,"template":"","meta":{"_et_pb_use_builder":"","_et_pb_old_content":"","_et_gb_content_width":""},"product_brand":[],"product_cat":[40,94],"product_tag":[],"class_list":{"0":"post-502","1":"product","2":"type-product","3":"status-publish","4":"has-post-thumbnail","6":"product_cat-ochrona-nog","7":"product_cat-polbuty","9":"first","10":"instock","11":"shipping-taxable","12":"purchasable","13":"product-type-simple"},"_links":{"self":[{"href":"https:\/\/ani-mex.com\/index.php?rest_route=\/wp\/v2\/product\/502","targetHints":{"allow":["GET"]}}],"collection":[{"href":"https:\/\/ani-mex.com\/index.php?rest_route=\/wp\/v2\/product"}],"about":[{"href":"https:\/\/ani-mex.com\/index.php?rest_route=\/wp\/v2\/types\/product"}],"wp:featuredmedia":[{"embeddable":true,"href":"https:\/\/ani-mex.com\/index.php?rest_route=\/wp\/v2\/media\/503"}],"wp:attachment":[{"href":"https:\/\/ani-mex.com\/index.php?rest_route=%2Fwp%2Fv2%2Fmedia&parent=502"}],"wp:term":[{"taxonomy":"product_brand","embeddable":true,"href":"https:\/\/ani-mex.com\/index.php?rest_route=%2Fwp%2Fv2%2Fproduct_brand&post=502"},{"taxonomy":"product_cat","embeddable":true,"href":"https:\/\/ani-mex.com\/index.php?rest_route=%2Fwp%2Fv2%2Fproduct_cat&post=502"},{"taxonomy":"product_tag","embeddable":true,"href":"https:\/\/ani-mex.com\/index.php?rest_route=%2Fwp%2Fv2%2Fproduct_tag&post=502"}],"curies":[{"name":"wp","href":"https:\/\/api.w.org\/{rel}","templated":true}]}}