{"id":508,"date":"2024-11-20T12:27:09","date_gmt":"2024-11-20T12:27:09","guid":{"rendered":"https:\/\/ani-mex.com\/?post_type=product&#038;p=508"},"modified":"2024-11-20T12:27:10","modified_gmt":"2024-11-20T12:27:10","slug":"sandaly-681-z-metal-podnoskiem-i-niemetal-wkl-ppo","status":"publish","type":"product","link":"https:\/\/ani-mex.com\/?product=sandaly-681-z-metal-podnoskiem-i-niemetal-wkl-ppo","title":{"rendered":"Sanda\u0142y 681 z metal. podnoskiem i niemetal. wk\u0142.  PPO"},"content":{"rendered":"<p>Sanda\u0142y bezpieczne z metalowym podnoskiem i niemetalow\u0105 wk\u0142adk\u0105 antyprzebiciow\u0105 Model 681. PN-EN ISO 20345, S1, P, SRC. Seria PPO Lime Line, PU\/TPU obuwie m\u0119skie z podnoskiem metalowym. Rodzaj obuwie m\u0119skie. Podeszwa PU\/TPU. Podnosek metalowy. Rozmiary 39-47<\/p>\n","protected":false},"excerpt":{"rendered":"<p>Sanda\u0142y bezpieczne z metalowym podnoskiem i niemetalow\u0105 wk\u0142adk\u0105 antyprzebiciow\u0105 Model 681. PN-EN ISO 20345, S1, P, SRC. Seria PPO Lime Line, PU\/TPU obuwie m\u0119skie z podnoskiem metalowym. Rodzaj obuwie m\u0119skie. Podeszwa PU\/TPU. Podnosek metalowy. Rozmiary 39-47<\/p>\n","protected":false},"featured_media":509,"template":"","meta":{"_et_pb_use_builder":"","_et_pb_old_content":"","_et_gb_content_width":""},"product_brand":[],"product_cat":[40,95],"product_tag":[],"class_list":{"0":"post-508","1":"product","2":"type-product","3":"status-publish","4":"has-post-thumbnail","6":"product_cat-ochrona-nog","7":"product_cat-sandaly","9":"first","10":"instock","11":"shipping-taxable","12":"product-type-simple"},"_links":{"self":[{"href":"https:\/\/ani-mex.com\/index.php?rest_route=\/wp\/v2\/product\/508","targetHints":{"allow":["GET"]}}],"collection":[{"href":"https:\/\/ani-mex.com\/index.php?rest_route=\/wp\/v2\/product"}],"about":[{"href":"https:\/\/ani-mex.com\/index.php?rest_route=\/wp\/v2\/types\/product"}],"wp:featuredmedia":[{"embeddable":true,"href":"https:\/\/ani-mex.com\/index.php?rest_route=\/wp\/v2\/media\/509"}],"wp:attachment":[{"href":"https:\/\/ani-mex.com\/index.php?rest_route=%2Fwp%2Fv2%2Fmedia&parent=508"}],"wp:term":[{"taxonomy":"product_brand","embeddable":true,"href":"https:\/\/ani-mex.com\/index.php?rest_route=%2Fwp%2Fv2%2Fproduct_brand&post=508"},{"taxonomy":"product_cat","embeddable":true,"href":"https:\/\/ani-mex.com\/index.php?rest_route=%2Fwp%2Fv2%2Fproduct_cat&post=508"},{"taxonomy":"product_tag","embeddable":true,"href":"https:\/\/ani-mex.com\/index.php?rest_route=%2Fwp%2Fv2%2Fproduct_tag&post=508"}],"curies":[{"name":"wp","href":"https:\/\/api.w.org\/{rel}","templated":true}]}}