{"id":529,"date":"2024-11-21T12:35:14","date_gmt":"2024-11-21T12:35:14","guid":{"rendered":"https:\/\/ani-mex.com\/?post_type=product&#038;p=529"},"modified":"2024-11-21T12:35:15","modified_gmt":"2024-11-21T12:35:15","slug":"polbut-meski-model-q4lg-ppo","status":"publish","type":"product","link":"https:\/\/ani-mex.com\/?product=polbut-meski-model-q4lg-ppo","title":{"rendered":"P\u00f3\u0142but m\u0119ski Model Q4LG PPO"},"content":{"rendered":"<div class=\"present_product_info_text\">\n<h5>Charakterystyka obuwia i jego walory u\u017cytkowe:<\/h5>\n<p>&nbsp;<\/p>\n<ul>\n<li>cholewki wykonane z wysokiej jako\u015bci sk\u00f3r licowych g\u0142adkich o wysokim wsp\u00f3\u0142czynniku przepuszczalno\u015bci pary wodnej i zmniejszonej nasi\u0105kliwo\u015bci wody<\/li>\n<li>podszewka z tkaniny o dzia\u0142aniu termoregulacyjnym skutecznie odprowadzaj\u0105ca pot, daj\u0105c uczucie sucho\u015bci i komfortu<\/li>\n<li>materia\u0142 typu Matrix na czubku cholewki przed\u0142u\u017ca trwa\u0142o\u015b\u0107 obuwia<\/li>\n<li>podeszwa z dwuwarstwowego poliuretanu PU\/PU<\/li>\n<li>u\u017cyty system poliuretanowy zoptymalizowany pod wzgl\u0119dem wytrzyma\u0142o\u015bci na rozci\u0105ganie, spr\u0119\u017cysto\u015bci spodu, odporno\u015bci na \u015bcieranie i hydroliz\u0119<\/li>\n<li>izolacja spodu od zimna<\/li>\n<li>system Shockabsorber w podeszwie doskonale absorbuje i t\u0142umi wstrz\u0105sy powstaj\u0105ce podczas chodzenia ponad dwukrotnie przewy\u017cszaj\u0105c wymagania normy<\/li>\n<li>bardzo dobre w\u0142a\u015bciwo\u015bci przeciwpo\u015blizgowe &#8211; SRC<\/li>\n<li>lekkie, trwa\u0142e i wytrzyma\u0142e, skutecznie \u0142agodzi nier\u00f3wno\u015bci pod\u0142o\u017ca<\/li>\n<li>bardzo odporne na \u015bcieranie, przeci\u0119cia i p\u0119kanie dzi\u0119ki zastosowania zoptymalizowanego systemu poliuretanowego<\/li>\n<li>konstrukcja bie\u017cnika zapewnia odprowadzanie p\u0142ynu na zewn\u0105trz i nie dopuszcza do gromadzenia si\u0119 brudu co korzystnie wp\u0142ywa na przyczepno\u015b\u0107<\/li>\n<li>umo\u017cliwia zachowanie niezmiennego poziomu przyczepno\u015bci zapobiegaj\u0105c zjawisku aquaplaningu i zapewniaj\u0105c kontrol\u0119 na r\u00f3\u017cnych pod\u0142o\u017cach<\/li>\n<li>r\u00f3wnomierne rozprowadzanie si\u0142y nacisku zar\u00f3wno w pracy statycznej jak i dynamicznej<\/li>\n<li>doskonale chroni pi\u0119t\u0119, a specjalnie wyprofilowany obcas dodatkowo chroni nog\u0119 przed skr\u0119ceniem<\/li>\n<li>nieprzemakalne od pod\u0142o\u017ca<\/li>\n<li>z podnoskiem kompozytowym<\/li>\n<li>z niemetalow\u0105 wk\u0142adk\u0105 antyprzebiciow\u0105 chroni\u0105c\u0105 przed przek\u0142uciem od pod\u0142o\u017ca z si\u0142\u0105 do 1100N<\/li>\n<li>amagnetyczne, nie zawieraj\u0105 metali<\/li>\n<li>obuwie chroni przed efektem ESD zgodnie z norm\u0105 PN-EN 61340-5-1:2017-01, posiada w\u0142a\u015bciwo\u015bci rozpraszaj\u0105ce<\/li>\n<li>bardzo dobre w\u0142a\u015bciwo\u015bci higieniczne obuwia<\/li>\n<li>wyposa\u017cone w mi\u0119kk\u0105, wygodn\u0105, przyjazn\u0105 sk\u00f3rze stopy, higroskopijn\u0105 wy\u015bci\u00f3\u0142k\u0119 z filtrem aktywnego w\u0119gla o w\u0142a\u015bciwo\u015bciach przeciwgrzybicznych, przeciwpotnych i antybakteryjnych, co zapewnia stopie neutralny zapach, uczucie sucho\u015bci i przyjemnego ch\u0142odu<\/li>\n<li>certyfikowane przez polsk\u0105 jednostk\u0119<\/li>\n<li>wysokiej jako\u015bci produkt polski<\/li>\n<li>t\u0119go\u015b\u0107 H1\/2<\/li>\n<li>obuwie produkowane jest w numeracji francuskiej w rozmiarach 39-49<\/li>\n<\/ul>\n<\/div>\n","protected":false},"excerpt":{"rendered":"<p>Charakterystyka obuwia i jego walory u\u017cytkowe: &nbsp; cholewki wykonane z wysokiej jako\u015bci sk\u00f3r licowych g\u0142adkich o wysokim wsp\u00f3\u0142czynniku przepuszczalno\u015bci pary wodnej i zmniejszonej nasi\u0105kliwo\u015bci wody podszewka z tkaniny o dzia\u0142aniu termoregulacyjnym skutecznie odprowadzaj\u0105ca pot, daj\u0105c uczucie sucho\u015bci i komfortu materia\u0142 typu Matrix na czubku cholewki przed\u0142u\u017ca trwa\u0142o\u015b\u0107 obuwia podeszwa z dwuwarstwowego poliuretanu PU\/PU u\u017cyty system [&hellip;]<\/p>\n","protected":false},"featured_media":530,"template":"","meta":{"_et_pb_use_builder":"","_et_pb_old_content":"","_et_gb_content_width":""},"product_brand":[],"product_cat":[40,94],"product_tag":[],"class_list":{"0":"post-529","1":"product","2":"type-product","3":"status-publish","4":"has-post-thumbnail","6":"product_cat-ochrona-nog","7":"product_cat-polbuty","9":"first","10":"instock","11":"shipping-taxable","12":"product-type-simple"},"_links":{"self":[{"href":"https:\/\/ani-mex.com\/index.php?rest_route=\/wp\/v2\/product\/529","targetHints":{"allow":["GET"]}}],"collection":[{"href":"https:\/\/ani-mex.com\/index.php?rest_route=\/wp\/v2\/product"}],"about":[{"href":"https:\/\/ani-mex.com\/index.php?rest_route=\/wp\/v2\/types\/product"}],"wp:featuredmedia":[{"embeddable":true,"href":"https:\/\/ani-mex.com\/index.php?rest_route=\/wp\/v2\/media\/530"}],"wp:attachment":[{"href":"https:\/\/ani-mex.com\/index.php?rest_route=%2Fwp%2Fv2%2Fmedia&parent=529"}],"wp:term":[{"taxonomy":"product_brand","embeddable":true,"href":"https:\/\/ani-mex.com\/index.php?rest_route=%2Fwp%2Fv2%2Fproduct_brand&post=529"},{"taxonomy":"product_cat","embeddable":true,"href":"https:\/\/ani-mex.com\/index.php?rest_route=%2Fwp%2Fv2%2Fproduct_cat&post=529"},{"taxonomy":"product_tag","embeddable":true,"href":"https:\/\/ani-mex.com\/index.php?rest_route=%2Fwp%2Fv2%2Fproduct_tag&post=529"}],"curies":[{"name":"wp","href":"https:\/\/api.w.org\/{rel}","templated":true}]}}