{"id":531,"date":"2024-11-21T12:37:54","date_gmt":"2024-11-21T12:37:54","guid":{"rendered":"https:\/\/ani-mex.com\/?post_type=product&#038;p=531"},"modified":"2024-11-21T12:38:31","modified_gmt":"2024-11-21T12:38:31","slug":"polbuty-62n-z-metal-podnoskiem","status":"publish","type":"product","link":"https:\/\/ani-mex.com\/?product=polbuty-62n-z-metal-podnoskiem","title":{"rendered":"P\u00f3\u0142buty 62N z metal. podnoskiem"},"content":{"rendered":"<p>P\u00f3\u0142buty z metalowym podnoskiem 62 N\/ PPO spe\u0142nia normy EN 20345 (\u015brodki ochrony indywidualnej &#8211; obuwie bezpieczne), S1 (obuwie bezpieczne z podnoskiem kompozytowym lub metalowym), SRC (odporno\u015b\u0107 na po\u015blizg na pod\u0142o\u017cu ceramicznym pokrytym roztworem laurylosiarczanu sodu (SLS) i na pod\u0142o\u017cu ze stali pokrytym glicerolem). Kolekcja PPO PU\/TPU series. Bardzo wytrzyma\u0142e, antystatyczne, antypo\u015blizgowe p\u00f3\u0142buty robocze w kolorze czarnym, wyst\u0119puj\u0105 w rozmiarach od 39 do 47. Cholewka wykonana z jako\u015bciowej sk\u00f3r nubukowej i weluru o wysokim wsp\u00f3\u0142czynniku przepuszczalno\u015bci pary wodnej, 15-krotnie wy\u017cszym od wymaga\u0144 normy z wstawkami z oddychaj\u0105cego materia\u0142u. Wewn\u0105trz podszewka z w\u0142\u00f3kniny obuwniczej o du\u017cej przepuszczalno\u015bci pary wodnej oraz odporno\u015bci na \u015bcieranie oraz wyjmowan\u0105 higroskopijn\u0105 wy\u015bci\u00f3\u0142k\u0119, kt\u00f3ra posiada bardzo dobre w\u0142a\u015bciwo\u015bci przeciwpotne. Absorbcja energii w cz\u0119\u015bci pi\u0119towej amortyzuje wstrz\u0105sy, wp\u0142ywa pozytywnie na d\u0142ugotrwa\u0142e lub nadmierne obci\u0105\u017cenie stopy w pozycji statycznej i dynamicznym ruchu. Dla lepszej ochrony palc\u00f3w obuwie zosta\u0142o wyposa\u017cone w podnosek metalowy chroni\u0105cy przed urazami o energii uderzenia do 200J lub naciskiem o sile 15kN. Komfort noszenia zapewnia r\u00f3wnie\u017c ko\u0142nierz i j\u0119zyk mi\u0119kko wyko\u0144czony piank\u0105 eliminuj\u0105c tym samym uczucie ucisku. Stabilna podeszwa z PU\/TPU &#8211; poliuretan termoplastyczny jest uplastycznion\u0105 form\u0105 poliuretanu, dzi\u0119ki czemu \u0142\u0105czy w sobie w\u0142a\u015bciwo\u015bci gumy i poliuretanu sprawiaj\u0105c, \u017ce obuwie nie rysuje powierzchni, ma doskona\u0142e w\u0142a\u015bciwo\u015bci przeciwpo\u015blizgowe, odporna na temperatur\u0119 w kr\u00f3tkotrwa\u0142ym kontakcie do 120\u00b0C oraz odporna na \u015bcieranie i przecinanie zachowuj\u0105c jednocze\u015bnie lekko\u015b\u0107 i elastyczno\u015b\u0107. Bie\u017cnik z poliuretanu termoplastycznego w po\u0142\u0105czeniu z mi\u0119dzy podeszw\u0105 z spienionego poliuretanu tworzy podeszw\u0119 \u0142\u0105cz\u0105c\u0105 w sobie trwa\u0142o\u015b\u0107, funkcjonalno\u015b\u0107 i komfort pracy. Urze\u017abienie czubka podeszwy dodatkowo zabezpiecza przed po\u015blizgiem przy pracach na pochy\u0142ych terenach. Bardzo designerskie p\u00f3\u0142buty w atrakcyjnej kolorystyce, mog\u0105 by\u0107 stosowane w przemy\u015ble ci\u0119\u017ckim i lekkim. Polecane dla budowla\u0144c\u00f3w, drogowc\u00f3w, brukarzy, magazynier\u00f3w, mechanik\u00f3w, produkcji przy ta\u015bmie, spedycji i prac w gospodarstwie domowym.<\/p>\n<p>CECH PRODUKTU<\/p>\n<p>P\u00f3\u0142buty z metalowym podnoskiem 62 N\/ PPO<br \/>\nEN 20345 (\u015brodki ochrony indywidualnej &#8211; obuwie bezpieczne)<br \/>\nS1- obuwie bezpieczne z podnoskiem kompozytowym lub metalowym<br \/>\nSRC (odporno\u015b\u0107 na po\u015blizg na pod\u0142o\u017cu ceramicznym pokrytym roztworem laurylosiarczanu sodu (SLS) i na pod\u0142o\u017cu ze stali pokrytym glicerolem)<br \/>\nKolekcja PPO PU\/TPU series<br \/>\nKolor: czarny<br \/>\nRozmiar: 39 &#8211; 47<br \/>\nCholewka: jako\u015bciowa sk\u00f3ra nubukowa i welur<br \/>\nPodszewka: w\u0142\u00f3kniny obuwniczej<br \/>\nPodnosek: metalowy<br \/>\nPodeszwa: PU\/TPU<br \/>\nWyjmowana higroskopijna wy\u015bci\u00f3\u0142ka<br \/>\nW\u0142a\u015bciwo\u015bci antypo\u015blizgowe, antyelektrostatyczne<br \/>\nOdporne na \u015bcieranie<br \/>\nAbsorbcja energii w cz\u0119\u015bci pi\u0119towej<br \/>\nPerforowana cholewka<br \/>\nKo\u0142nierz i j\u0119zyk wyko\u0144czony mi\u0119kk\u0105 piank\u0105<br \/>\nKonstrukcja podeszwy chroni sk\u00f3r\u0119 obuwia w przedniej cz\u0119\u015bci<br \/>\nUrze\u017abienie czubka podeszwy dodatkowo zabezpiecza przed po\u015blizgiem przy pracach na pochy\u0142ych terenach<br \/>\nOdporne na temperatur\u0119 w kr\u00f3tkotrwa\u0142ym kontakcie do 120\u00b0C<br \/>\nStabilna podeszwa<br \/>\nPodeszwa gi\u0119tka i elastyczna nawet w niskich temperaturach<br \/>\nPodeszwa nie zostawia \u015blad\u00f3w na pod\u0142odze<\/p>\n","protected":false},"excerpt":{"rendered":"<p>P\u00f3\u0142buty z metalowym podnoskiem 62 N\/ PPO spe\u0142nia normy EN 20345 (\u015brodki ochrony indywidualnej &#8211; obuwie bezpieczne), S1 (obuwie bezpieczne z podnoskiem kompozytowym lub metalowym), SRC (odporno\u015b\u0107 na po\u015blizg na pod\u0142o\u017cu ceramicznym pokrytym roztworem laurylosiarczanu sodu (SLS) i na pod\u0142o\u017cu ze stali pokrytym glicerolem).<\/p>\n","protected":false},"featured_media":532,"template":"","meta":{"_et_pb_use_builder":"","_et_pb_old_content":"","_et_gb_content_width":""},"product_brand":[],"product_cat":[40,94],"product_tag":[],"class_list":{"0":"post-531","1":"product","2":"type-product","3":"status-publish","4":"has-post-thumbnail","6":"product_cat-ochrona-nog","7":"product_cat-polbuty","9":"first","10":"instock","11":"shipping-taxable","12":"purchasable","13":"product-type-simple"},"_links":{"self":[{"href":"https:\/\/ani-mex.com\/index.php?rest_route=\/wp\/v2\/product\/531","targetHints":{"allow":["GET"]}}],"collection":[{"href":"https:\/\/ani-mex.com\/index.php?rest_route=\/wp\/v2\/product"}],"about":[{"href":"https:\/\/ani-mex.com\/index.php?rest_route=\/wp\/v2\/types\/product"}],"wp:featuredmedia":[{"embeddable":true,"href":"https:\/\/ani-mex.com\/index.php?rest_route=\/wp\/v2\/media\/532"}],"wp:attachment":[{"href":"https:\/\/ani-mex.com\/index.php?rest_route=%2Fwp%2Fv2%2Fmedia&parent=531"}],"wp:term":[{"taxonomy":"product_brand","embeddable":true,"href":"https:\/\/ani-mex.com\/index.php?rest_route=%2Fwp%2Fv2%2Fproduct_brand&post=531"},{"taxonomy":"product_cat","embeddable":true,"href":"https:\/\/ani-mex.com\/index.php?rest_route=%2Fwp%2Fv2%2Fproduct_cat&post=531"},{"taxonomy":"product_tag","embeddable":true,"href":"https:\/\/ani-mex.com\/index.php?rest_route=%2Fwp%2Fv2%2Fproduct_tag&post=531"}],"curies":[{"name":"wp","href":"https:\/\/api.w.org\/{rel}","templated":true}]}}