{"id":544,"date":"2024-11-22T09:33:19","date_gmt":"2024-11-22T09:33:19","guid":{"rendered":"https:\/\/ani-mex.com\/?post_type=product&#038;p=544"},"modified":"2024-11-22T09:33:19","modified_gmt":"2024-11-22T09:33:19","slug":"trzewiki-72n-z-metal-podnoskiem","status":"publish","type":"product","link":"https:\/\/ani-mex.com\/?product=trzewiki-72n-z-metal-podnoskiem","title":{"rendered":"Trzewiki 72N z metal. podnoskiem"},"content":{"rendered":"<p><strong>Trzewiki bezpieczne z podnoskiem 72N\/ PPO<\/strong> spe\u0142niaj\u0105 normy <strong>EN 20345 (\u015brodki ochrony indywidualnej &#8211; obuwie bezpieczne)<\/strong>,<strong> S1<\/strong> (obuwie bezpieczne z podnoskiem kompozytowym lub metalowym), <strong>SRC<\/strong> (odporno\u015b\u0107 na po\u015blizg na pod\u0142o\u017cu ceramicznym pokrytym roztworem laurylosiarczanu sodu (SLS) i na pod\u0142o\u017cu ze stali pokrytym glicerolem).<strong>Kolekcja PPO PU\/ TPU series<\/strong>. Atrakcyjne trzewiki m\u0119skie wyr\u00f3\u017cniaj\u0105ce si\u0119 trwa\u0142o\u015bci\u0105, komfortem i wygod\u0105 u\u017cytkowania. Antyelektrostatyczne. Kolor: br\u0105zowy. Rozmiar: 39 &#8211; 47. Model z wysok\u0105 cholewk\u0105 zako\u0144czon\u0105 mi\u0119kkim ko\u0142nierzem, posiada wszyty j\u0119zyk chroni\u0105cy przed py\u0142em, dopasowanie za pomoc\u0105 systemu szybkiego sznurowania. <strong>Cholewka wykonana w po\u0142\u0105czeniu sk\u00f3ry nubukowej i weluru<\/strong> o wysokim wsp\u00f3\u0142czynniku przepuszczalno\u015bci pary wodnej, 15-krotnie wy\u017cszym od wymaga\u0144 normy z wstawk\u0105 z oddychaj\u0105cego materia\u0142u. Podszewka z w\u0142\u00f3kniny obuwniczej o du\u017cej przepuszczalno\u015bci pary wodnej oraz odporno\u015bci na \u015bcieranie. Trzewiki wyposa\u017cone w wyjmowan\u0105 higroskopijn\u0105 wy\u015bci\u00f3\u0142k\u0119 z bardzo dobrymi w\u0142a\u015bciwo\u015bciami przeciwpotnymi. Metalowy podnosek skutecznie zabezpiecza przed uderzeniem z si\u0142\u0105 200J lub naciskiem o sile 15kN. <strong>Solidnie skonstruowana dwuwarstwowa podeszwa PU\/ TPU<\/strong> jest odporna na oleje, benzyn\u0119 i inne rozpuszczalniki organiczne, nie rysuje powierzchni, posiada bardzo dobre w\u0142a\u015bciwo\u015bci przeciwpo\u015blizgowe, gi\u0119tka i elastyczna, r\u00f3wnie\u017c w niskich temperaturach, lekka, trwa\u0142a i wytrzyma\u0142a, skutecznie \u0142agodzi nier\u00f3wno\u015bci pod\u0142o\u017ca, bardzo odporna na \u015bcieranie, przeci\u0119cia i p\u0119kanie, zabezpiecza przed pog\u0142\u0119bianiem si\u0119 rys powsta\u0142ych w wyniku mechanicznego uszkodzenia podeszwy, odporna na temperatur\u0119 w kr\u00f3tkotrwa\u0142ym kontakcie do 120\u00b0C, doskonale poch\u0142ania energi\u0105 w cz\u0119\u015bci pi\u0119towej, nieprzemakalna od pod\u0142o\u017ca. Urze\u017abienie czubka podeszwy dodatkowo zabezpiecza przed po\u015blizgiem przy pracach na pochy\u0142ym terenie. Trzewiki spe\u0142niaj\u0105 normy obuwia bezpiecznego. Sprawdz\u0105 si\u0119 w bran\u017cy budowlano &#8211; remontowej, monta\u017cowej, logistyce, na magazynie.<\/p>\n<p><strong>CECHY PRODUKTU<\/strong><\/p>\n<ul>\n<li><strong>Trzewiki bezpieczne z podnoskiem 72N\/ PPO<\/strong><\/li>\n<li>EN 20345 (\u015brodki ochrony indywidualnej &#8211; obuwie bezpieczne)<\/li>\n<li>S1 (obuwie bezpieczne z podnoskiem kompozytowym lub metalowym)<\/li>\n<li>SRC (odporno\u015b\u0107 na po\u015blizg na pod\u0142o\u017cu ceramicznym pokrytym roztworem laurylosiarczanu sodu (SLS) i na pod\u0142o\u017cu ze stali pokrytym glicerolem)<\/li>\n<li>Kolekcja PPO PU\/ TPU series<\/li>\n<li>Obuwie bezpieczne<\/li>\n<li>Antyelektrostatyczne<\/li>\n<li>Kolor: br\u0105zowy<\/li>\n<li>Rozmiar: 39 &#8211; 48<\/li>\n<li>Cholewka: nubuk\/ welur<\/li>\n<li>Podszewka: w\u0142\u00f3knina obuwnicza<\/li>\n<li>Wy\u015bci\u00f3\u0142ka: przeciwpotna<\/li>\n<li>Podnosek metalowy<\/li>\n<li>Podeszwa: PU\/ TPU<\/li>\n<li>Olejoodporno\u015b\u0107<\/li>\n<li>Antypo\u015blizgowo\u015b\u0107<\/li>\n<li>Elastyczno\u015b\u0107 nawet w niskich temperaturach<\/li>\n<li>Trwa\u0142o\u015b\u0107 i wytrzyma\u0142o\u015b\u0107<\/li>\n<li>Odporno\u015b\u0107 na \u015bcieranie, przeci\u0119cia i p\u0119kanie<\/li>\n<li>Odporno\u015b\u0107 na temperatur\u0119 w kr\u00f3tkotrwa\u0142ym kontakcie do 120\u00b0C<\/li>\n<li>Podeszwa nieprzemakalna od pod\u0142o\u017ca<\/li>\n<li>Absorpcja energii w cz\u0119\u015bci pi\u0119towej<\/li>\n<li>Komfort i wygoda noszenia<\/li>\n<\/ul>\n","protected":false},"excerpt":{"rendered":"<p><strong>Trzewiki bezpieczne z podnoskiem 72N\/ PPO<\/strong> spe\u0142niaj\u0105 normy <strong>EN 20345 (\u015brodki ochrony indywidualnej &#8211; obuwie bezpieczne)<\/strong>,<strong> S1<\/strong> (obuwie bezpieczne z podnoskiem kompozytowym lub metalowym), <strong>SRC<\/strong> (odporno\u015b\u0107 na po\u015blizg na pod\u0142o\u017cu ceramicznym pokrytym roztworem laurylosiarczanu sodu (SLS) i na pod\u0142o\u017cu ze stali pokrytym glicerolem)<\/p>\n","protected":false},"featured_media":545,"template":"","meta":{"_et_pb_use_builder":"","_et_pb_old_content":"","_et_gb_content_width":""},"product_brand":[],"product_cat":[40,93],"product_tag":[],"class_list":{"0":"post-544","1":"product","2":"type-product","3":"status-publish","4":"has-post-thumbnail","6":"product_cat-ochrona-nog","7":"product_cat-trzewiki","9":"first","10":"instock","11":"shipping-taxable","12":"purchasable","13":"product-type-simple"},"_links":{"self":[{"href":"https:\/\/ani-mex.com\/index.php?rest_route=\/wp\/v2\/product\/544","targetHints":{"allow":["GET"]}}],"collection":[{"href":"https:\/\/ani-mex.com\/index.php?rest_route=\/wp\/v2\/product"}],"about":[{"href":"https:\/\/ani-mex.com\/index.php?rest_route=\/wp\/v2\/types\/product"}],"wp:featuredmedia":[{"embeddable":true,"href":"https:\/\/ani-mex.com\/index.php?rest_route=\/wp\/v2\/media\/545"}],"wp:attachment":[{"href":"https:\/\/ani-mex.com\/index.php?rest_route=%2Fwp%2Fv2%2Fmedia&parent=544"}],"wp:term":[{"taxonomy":"product_brand","embeddable":true,"href":"https:\/\/ani-mex.com\/index.php?rest_route=%2Fwp%2Fv2%2Fproduct_brand&post=544"},{"taxonomy":"product_cat","embeddable":true,"href":"https:\/\/ani-mex.com\/index.php?rest_route=%2Fwp%2Fv2%2Fproduct_cat&post=544"},{"taxonomy":"product_tag","embeddable":true,"href":"https:\/\/ani-mex.com\/index.php?rest_route=%2Fwp%2Fv2%2Fproduct_tag&post=544"}],"curies":[{"name":"wp","href":"https:\/\/api.w.org\/{rel}","templated":true}]}}