{"id":551,"date":"2024-11-22T10:08:15","date_gmt":"2024-11-22T10:08:15","guid":{"rendered":"https:\/\/ani-mex.com\/?post_type=product&#038;p=551"},"modified":"2024-11-22T10:08:15","modified_gmt":"2024-11-22T10:08:15","slug":"trzewiki-707-z-podnoskiem-kompozyt-i-niemetal-wkl-ppo","status":"publish","type":"product","link":"https:\/\/ani-mex.com\/?product=trzewiki-707-z-podnoskiem-kompozyt-i-niemetal-wkl-ppo","title":{"rendered":"Trzewiki 707 z podnoskiem kompozyt. i niemetal. wk\u0142. PPO"},"content":{"rendered":"<p><strong>Trzewiki bezpieczne z podnoskiem i wk\u0142adk\u0105 antyprzebiciow\u0105 707\/ PPO<\/strong> spe\u0142niaja normy <strong>EN 20345 (\u015brodki ochrony indywidualnej &#8211; obuwie bezpieczne), S3<\/strong> (ograniczona przepuszczalno\u015b\u0107 wody, odporno\u015b\u0107 na przebicie, rze\u017abiona podeszwa), <strong>HI <\/strong>(izolacja spodu od ciep\u0142a),<strong> CI<\/strong> (izolacja spodu od zimna), <strong>SRC<\/strong> (odporno\u015b\u0107 na po\u015blizg na pod\u0142o\u017cu ceramicznym pokrytym roztworem laurylosiarczanu sodu (SLS) i na pod\u0142o\u017cu ze stali pokrytym glicerolem).<strong> Kolekcja PPO COMPOSITE<\/strong>. M\u0119skie trzewiki robocze do trudnych warunk\u00f3w pracy. Obuwie antyelektrostatyczne. Bez metalu. Kolor: czarny. Rozmiar: 39 &#8211; 48. Model z wysoka cholewk\u0105 zako\u0144czon\u0105 mi\u0119kkim ko\u0142nierzem wype\u0142nionym piank\u0105, elementami odblaskowymi, wszytym j\u0119zykiem miechowym, dopasowaniem za pomoc\u0105 \u015bci\u0105gania sznur\u00f3wkami. <strong>Cholewka wykonana ze sk\u00f3ry licowej t\u0142oczonej<\/strong> o zmniejszonej nasi\u0105kliwo\u015bci wody i wysokim wsp\u00f3\u0142czynniku przepuszczalno\u015bci pary wodnej. Podszewka z materia\u0142u Super Royal\u00ae daj\u0105cego uczucie sucho\u015bci i komfortu. Dobre w\u0142a\u015bciwo\u015bci higieniczne obuwia. Wy\u015bci\u00f3\u0142ka Comfort\u00ae o wysokiej higroskopijno\u015bci i w\u0142a\u015bciwo\u015bciach higienicznych. Obuwie posiada perforowany podnosek kompozytowy AirTec\u00ae chroni\u0105cy przed uderzeniami z energi\u0105 do 200J oraz niemetalow\u0105 wk\u0142adk\u0119 antyprzebiciow\u0105 z materia\u0142u chroni\u0105cego przed przek\u0142uciem od pod\u0142o\u017ca z si\u0142\u0105 do 1100N. <strong>Dwuwarstwowa podeszwa z PU\/ TPU<\/strong> z systemem Shockabsorber jest olejoodporna, odporna na temperatur\u0119 w kr\u00f3tkotrwa\u0142ym kontakcie do 120\u00b0C, nie rysuje powierzchni, antypo\u015blizgowa, elastyczna nawet w niskich temperaturach, trwa\u0142a i wytrzyma\u0142a, odporna na \u015bcieranie, przeci\u0119cia i p\u0119kanie, poch\u0142ania energi\u0119 w cz\u0119\u015bci pi\u0119towej. Trzewiki sprawdz\u0105 si\u0119 w trudnym \u015brodowisku pracy. Dla u\u017cytkownik\u00f3w ceni\u0105cych komfort i bezpiecze\u0144stwo.<\/p>\n<p><strong>CECHY PRODUKTU<\/strong><\/p>\n<ul>\n<li><strong>Trzewiki bezpieczne z podnoskiem i wk\u0142adk\u0105 antyprzebiciow\u0105 707\/ PPO<\/strong><\/li>\n<li>EN 20345 (\u015brodki ochrony indywidualnej &#8211; obuwie bezpieczne)<\/li>\n<li>S3 (ograniczona przepuszczalno\u015b\u0107 wody, odporno\u015b\u0107 na przebicie, rze\u017abiona podeszwa)<\/li>\n<li>HI (izolacja spodu od ciep\u0142a)<\/li>\n<li>CI (izolacja spodu od zimna)<\/li>\n<li>SRC (odporno\u015b\u0107 na po\u015blizg na pod\u0142o\u017cu ceramicznym pokrytym roztworem laurylosiarczanu sodu (SLS) i na pod\u0142o\u017cu ze stali pokrytym glicerolem)<\/li>\n<li>Kolekcja PPO COMPOSITE<\/li>\n<li>Obuwie bezpieczne<\/li>\n<li>Obuwie antyelektrostatyczne<\/li>\n<li>Bez metalu<\/li>\n<li>Kolor: czarny<\/li>\n<li>Rozmiar: 39 &#8211; 48<\/li>\n<li>Cholewka: sk\u00f3ra licowa t\u0142oczona<\/li>\n<li>Podszewka: Super Royal\u00ae<\/li>\n<li>Wy\u015bci\u00f3\u0142ka: Comfort\u00ae<\/li>\n<li>Podeszwa: PU\/ TPU z systemem Shockabsorber<\/li>\n<li>Olejoodporno\u015b\u0107<\/li>\n<li>Antypo\u015blizgowo\u015b\u0107<\/li>\n<li>Odporno\u015b\u0107 na temperatur\u0119 w kr\u00f3tkotrwa\u0142ym kontakcie do 120\u00b0C<\/li>\n<li>Nie rysuje powierzchni<\/li>\n<li>Elastyczno\u015b\u0107 nawet w niskich temperaturach<\/li>\n<li>Trwa\u0142o\u015b\u0107 i wytrzyma\u0142o\u015b\u0107<\/li>\n<li>Odporno\u015b\u0107 na \u015bcieranie, przeci\u0119cia i p\u0119kanie<\/li>\n<li>Absorpcja energii w cz\u0119\u015bci pi\u0119towej<\/li>\n<li>Komfort i wygoda u\u017cytkowania<\/li>\n<\/ul>\n","protected":false},"excerpt":{"rendered":"<p>Trzewiki bezpieczne z podnoskiem i wk\u0142adk\u0105 antyprzebiciow\u0105 707\/ PPO spe\u0142niaja normy EN 20345 (\u015brodki ochrony indywidualnej &#8211; obuwie bezpieczne), S3 (ograniczona przepuszczalno\u015b\u0107 wody, odporno\u015b\u0107 na przebicie, rze\u017abiona podeszwa), HI (izolacja spodu od ciep\u0142a), CI (izolacja spodu od zimna), SRC (odporno\u015b\u0107 na po\u015blizg na pod\u0142o\u017cu ceramicznym pokrytym roztworem laurylosiarczanu sodu (SLS) i na pod\u0142o\u017cu ze stali [&hellip;]<\/p>\n","protected":false},"featured_media":553,"template":"","meta":{"_et_pb_use_builder":"","_et_pb_old_content":"","_et_gb_content_width":""},"product_brand":[],"product_cat":[40,93],"product_tag":[],"class_list":{"0":"post-551","1":"product","2":"type-product","3":"status-publish","4":"has-post-thumbnail","6":"product_cat-ochrona-nog","7":"product_cat-trzewiki","9":"first","10":"instock","11":"shipping-taxable","12":"purchasable","13":"product-type-simple"},"_links":{"self":[{"href":"https:\/\/ani-mex.com\/index.php?rest_route=\/wp\/v2\/product\/551","targetHints":{"allow":["GET"]}}],"collection":[{"href":"https:\/\/ani-mex.com\/index.php?rest_route=\/wp\/v2\/product"}],"about":[{"href":"https:\/\/ani-mex.com\/index.php?rest_route=\/wp\/v2\/types\/product"}],"wp:featuredmedia":[{"embeddable":true,"href":"https:\/\/ani-mex.com\/index.php?rest_route=\/wp\/v2\/media\/553"}],"wp:attachment":[{"href":"https:\/\/ani-mex.com\/index.php?rest_route=%2Fwp%2Fv2%2Fmedia&parent=551"}],"wp:term":[{"taxonomy":"product_brand","embeddable":true,"href":"https:\/\/ani-mex.com\/index.php?rest_route=%2Fwp%2Fv2%2Fproduct_brand&post=551"},{"taxonomy":"product_cat","embeddable":true,"href":"https:\/\/ani-mex.com\/index.php?rest_route=%2Fwp%2Fv2%2Fproduct_cat&post=551"},{"taxonomy":"product_tag","embeddable":true,"href":"https:\/\/ani-mex.com\/index.php?rest_route=%2Fwp%2Fv2%2Fproduct_tag&post=551"}],"curies":[{"name":"wp","href":"https:\/\/api.w.org\/{rel}","templated":true}]}}