{"id":572,"date":"2024-11-22T10:46:15","date_gmt":"2024-11-22T10:46:15","guid":{"rendered":"https:\/\/ani-mex.com\/?post_type=product&#038;p=572"},"modified":"2024-11-22T10:46:15","modified_gmt":"2024-11-22T10:46:15","slug":"trzewiki-0373-z-wkl-antyprzeb-ppo","status":"publish","type":"product","link":"https:\/\/ani-mex.com\/?product=trzewiki-0373-z-wkl-antyprzeb-ppo","title":{"rendered":"Trzewiki 0373 z wk\u0142. antyprzeb. PPO"},"content":{"rendered":"<p><strong>Trzewiki bezpieczne z podnoskiem i wk\u0142adk\u0105 antyprzebiciow\u0105 0373\/ PPO<\/strong> spe\u0142niaj\u0105 normy <strong>EN 20345 (\u015brodki ochrony indywidualnej &#8211; obuwie bezpieczne)<\/strong>, <strong>S3 <\/strong>(podnosek odporny na uderzenia z si\u0142\u0105 200J, zabudowana pi\u0119ta, w\u0142a\u015bciwo\u015bci antyelektrostatyczne, absorpcja energii w cz\u0119\u015bci pi\u0119towej, odporno\u015b\u0107 na przebicie z si\u0142\u0105 1100N oraz urze\u017abienie podeszwy, nieprzepuszczalno\u015b\u0107 wody), <strong>HRO<\/strong> (odporno\u015b\u0107 spod\u00f3w na kontakt z gor\u0105cym pod\u0142o\u017cem, 300\u00b0C przez 1 minut\u0119), <strong>SRC<\/strong> (podeszwa zewn\u0119trzna odporna na po\u015blizg na pod\u0142odze ceramicznej lub stalowej z rozcie\u0144czonym roztworem myd\u0142a lub gliceryn\u0105). <strong>Kolekcja PPO PU\/ Guma series<\/strong>. Wygodne trzewiki robocze do trudnych warunk\u00f3w pracy. Obuwie antyelektrostatyczne. Kolor: czarny. Rozmiar: 39 &#8211; 48. Model z wysok\u0105 cholewk\u0105 za kostk\u0119, zako\u0144czon\u0105 ko\u0142nierzem ochronnym, wype\u0142nionym piank\u0105 lateksow\u0105, p\u00f3\u0142miechowym j\u0119zykiem sk\u00f3rzanym, dopasowaniem za pomoc\u0105 \u015bci\u0105gania sznur\u00f3wkami. <strong>Cholewka wykonana ze sk\u00f3ry licowej t\u0142oczonej<\/strong> o zmniejszonej nasi\u0105kliwo\u015bci wody. Podszewka przyszwy: tkanina Ibiline, podszewka ob\u0142o\u017cyny: materia\u0142 Super Royal\u00ae o du\u017cej przepuszczalno\u015bci pary wodnej. Trzewiki posiadaj\u0105 wyjmowan\u0105 wy\u015bci\u00f3\u0142k\u0119 o wysokiej higroskopijno\u015bci. Dla pe\u0142nego bezpiecze\u0144stwa obuwie wyposa\u017cono w metalowy podnosek odporny na uderzenia z si\u0142\u0105 200J oraz metalow\u0105 wk\u0142adk\u0119 antyprzebiciow\u0105 chroni\u0105c\u0105 przed przek\u0142uciem od pod\u0142o\u017ca z si\u0142\u0105 do 1100N.<strong> Trzewiki posiadaj\u0105 dwuwarstwow\u0105 podeszw\u0119 PU\/Guma<\/strong>, nieprzemakaln\u0105 od pod\u0142o\u017ca, odporn\u0105 na oleje, benzyn\u0119, inne rozpuszczalniki organiczne, odporno\u015bci\u0105 na \u015bcieranie i przecinanie, rozcie\u0144czone roztwory kwas\u00f3w i zasad (30% H2SO4 i 20% NaOH) oraz temperatur\u0119 w kr\u00f3tkotrwa\u0142ym kontakcie do 300\u00b0C. Warstwa wewn\u0119trzna to spieniony poliuretan sprawiaj\u0105cy, \u017ce obuwie jest lekkie, elastyczne i skutecznie \u0142agodzi nier\u00f3wno\u015bci pod\u0142o\u017ca. Podeszwa skutecznie chroni przed po\u015blizgiem na pod\u0142o\u017cu stalowym i ceramicznym. Poch\u0142ania energi\u0119 w cz\u0119\u015bci pi\u0119towej, niweluje wstrz\u0105sy podczas chodzenia. Specjalnie wyprofilowany obcas dodatkowo chroni nog\u0119 przed skr\u0119ceniem. Trzewiki cechuje trwa\u0142o\u015b\u0107 i wytrzyma\u0142o\u015b\u0107, sprawdz\u0105 si\u0119 w ci\u0119\u017ckich warunkach pracy. Polecane dla bran\u017cy budowlano &#8211; remontowej, monta\u017cowej, na magazynie, w warsztacie.<\/p>\n<p><strong>CECHY PRODUKTU<\/strong><\/p>\n<ul>\n<li><strong>Trzewiki bezpieczne z podnoskiem i wk\u0142adk\u0105 antyprzebiciow\u0105 0373\/ PPO<\/strong><\/li>\n<li>EN 20345 (\u015brodki ochrony indywidualnej &#8211; obuwie bezpieczne)<\/li>\n<li>S3 (podnosek odporny na uderzenia z si\u0142\u0105 200J, zabudowana pi\u0119ta, w\u0142a\u015bciwo\u015bci antyelektrostatyczne, absorpcja energii w cz\u0119\u015bci pi\u0119towej, odporno\u015b\u0107 na przebicie z si\u0142\u0105 1100N oraz urze\u017abienie podeszwy, nieprzepuszczalno\u015b\u0107 wody)<\/li>\n<li>HRO (odporno\u015b\u0107 spod\u00f3w na kontakt z gor\u0105cym pod\u0142o\u017cem, 300\u00b0C przez 1 minut\u0119)<\/li>\n<li>SRC (podeszwa zewn\u0119trzna odporna na po\u015blizg na pod\u0142odze ceramicznej lub stalowej z rozcie\u0144czonym roztworem myd\u0142a lub gliceryn\u0105)<\/li>\n<li>Kolekcja PPO PU\/ Guma series<\/li>\n<li>Obuwie bezpieczne<\/li>\n<li>Kolor: czarny<\/li>\n<li>Rozmiar: 39 &#8211; 48<\/li>\n<li>Cholewka: sk\u00f3ra licowa t\u0142oczona<\/li>\n<li>Podszewka przyszwy: tkanina Ibiline<\/li>\n<li>Podszewka ob\u0142o\u017cyny: materia\u0142 Super Royal\u00ae o du\u017cej przepuszczalno\u015bci pary wodnej<\/li>\n<li>Wy\u015bci\u00f3\u0142ka: higroskopijna<\/li>\n<li>Podnosek metalowy<\/li>\n<li>Metalowa wk\u0142adka antyprzebiciowa<\/li>\n<li>Podeszwa: PU\/Guma<\/li>\n<li>Olejoodporno\u015b\u0107<\/li>\n<li>Antypo\u015blizgowo\u015b\u0107<\/li>\n<li>Absorpcja energii w cz\u0119\u015bci pi\u0119towej<\/li>\n<li>Lekko\u015b\u0107, elastyczno\u015b\u0107<\/li>\n<li>Stabilno\u015b\u0107 podczas chodzenia<\/li>\n<li>Trwa\u0142o\u015b\u0107 i wytrzyma\u0142o\u015b\u0107<\/li>\n<li>Komfort i wygoda noszenia<\/li>\n<\/ul>\n","protected":false},"excerpt":{"rendered":"<p><strong>Trzewiki bezpieczne z podnoskiem i wk\u0142adk\u0105 antyprzebiciow\u0105 0373\/ PPO<\/strong> spe\u0142niaj\u0105 normy <strong>EN 20345 (\u015brodki ochrony indywidualnej &#8211; obuwie bezpieczne)<\/strong>, <strong>S3 <\/strong>(podnosek odporny na uderzenia z si\u0142\u0105 200J, zabudowana pi\u0119ta, w\u0142a\u015bciwo\u015bci antyelektrostatyczne, absorpcja energii w cz\u0119\u015bci pi\u0119towej, odporno\u015b\u0107 na przebicie z si\u0142\u0105 1100N oraz urze\u017abienie podeszwy, nieprzepuszczalno\u015b\u0107 wody), <strong>HRO<\/strong> (odporno\u015b\u0107 spod\u00f3w na kontakt z gor\u0105cym pod\u0142o\u017cem, 300\u00b0C przez 1 minut\u0119), <strong>SRC<\/strong> (podeszwa zewn\u0119trzna odporna na po\u015blizg na pod\u0142odze ceramicznej lub stalowej z rozcie\u0144czonym roztworem myd\u0142a lub gliceryn\u0105). <strong>Kolekcja PPO PU\/ Guma series<\/strong><\/p>\n","protected":false},"featured_media":573,"template":"","meta":{"_et_pb_use_builder":"","_et_pb_old_content":"","_et_gb_content_width":""},"product_brand":[],"product_cat":[40,93],"product_tag":[],"class_list":{"0":"post-572","1":"product","2":"type-product","3":"status-publish","4":"has-post-thumbnail","6":"product_cat-ochrona-nog","7":"product_cat-trzewiki","9":"first","10":"instock","11":"shipping-taxable","12":"purchasable","13":"product-type-simple"},"_links":{"self":[{"href":"https:\/\/ani-mex.com\/index.php?rest_route=\/wp\/v2\/product\/572","targetHints":{"allow":["GET"]}}],"collection":[{"href":"https:\/\/ani-mex.com\/index.php?rest_route=\/wp\/v2\/product"}],"about":[{"href":"https:\/\/ani-mex.com\/index.php?rest_route=\/wp\/v2\/types\/product"}],"wp:featuredmedia":[{"embeddable":true,"href":"https:\/\/ani-mex.com\/index.php?rest_route=\/wp\/v2\/media\/573"}],"wp:attachment":[{"href":"https:\/\/ani-mex.com\/index.php?rest_route=%2Fwp%2Fv2%2Fmedia&parent=572"}],"wp:term":[{"taxonomy":"product_brand","embeddable":true,"href":"https:\/\/ani-mex.com\/index.php?rest_route=%2Fwp%2Fv2%2Fproduct_brand&post=572"},{"taxonomy":"product_cat","embeddable":true,"href":"https:\/\/ani-mex.com\/index.php?rest_route=%2Fwp%2Fv2%2Fproduct_cat&post=572"},{"taxonomy":"product_tag","embeddable":true,"href":"https:\/\/ani-mex.com\/index.php?rest_route=%2Fwp%2Fv2%2Fproduct_tag&post=572"}],"curies":[{"name":"wp","href":"https:\/\/api.w.org\/{rel}","templated":true}]}}