{"id":577,"date":"2024-11-22T10:51:03","date_gmt":"2024-11-22T10:51:03","guid":{"rendered":"https:\/\/ani-mex.com\/?post_type=product&#038;p=577"},"modified":"2024-11-22T10:51:03","modified_gmt":"2024-11-22T10:51:03","slug":"trzewiki-363-z-wkl-antyprzeb-ppo","status":"publish","type":"product","link":"https:\/\/ani-mex.com\/?product=trzewiki-363-z-wkl-antyprzeb-ppo","title":{"rendered":"Trzewiki 363 z wk\u0142. antyprzeb. PPO"},"content":{"rendered":"<p><strong>Trzewiki z wk\u0142adk\u0105 antyprzebiciow\u0105 363\/PPO <\/strong>spe\u0142nia normy<strong> EN 20345 (\u015brodki ochrony indywidualnej &#8211; obuwie bezpieczne), S3<\/strong> (podnosek odporny na uderzenia z si\u0142\u0105 200J, zabudowana pi\u0119ta, w\u0142a\u015bciwo\u015bci antyelektrostatyczne, absorpcja energii w cz\u0119\u015bci pi\u0119towej, odporno\u015b\u0107 na przebicie z si\u0142\u0105 1100N oraz urze\u017abienie podeszwy, nieprzepuszczalno\u015b\u0107 wody),<strong> SRC<\/strong> (obuwie bezpieczne &#8211; w\u0142a\u015bciwo\u015bci antystatyczne, zamkni\u0119ta pi\u0119ta, podnosek, absorbcja energii w cz\u0119\u015bci pi\u0119towej, odporno\u015b\u0107 na oleje, wierzch wodoodporny). <strong>Kolekcja PPO for safety. <\/strong>Bardzo wygodne, lekkie, elastyczne trzewiki robocze przeznaczone do trudnych warunk\u00f3w pracy. Kolor: czarny z kontrastowymi szwami. Rozmiar: 39 &#8211; 48. Model z wysok\u0105 cholewk\u0105, wyko\u0144czon\u0105 mi\u0119kkim ko\u0142nierzem ochronnym wype\u0142nionym piank\u0105 lateksow\u0105, dopasowane za pomoc\u0105 \u015bci\u0105gania sznur\u00f3wkami, posiadaj\u0105 p\u00f3\u0142miechowy sk\u00f3rzany j\u0119zyk mi\u0119kko wyko\u0144czony piank\u0105. <strong>Cholewka wykonana ze sk\u00f3ry licowej t\u0142oczonej o zmniejszonej nasi\u0105kliwo\u015bci wody. <\/strong>Wewn\u0105trz podszewka przyszwy \u2013 w\u0142\u00f3knina Ibiline, podszewka ob\u0142o\u017cyny z naturalnych sk\u00f3r o du\u017cej przepuszczalno\u015bci pary wodnej, skutecznie odprowadzaj\u0105ce wilgo\u0107. Wyposa\u017cone w wyjmowan\u0105 wy\u015bci\u00f3\u0142k\u0119 Comfort\u00ae o wysokiej higroskopijno\u015bci. Wyposa\u017cone w wewn\u0119trzny, dopasowany do naturalnego kszta\u0142tu stopy, podnosek metalowy, chroni\u0105cy stop\u0119 przed uderzeniem z energi\u0105 200 J. Uskok podnoska wewn\u0105trz obuwia skutecznie \u0142agodzi pianka poliuretanowa, dzi\u0119ki czemu podnosek jest prawie niewyczuwalny. Trzewiki posiadaj\u0105 r\u00f3wnie\u017c wk\u0142adk\u0119 antyprzebiciow\u0105 chroni\u0105c\u0105 przed przek\u0142uciem od pod\u0142o\u017ca z si\u0142\u0105 do 1100N. <strong>Stabilna podeszwa z dwuwarstwowego poliuretanu<\/strong> odpornego na oleje, smary, benzyn\u0119 i inne rozpuszczalniki organiczne (na styku z pod\u0142o\u017cem chroni\u0105ca przed po\u015blizgiem warstwa litego poliuretanu, charakteryzuj\u0105cego si\u0119 du\u017c\u0105 odporno\u015bci\u0105 na \u015bcieranie, p\u0119kanie i przecinanie; warstwa wewn\u0119trzna poliuretanu spienionego, sprawia natomiast, \u017ce obuwie jest elastyczne i skutecznie \u0142agodzi nier\u00f3wno\u015bci pod\u0142o\u017ca). Konstrukcja podeszwy, samoczyszcz\u0105cy bie\u017cnik gwarantuje jej wysok\u0105 stabilno\u015b\u0107 a specjalnie wyprofilowany obcas dodatkowo chroni nog\u0119 przed skr\u0119ceniem. Poch\u0142ania energi\u0119 w cz\u0119\u015bci pi\u0119towej. Podeszwa odporna na temperatur\u0119 w kr\u00f3tkotrwa\u0142ym kontakcie do 180\u00b0C. Obuwie nieprzemakalne od pod\u0142o\u017ca, trwa\u0142e i wytrzyma\u0142e. Polecane dla bran\u017cy budowlano &#8211; remontowej, na magazyn, hale produkcyjne dla drogowc\u00f3w, brukarzy i pracy w gospodarstwie.<\/p>\n<p><strong>CECHY PRODUKTU<\/strong><\/p>\n<ul>\n<li><strong>Trzewiki z wk\u0142adk\u0105 antyprzebiciow\u0105 363\/PPO<\/strong><\/li>\n<li>EN 20345 (\u015brodki ochrony indywidualnej &#8211; obuwie bezpieczne)<\/li>\n<li>S3 (podnosek odporny na uderzenia z si\u0142\u0105 200J, zabudowana pi\u0119ta, w\u0142a\u015bciwo\u015bci antyelektrostatyczne, absorpcja energii w cz\u0119\u015bci pi\u0119towej, odporno\u015b\u0107 na przebicie z si\u0142\u0105 1100N oraz urze\u017abienie podeszwy, nieprzepuszczalno\u015b\u0107 wody)<\/li>\n<li>SRC (obuwie bezpieczne &#8211; w\u0142a\u015bciwo\u015bci antystatyczne, zamkni\u0119ta pi\u0119ta, podnosek, absorbcja energii w cz\u0119\u015bci pi\u0119towej, odporno\u015b\u0107 na oleje, wierzch wodoodporny)<\/li>\n<li>Kolekcja PPO for safety<\/li>\n<li>Kolor: czarny z kontrastowymi szwami<\/li>\n<li>Rozmiar: 39 &#8211; 48<\/li>\n<li>Cholewka: sk\u00f3ra licowa t\u0142oczona<\/li>\n<li>Podszewka przyszwy: tkanina Ibiline<\/li>\n<li>Podszewka ob\u0142o\u017cyny: materia\u0142 Super Royal\u00ae<\/li>\n<li>Wy\u015bci\u00f3\u0142ka Comfort\u00ae<\/li>\n<li>Podnosek: metalowy<\/li>\n<li>Wk\u0142adka antyprzebiciowa<\/li>\n<li>Podeszwa: PU\/PU<\/li>\n<li>P\u00f3\u0142miechowy j\u0119zyk, mi\u0119kki ko\u0142nierz<\/li>\n<li>Samoczyszcz\u0105cy bie\u017cnik, wyprofilowany obcas<\/li>\n<li>Antyelektrostatyczne<\/li>\n<li>Olejoodporno\u015b\u0107<\/li>\n<li>Antypo\u015blizgowo\u015b\u0107<\/li>\n<li>Odporne na temperatur\u0119 w kr\u00f3tkotrwa\u0142ym kontakcie do 180\u00b0C<\/li>\n<li>Absorbcja energii w cz\u0119\u015bci pi\u0119towej<\/li>\n<li>Obuwie nieprzemakalne od pod\u0142o\u017ca<\/li>\n<li>Komfort i wygoda u\u017cytkowania<\/li>\n<\/ul>\n","protected":false},"excerpt":{"rendered":"<p><strong>Trzewiki z wk\u0142adk\u0105 antyprzebiciow\u0105 363\/PPO <\/strong>spe\u0142nia normy<strong> EN 20345 (\u015brodki ochrony indywidualnej &#8211; obuwie bezpieczne), S3<\/strong> (podnosek odporny na uderzenia z si\u0142\u0105 200J, zabudowana pi\u0119ta, w\u0142a\u015bciwo\u015bci antyelektrostatyczne, absorpcja energii w cz\u0119\u015bci pi\u0119towej, odporno\u015b\u0107 na przebicie z si\u0142\u0105 1100N oraz urze\u017abienie podeszwy, nieprzepuszczalno\u015b\u0107 wody),<strong> SRC<\/strong> (obuwie bezpieczne &#8211; w\u0142a\u015bciwo\u015bci antystatyczne, zamkni\u0119ta pi\u0119ta, podnosek, absorbcja energii w cz\u0119\u015bci pi\u0119towej, odporno\u015b\u0107 na oleje, wierzch wodoodporny)<\/p>\n","protected":false},"featured_media":578,"template":"","meta":{"_et_pb_use_builder":"","_et_pb_old_content":"","_et_gb_content_width":""},"product_brand":[],"product_cat":[40,93],"product_tag":[],"class_list":{"0":"post-577","1":"product","2":"type-product","3":"status-publish","4":"has-post-thumbnail","6":"product_cat-ochrona-nog","7":"product_cat-trzewiki","9":"first","10":"instock","11":"shipping-taxable","12":"purchasable","13":"product-type-simple"},"_links":{"self":[{"href":"https:\/\/ani-mex.com\/index.php?rest_route=\/wp\/v2\/product\/577","targetHints":{"allow":["GET"]}}],"collection":[{"href":"https:\/\/ani-mex.com\/index.php?rest_route=\/wp\/v2\/product"}],"about":[{"href":"https:\/\/ani-mex.com\/index.php?rest_route=\/wp\/v2\/types\/product"}],"wp:featuredmedia":[{"embeddable":true,"href":"https:\/\/ani-mex.com\/index.php?rest_route=\/wp\/v2\/media\/578"}],"wp:attachment":[{"href":"https:\/\/ani-mex.com\/index.php?rest_route=%2Fwp%2Fv2%2Fmedia&parent=577"}],"wp:term":[{"taxonomy":"product_brand","embeddable":true,"href":"https:\/\/ani-mex.com\/index.php?rest_route=%2Fwp%2Fv2%2Fproduct_brand&post=577"},{"taxonomy":"product_cat","embeddable":true,"href":"https:\/\/ani-mex.com\/index.php?rest_route=%2Fwp%2Fv2%2Fproduct_cat&post=577"},{"taxonomy":"product_tag","embeddable":true,"href":"https:\/\/ani-mex.com\/index.php?rest_route=%2Fwp%2Fv2%2Fproduct_tag&post=577"}],"curies":[{"name":"wp","href":"https:\/\/api.w.org\/{rel}","templated":true}]}}