{"id":580,"date":"2024-11-22T10:58:37","date_gmt":"2024-11-22T10:58:37","guid":{"rendered":"https:\/\/ani-mex.com\/?post_type=product&#038;p=580"},"modified":"2024-11-22T10:58:37","modified_gmt":"2024-11-22T10:58:37","slug":"trzewiki-306-z-metal-podnoskiem-ppo","status":"publish","type":"product","link":"https:\/\/ani-mex.com\/?product=trzewiki-306-z-metal-podnoskiem-ppo","title":{"rendered":"Trzewiki 306 z metal. podnoskiem PPO"},"content":{"rendered":"<p><strong>Trzewiki z metalowym podnoskiem 306\/ PPO <\/strong>spe\u0142niaj\u0105 normy <strong>EN 20345 (\u015brodki ochrony indywidualnej &#8211; obuwie bezpieczne), S1<\/strong> (obuwie bezpieczne z podnoskiem kompozytowym lub metalowym), <strong>SRC<\/strong> (odporno\u015b\u0107 na po\u015blizg na pod\u0142o\u017cu ceramicznym pokrytym roztworem laurylosiarczanu sodu (SLS) i na pod\u0142o\u017cu ze stali pokrytym glicerolem). <strong>Kolekcja PPO for safety. <\/strong>Wysokie trzewiki do u\u017cytku zawodowego, wytrzyma\u0142e i komfortowe w noszeniu. Obuwie antyelektrostatyczne. Bez podnoska. Kolor: czarny. Rozmiar: 36 &#8211; 48. Model z wysok\u0105 cholewk\u0105 za kostk\u0119, ko\u0142nierzem ochronnym wype\u0142nionym piank\u0105 lateksow\u0105, p\u00f3\u0142miechowy j\u0119zyk sk\u00f3rzany, dopasowaniem za pomoc\u0105 \u015bci\u0105gania sznur\u00f3wkami. <strong>Cholewka wykonane ze<\/strong> sk\u00f3r licowych t\u0142oczonych z wstawk\u0105 z \u201eoddychaj\u0105cego\u201d materia\u0142u Cordura\u00ae produkowanego na licencji firmy DuPont. Materia\u0142 ten posiada bardzo dobre w\u0142a\u015bciwo\u015bci higieniczne, jest trwa\u0142y i odporny na rozdzieranie. Stanowi membran\u0119 termoaktywn\u0105 zapewniaj\u0105c\u0105 wodo- i wiatroszczelno\u015b\u0107 przy jednoczesnym odprowadzaniu potu na zewn\u0105trz. Wewn\u0105trz podszewka przyszwy z tkaniny Ibiline, podszewka ob\u0142o\u017cyny z materia\u0142u Super Royal\u00ae o du\u017cej przepuszczalno\u015bci pary wodnej, skutecznie odprowadzaj\u0105ca wilgo\u0107. Wyjmowana wy\u015bci\u00f3\u0142ka o wysokiej higroskopijno\u015bci. Metalowy podnosek chroni przed uderzeniami z energi\u0105 do 200J. <strong>Dynamiczna podeszwa z dwuwarstwowego poliuretanu PU\/PU<\/strong>. Warstwa zewn\u0119trzna (na styku z pod\u0142o\u017cem) to lity poliuretan odporny na \u015bcieranie, przecinanie i p\u0119kanie. Warstwa wewn\u0119trzna to spieniony poliuretan sprawiaj\u0105cy, \u017ce obuwie jest lekkie, elastyczne i skutecznie \u0142agodzi nier\u00f3wno\u015bci pod\u0142o\u017ca. Doskona\u0142a ochrona przed po\u015blizgiem, podeszwa odporna na oleje, benzyn\u0119, inne rozpuszczalniki organiczne oraz temperatur\u0119 w kr\u00f3tkotrwa\u0142ym kontakcie do 180\u00b0C. Samoczyszcz\u0105cy bie\u017cnik. Absorbcja energii w cz\u0119\u015bci pi\u0119towej. Konstrukcja trzewika chroni pi\u0119t\u0119, a specjalnie wyprofilowany obcas dodatkowo chroni nog\u0119 przed skr\u0119ceniem. Lekkie, elastyczne, wytrzyma\u0142e idealne dla: brukarzy, drogowc\u00f3w, prac remontowo-budowlanych, spedycji, magazynier\u00f3w, prac w gospodarstwie domowym.<\/p>\n<p><strong>CECHY PRODUKTU<\/strong><\/p>\n<ul>\n<li><strong>Trzewiki z metalowym podnoskiem 306\/ PPO<\/strong><\/li>\n<li>EN 20345 (\u015brodki ochrony indywidualnej &#8211; obuwie bezpieczne)<\/li>\n<li>S1 (obuwie bezpieczne z podnoskiem kompozytowym lub metalowym)<\/li>\n<li>SRC (odporno\u015b\u0107 na po\u015blizg na pod\u0142o\u017cu ceramicznym pokrytym roztworem laurylosiarczanu sodu (SLS) i na pod\u0142o\u017cu ze stali pokrytym glicerolem)<\/li>\n<li>Kolekcja PPO for safety<\/li>\n<li>Kolor: czarny<\/li>\n<li>Rozmiar: 39 &#8211; 48<\/li>\n<li>Cholewka: sk\u00f3ra naturalna+ materia\u0142 Cordura\u00ae<\/li>\n<li>Podszewka: tkaniny Ibiline<\/li>\n<li>Ob\u0142o\u017cyny: materia\u0142 Super Royal\u00ae<\/li>\n<li>Higroskopijna wy\u015bci\u00f3\u0142ka<\/li>\n<li>Podnosek: metalowy<\/li>\n<li>Podeszwa: PU\/PU<\/li>\n<li>P\u00f3\u0142miechowy j\u0119zyk ze sk\u00f3ry<\/li>\n<li>Samoczyszcz\u0105cy bie\u017cnik, wyprofilowany obcas<\/li>\n<li>Podeszwa odporna na oleje, benzyn\u0119, inne rozpuszczalniki organiczne<\/li>\n<li>Podeszwa odporna na temperatur\u0119 w kr\u00f3tkotrwa\u0142ym kontakcie do 180\u00b0C<\/li>\n<li>Antypo\u015blizgowo\u015b\u0107<\/li>\n<li>Antyelektrostatyczne<\/li>\n<li>Lekkie, elastyczne, wytrzyma\u0142e<\/li>\n<\/ul>\n","protected":false},"excerpt":{"rendered":"<p><strong>Trzewiki z metalowym podnoskiem 306\/ PPO <\/strong>spe\u0142niaj\u0105 normy <strong>EN 20345 (\u015brodki ochrony indywidualnej &#8211; obuwie bezpieczne), S1<\/strong> (obuwie bezpieczne z podnoskiem kompozytowym lub metalowym), <strong>SRC<\/strong> (odporno\u015b\u0107 na po\u015blizg na pod\u0142o\u017cu ceramicznym pokrytym roztworem laurylosiarczanu sodu (SLS) i na pod\u0142o\u017cu ze stali pokrytym glicerolem). <strong>Kolekcja PPO for safety. <\/strong>Wysokie trzewiki do u\u017cytku zawodowego, wytrzyma\u0142e i komfortowe w noszeniu. Obuwie antyelektrostatyczne. Bez podnoska. Kolor: czarny. Rozmiar: 36 &#8211; 48<\/p>\n","protected":false},"featured_media":581,"template":"","meta":{"_et_pb_use_builder":"","_et_pb_old_content":"","_et_gb_content_width":""},"product_brand":[],"product_cat":[40,93],"product_tag":[],"class_list":{"0":"post-580","1":"product","2":"type-product","3":"status-publish","4":"has-post-thumbnail","6":"product_cat-ochrona-nog","7":"product_cat-trzewiki","9":"first","10":"instock","11":"shipping-taxable","12":"purchasable","13":"product-type-simple"},"_links":{"self":[{"href":"https:\/\/ani-mex.com\/index.php?rest_route=\/wp\/v2\/product\/580","targetHints":{"allow":["GET"]}}],"collection":[{"href":"https:\/\/ani-mex.com\/index.php?rest_route=\/wp\/v2\/product"}],"about":[{"href":"https:\/\/ani-mex.com\/index.php?rest_route=\/wp\/v2\/types\/product"}],"wp:featuredmedia":[{"embeddable":true,"href":"https:\/\/ani-mex.com\/index.php?rest_route=\/wp\/v2\/media\/581"}],"wp:attachment":[{"href":"https:\/\/ani-mex.com\/index.php?rest_route=%2Fwp%2Fv2%2Fmedia&parent=580"}],"wp:term":[{"taxonomy":"product_brand","embeddable":true,"href":"https:\/\/ani-mex.com\/index.php?rest_route=%2Fwp%2Fv2%2Fproduct_brand&post=580"},{"taxonomy":"product_cat","embeddable":true,"href":"https:\/\/ani-mex.com\/index.php?rest_route=%2Fwp%2Fv2%2Fproduct_cat&post=580"},{"taxonomy":"product_tag","embeddable":true,"href":"https:\/\/ani-mex.com\/index.php?rest_route=%2Fwp%2Fv2%2Fproduct_tag&post=580"}],"curies":[{"name":"wp","href":"https:\/\/api.w.org\/{rel}","templated":true}]}}