{"id":582,"date":"2024-11-22T11:01:32","date_gmt":"2024-11-22T11:01:32","guid":{"rendered":"https:\/\/ani-mex.com\/?post_type=product&#038;p=582"},"modified":"2024-11-22T11:01:32","modified_gmt":"2024-11-22T11:01:32","slug":"trzewiki-205-z-metal-podnoskiem-biale-ppo","status":"publish","type":"product","link":"https:\/\/ani-mex.com\/?product=trzewiki-205-z-metal-podnoskiem-biale-ppo","title":{"rendered":"Trzewiki 205 z metal. podnoskiem &#8211; bia\u0142e PPO"},"content":{"rendered":"<p><strong>Trzewiki z metalowym podnoskiem 205\/PPO <\/strong>spe\u0142nia normy <strong>EN 20345 (\u015brodki ochrony indywidualnej &#8211; obuwie bezpieczne), S2<\/strong> (obuwie bezpieczne &#8211; w\u0142a\u015bciwo\u015bci antystatyczne, zamkni\u0119ta pi\u0119ta, podnosek, absorbcja energii w cz\u0119\u015bci pi\u0119towej, odporno\u015b\u0107 na oleje, wierzch wodoodporny), <strong>SRC<\/strong> (odporno\u015b\u0107 na po\u015blizg na pod\u0142o\u017cu ceramicznym pokrytym roztworem laurylosiarczanu sodu (SLS) i na pod\u0142o\u017cu ze stali pokrytym glicerolem).<strong> Kolekcja PPO White. <\/strong>Obuwie bezpieczne antyelektrostatyczne. Kolor: bia\u0142y. Rozmiar: 36 &#8211; 48. Model z wysok\u0105 cholewk\u0105 za kostk\u0119, ko\u0142nierzem ochronnym, dopasowaniem za pomoc\u0105 \u015bci\u0105gania sznur\u00f3wkami. <strong>Cholewka wykonane z mi\u0119kkiej, przyjaznej sk\u00f3rze, zaawansowanej technicznie mikrofibry<\/strong> o zmniejszonej nasi\u0105kliwo\u015bci wody, wysokiej oddychalno\u015bci i odporno\u015bci na \u015bcieranie. Wewn\u0105trz podszewka z materia\u0142u o wysokiej higroskopijno\u015bci, gwarantuj\u0105cego uczucie sucho\u015bci i komfortu. Trzewiki wyposa\u017cone w mi\u0119kk\u0105, wygodn\u0105, przyjazn\u0105 sk\u00f3rze stopy, higroskopijn\u0105 wy\u015bci\u00f3\u0142k\u0119 Coolmax z filtrem aktywnego w\u0119gla o w\u0142a\u015bciwo\u015bciach przeciwgrzybicznych, przeciwpotnych i antybakteryjnych, co zapewnia stopie neutralny zapach, uczucie sucho\u015bci i przyjemnego ch\u0142odu. Wy\u015bci\u00f3\u0142ka nadaje si\u0119 do wielokrotnego prania. Trzewiki posiadaj\u0105 metalowy podnosek chroni\u0105cy przed uderzeniami z energi\u0105 do 200J. <strong>Podeszwa z dwuwarstwowego poliuretanu PU\/ PU<\/strong> jest odporna na oleje, smary, benzyn\u0119 i inne rozpuszczalniki organiczne, odporna na \u015bcieranie, p\u0119kanie i przecinanie, elastyczna, skutecznie \u0142agodzi nier\u00f3wno\u015bci pod\u0142o\u017ca, poch\u0142ania energi\u0119 w cz\u0119\u015bci pi\u0119towej. Forma podeszwy i g\u0142\u0119boki protektor gwarantuje jej wysok\u0105 stabilno\u015b\u0107 oraz doskonale chroni przed po\u015blizgiem. Specjalnie wyprofilowany obcas dodatkowo chroni nog\u0119 przed skr\u0119ceniem, gwarantuje stabilno\u015b\u0107 i komfort chodzenia. Trzewiki szczeg\u00f3lnie zalecane dla przemys\u0142u spo\u017cywczego.<\/p>\n<p><strong>CECHY PRODUKTU<\/strong><\/p>\n<ul>\n<li><strong>Trzewiki z metalowym podnoskiem 205\/PPO<\/strong><\/li>\n<li>EN 20345 (\u015brodki ochrony indywidualnej &#8211; obuwie bezpieczne)<\/li>\n<li>S2 (obuwie bezpieczne &#8211; w\u0142a\u015bciwo\u015bci antystatyczne, zamkni\u0119ta pi\u0119ta, podnosek, absorbcja energii w cz\u0119\u015bci pi\u0119towej, odporno\u015b\u0107 na oleje, wierzch wodoodporny)<\/li>\n<li>SRC (odporno\u015b\u0107 na po\u015blizg na pod\u0142o\u017cu ceramicznym pokrytym roztworem laurylosiarczanu sodu (SLS) i na pod\u0142o\u017cu ze stali pokrytym glicerolem)<\/li>\n<li>Kolekcja PPO White<\/li>\n<li>Kolor: bia\u0142y<\/li>\n<li>Rozmiar: 36-48<\/li>\n<li>Cholewka: mikrofibra<\/li>\n<li>Podszewka: materia\u0142 o wysokiej higroskopijno\u015bci<\/li>\n<li>Wy\u015bci\u00f3\u0142ka: higroskopijna wy\u015bci\u00f3\u0142ka Coolmax<\/li>\n<li>Podnosek: metalowy<\/li>\n<li>Podeszwa: PU\/PU<\/li>\n<li>G\u0142\u0119boki protektor, paraboliczny obcas<\/li>\n<li>Absorbcja energii w cz\u0119\u015bci pi\u0119towej<\/li>\n<li>Odporne na temperatur\u0119 w kr\u00f3tkotrwa\u0142ym kontakcie do 180\u00b0C<\/li>\n<li>Trwa\u0142e i wytrzyma\u0142e<\/li>\n<li>Bardzo dobre w\u0142a\u015bciwo\u015bci higieniczne<\/li>\n<li>Antyelektrostatyczne<\/li>\n<li>Antypo\u015blizgowo\u015b\u0107<\/li>\n<li>Szczeg\u00f3lnie zalecane dla przemys\u0142u spo\u017cywczego<\/li>\n<\/ul>\n","protected":false},"excerpt":{"rendered":"<p><strong>Trzewiki z metalowym podnoskiem 205\/PPO <\/strong>spe\u0142nia normy <strong>EN 20345 (\u015brodki ochrony indywidualnej &#8211; obuwie bezpieczne), S2<\/strong> (obuwie bezpieczne &#8211; w\u0142a\u015bciwo\u015bci antystatyczne, zamkni\u0119ta pi\u0119ta, podnosek, absorbcja energii w cz\u0119\u015bci pi\u0119towej, odporno\u015b\u0107 na oleje, wierzch wodoodporny), <strong>SRC<\/strong> (odporno\u015b\u0107 na po\u015blizg na pod\u0142o\u017cu ceramicznym pokrytym roztworem laurylosiarczanu sodu (SLS) i na pod\u0142o\u017cu ze stali pokrytym glicerolem).<strong> Kolekcja PPO White.<\/strong><\/p>\n","protected":false},"featured_media":583,"template":"","meta":{"_et_pb_use_builder":"","_et_pb_old_content":"","_et_gb_content_width":""},"product_brand":[],"product_cat":[40,93],"product_tag":[],"class_list":{"0":"post-582","1":"product","2":"type-product","3":"status-publish","4":"has-post-thumbnail","6":"product_cat-ochrona-nog","7":"product_cat-trzewiki","9":"first","10":"instock","11":"shipping-taxable","12":"purchasable","13":"product-type-simple"},"_links":{"self":[{"href":"https:\/\/ani-mex.com\/index.php?rest_route=\/wp\/v2\/product\/582","targetHints":{"allow":["GET"]}}],"collection":[{"href":"https:\/\/ani-mex.com\/index.php?rest_route=\/wp\/v2\/product"}],"about":[{"href":"https:\/\/ani-mex.com\/index.php?rest_route=\/wp\/v2\/types\/product"}],"wp:featuredmedia":[{"embeddable":true,"href":"https:\/\/ani-mex.com\/index.php?rest_route=\/wp\/v2\/media\/583"}],"wp:attachment":[{"href":"https:\/\/ani-mex.com\/index.php?rest_route=%2Fwp%2Fv2%2Fmedia&parent=582"}],"wp:term":[{"taxonomy":"product_brand","embeddable":true,"href":"https:\/\/ani-mex.com\/index.php?rest_route=%2Fwp%2Fv2%2Fproduct_brand&post=582"},{"taxonomy":"product_cat","embeddable":true,"href":"https:\/\/ani-mex.com\/index.php?rest_route=%2Fwp%2Fv2%2Fproduct_cat&post=582"},{"taxonomy":"product_tag","embeddable":true,"href":"https:\/\/ani-mex.com\/index.php?rest_route=%2Fwp%2Fv2%2Fproduct_tag&post=582"}],"curies":[{"name":"wp","href":"https:\/\/api.w.org\/{rel}","templated":true}]}}