{"id":584,"date":"2024-11-22T11:05:14","date_gmt":"2024-11-22T11:05:14","guid":{"rendered":"https:\/\/ani-mex.com\/?post_type=product&#038;p=584"},"modified":"2024-11-22T11:05:14","modified_gmt":"2024-11-22T11:05:14","slug":"trzewiki-03-bez-podnoska-biale-ppo","status":"publish","type":"product","link":"https:\/\/ani-mex.com\/?product=trzewiki-03-bez-podnoska-biale-ppo","title":{"rendered":"Trzewiki 03 bez podnoska bia\u0142e PPO"},"content":{"rendered":"<p><strong>Trzewiki bez podnoska 03\/PPO <\/strong>spe\u0142niaj\u0105 normy<strong> EN 20347 (\u015brodki ochrony indywidualnej- obuwie zawodowe),01<\/strong> (obuwie zawodowe- zabudowana pi\u0119ta, odporno\u015b\u0107 na w\u0119glowodory, olej nap\u0119dowy, w\u0142a\u015bciwo\u015bci antyelektrostatyczne podeszwy, absorpcja energii w cz\u0119\u015bci pi\u0119towej),<strong> FO<\/strong> (odporno\u015b\u0107 podeszwy na olej nap\u0119dowy), <strong>SRC <\/strong>(odporno\u015b\u0107 na po\u015blizg na pod\u0142o\u017cu ceramicznym pokrytym roztworem laurylosiarczanu sodu (SLS) i na pod\u0142o\u017cu ze stali pokrytym glicerolem). <strong>Kolekcja PPO White. <\/strong>Wysokie trzewiki do u\u017cytku zawodowego, wytrzyma\u0142e i komfortowe w noszeniu. Obuwie antyelektrostatyczne. Bez podnoska. Kolor: bia\u0142y. Rozmiar: 36 &#8211; 48. Model z wysok\u0105 cholewk\u0105 za kostk\u0119, ko\u0142nierzem ochronnym, p\u00f3\u0142miechowy j\u0119zyk sk\u00f3rzany, dopasowaniem za pomoc\u0105 \u015bci\u0105gania sznur\u00f3wkami. <strong>Cholewka ze sk\u00f3ry licowej bydl\u0119cej<\/strong>. Podszewka przyszwy \u2013 w\u0142\u00f3knina Ibiline, podszewka ob\u0142o\u017cyny z w\u0142\u00f3kniny Super Royal materia\u0142u o du\u017cej przepuszczalno\u015bci pary wodnej. <strong>Podeszwa z dwuwarstwowego poliuretanu PU\/ PU<\/strong> jest odporna na oleje, smary, benzyn\u0119 i inne rozpuszczalniki organiczne, odporna na \u015bcieranie, p\u0119kanie i przecinanie, elastyczna, skutecznie \u0142agodzi nier\u00f3wno\u015bci pod\u0142o\u017ca, poch\u0142ania energi\u0119 w cz\u0119\u015bci pi\u0119towej Forma podeszwy i g\u0142\u0119boki protektor gwarantuje jej wysok\u0105 stabilno\u015b\u0107 oraz doskonale chroni przed po\u015blizgiem. Specjalnie wyprofilowany obcas dodatkowo chroni nog\u0119 przed skr\u0119ceniem, gwarantuje stabilno\u015b\u0107 i komfort chodzenia. Trzewiki szczeg\u00f3lnie zalecane dla przemys\u0142u spo\u017cywczego.<\/p>\n<p><strong>CECHY PRODUKTU<\/strong><\/p>\n<ul>\n<li><strong>Trzewiki bez podnoska 03\/PPO<\/strong><\/li>\n<li>EN 20347 (\u015brodki ochrony indywidualnej- obuwie zawodowe)<\/li>\n<li>01 (obuwie zawodowe- zabudowana pi\u0119ta, odporno\u015b\u0107 na w\u0119glowodory, olej nap\u0119dowy, w\u0142a\u015bciwo\u015bci antyelektrostatyczne podeszwy, absorpcja energii w cz\u0119\u015bci pi\u0119towej)<\/li>\n<li>FO (odporno\u015b\u0107 podeszwy na olej nap\u0119dowy)<\/li>\n<li>SRC (odporno\u015b\u0107 na po\u015blizg na pod\u0142o\u017cu ceramicznym pokrytym roztworem laurylosiarczanu sodu (SLS) i na pod\u0142o\u017cu ze stali pokrytym glicerolem)<\/li>\n<li>Kolekcja PPO White<\/li>\n<li>Kolor: bia\u0142y<\/li>\n<li>Rozmiar: 36 &#8211; 48<\/li>\n<li>Cholewka: sk\u00f3ra licowa bydl\u0119ca bia\u0142a<\/li>\n<li>Podszewka przyszwy \u2013 w\u0142\u00f3knina Ibiline<\/li>\n<li>Ob\u0142o\u017cyny: w\u0142\u00f3knina Super Royal<\/li>\n<li>Higroskopijna wy\u015bci\u00f3\u0142ka<\/li>\n<li>Podeszwa: PU\/PU<\/li>\n<li>G\u0142\u0119boki protektor, paraboliczny obcas<\/li>\n<li>Odporne na temperatur\u0119 w kr\u00f3tkotrwa\u0142ym kontakcie do 180\u00b0C<\/li>\n<li>Absorbcja energii w cz\u0119\u015bci pi\u0119towej<\/li>\n<li>Antyelektrostatyczne<\/li>\n<li>Antypo\u015blizgowo\u015b\u0107<\/li>\n<li>Szczeg\u00f3lnie zalecane dla przemys\u0142u spo\u017cywczego<\/li>\n<li>Komfort u\u017cytkowania<\/li>\n<\/ul>\n","protected":false},"excerpt":{"rendered":"<p><strong>Trzewiki bez podnoska 03\/PPO <\/strong>spe\u0142niaj\u0105 normy<strong> EN 20347 (\u015brodki ochrony indywidualnej- obuwie zawodowe),01<\/strong> (obuwie zawodowe- zabudowana pi\u0119ta, odporno\u015b\u0107 na w\u0119glowodory, olej nap\u0119dowy, w\u0142a\u015bciwo\u015bci antyelektrostatyczne podeszwy, absorpcja energii w cz\u0119\u015bci pi\u0119towej),<strong> FO<\/strong> (odporno\u015b\u0107 podeszwy na olej nap\u0119dowy), <strong>SRC <\/strong>(odporno\u015b\u0107 na po\u015blizg na pod\u0142o\u017cu ceramicznym pokrytym roztworem laurylosiarczanu sodu (SLS) i na pod\u0142o\u017cu ze stali pokrytym glicerolem). <strong>Kolekcja PPO White.<\/strong><\/p>\n","protected":false},"featured_media":585,"template":"","meta":{"_et_pb_use_builder":"","_et_pb_old_content":"","_et_gb_content_width":""},"product_brand":[],"product_cat":[40,93],"product_tag":[],"class_list":{"0":"post-584","1":"product","2":"type-product","3":"status-publish","4":"has-post-thumbnail","6":"product_cat-ochrona-nog","7":"product_cat-trzewiki","9":"first","10":"instock","11":"shipping-taxable","12":"purchasable","13":"product-type-simple"},"_links":{"self":[{"href":"https:\/\/ani-mex.com\/index.php?rest_route=\/wp\/v2\/product\/584","targetHints":{"allow":["GET"]}}],"collection":[{"href":"https:\/\/ani-mex.com\/index.php?rest_route=\/wp\/v2\/product"}],"about":[{"href":"https:\/\/ani-mex.com\/index.php?rest_route=\/wp\/v2\/types\/product"}],"wp:featuredmedia":[{"embeddable":true,"href":"https:\/\/ani-mex.com\/index.php?rest_route=\/wp\/v2\/media\/585"}],"wp:attachment":[{"href":"https:\/\/ani-mex.com\/index.php?rest_route=%2Fwp%2Fv2%2Fmedia&parent=584"}],"wp:term":[{"taxonomy":"product_brand","embeddable":true,"href":"https:\/\/ani-mex.com\/index.php?rest_route=%2Fwp%2Fv2%2Fproduct_brand&post=584"},{"taxonomy":"product_cat","embeddable":true,"href":"https:\/\/ani-mex.com\/index.php?rest_route=%2Fwp%2Fv2%2Fproduct_cat&post=584"},{"taxonomy":"product_tag","embeddable":true,"href":"https:\/\/ani-mex.com\/index.php?rest_route=%2Fwp%2Fv2%2Fproduct_tag&post=584"}],"curies":[{"name":"wp","href":"https:\/\/api.w.org\/{rel}","templated":true}]}}