{"id":586,"date":"2024-11-22T11:08:56","date_gmt":"2024-11-22T11:08:56","guid":{"rendered":"https:\/\/ani-mex.com\/?post_type=product&#038;p=586"},"modified":"2024-11-22T11:08:56","modified_gmt":"2024-11-22T11:08:56","slug":"trzewiki-123-bez-podnoska-ppo","status":"publish","type":"product","link":"https:\/\/ani-mex.com\/?product=trzewiki-123-bez-podnoska-ppo","title":{"rendered":"Trzewiki 123 bez podnoska PPO"},"content":{"rendered":"<p><strong>Trzewiki zawodowe bez podnoska 123\/ PPO<\/strong> spe\u0142niaj\u0105 normy <strong>EN 20347 (\u015brodki ochrony indywidualnej- obuwie zawodowe), O1 <\/strong>(obuwie zawodowe- zabudowana pi\u0119ta, odporno\u015b\u0107 na w\u0119glowodory, olej nap\u0119dowy, w\u0142a\u015bciwo\u015bci antyelektrostatyczne podeszwy, absorpcja energii w cz\u0119\u015bci pi\u0119towej), <strong>FO<\/strong> (odporno\u015b\u0107 podeszwy na olej nap\u0119dowy), <strong>SRC<\/strong> (odporno\u015b\u0107 na po\u015blizg na pod\u0142o\u017cu ceramicznym pokrytym roztworem laurylosiarczanu sodu (SLS) i na pod\u0142o\u017cu ze stali pokrytym glicerolem). <strong>Kolekcja PPO parabolic<\/strong>. Komfortowe trzewiki do u\u017cytku zawodowego. Obuwie antyelektrostatyczne. Bez podnoska. Rozmiar: 39 &#8211; 48. Model z wysok\u0105 cholewk\u0105 zako\u0144czon\u0105 przyjaznym dla nogi ko\u0142nierzem ochronnym, wype\u0142nionym piank\u0105, wszytym j\u0119zykiem, dopasowaniem za pomoc\u0105 \u015bci\u0105gania sznur\u00f3wkami. <strong>Cholewka wykonana ze sk\u00f3ry naturalnej<\/strong>. Podszewka przyszwy z w\u0142\u00f3kniny, podszewka ob\u0142o\u017cyny z materia\u0142u Super Royal\u00ae.<strong> Stabilna podeszwa z dwuwarstwowego poliuretanu PU\/ PU<\/strong> jest odporna na oleje, benzyn\u0119, inne rozpuszczalniki organiczne oraz temperatur\u0119 w kr\u00f3tkotrwa\u0142ym kontakcie do 180\u00b0C, odporna na \u015bcieranie, przecinanie i p\u0119kanie, doskonale chroni przed po\u015blizgiem, poch\u0142ania energi\u0119 w cz\u0119\u015bci pi\u0119towej, jest nieprzemakalna od pod\u0142o\u017ca, trwa\u0142a i wytrzyma\u0142a. Bardzo uniwersalne trzewiki do u\u017cytku zawodowego. Sprawdz\u0105 si\u0119 w bran\u017cy budowlano &#8211; remontowej, drogowej, transportowej, magazynowej, gospodarstwie.<\/p>\n<p><strong>CECHY PRODUKTU<\/strong><\/p>\n<ul>\n<li><strong>Trzewiki zawodowe bez podnoska 123\/ PPO<\/strong><\/li>\n<li>EN 20347 (\u015brodki ochrony indywidualnej- obuwie zawodowe)<\/li>\n<li>O1 (obuwie zawodowe- zabudowana pi\u0119ta, odporno\u015b\u0107 na w\u0119glowodory, olej nap\u0119dowy, w\u0142a\u015bciwo\u015bci antyelektrostatyczne podeszwy, absorpcja energii w cz\u0119\u015bci pi\u0119towej), FO (odporno\u015b\u0107 podeszwy na olej nap\u0119dowy)<\/li>\n<li>SRC (odporno\u015b\u0107 na po\u015blizg na pod\u0142o\u017cu ceramicznym pokrytym roztworem laurylosiarczanu sodu (SLS) i na pod\u0142o\u017cu ze stali pokrytym glicerolem)<\/li>\n<li>Kolekcja PPO parabolic<\/li>\n<li>Obuwie zawodowe<\/li>\n<li>Obuwie antyelektrostatyczne<\/li>\n<li>Kolor: czarny<\/li>\n<li>Rozmiar: 39 &#8211; 48<\/li>\n<li>Cholewka: sk\u00f3ra naturalna<\/li>\n<li>Podszewka przyszwy: w\u0142\u00f3knina<\/li>\n<li>Podszewka ob\u0142o\u017cyny: materia\u0142 Super Royal\u00ae<\/li>\n<li>Podeszwa: PU\/ PU<\/li>\n<li>Olejoodporno\u015b\u0107<\/li>\n<li>Odporno\u015b\u0107 na temperatur\u0119 w kr\u00f3tkotrwa\u0142ym kontakcie do 180\u00b0C<\/li>\n<li>Odporno\u015b\u0107 na \u015bcieranie, przecinanie i p\u0119kanie<\/li>\n<li>Antypo\u015blizgowo\u015b\u0107<\/li>\n<li>Absorpcja energii w cz\u0119\u015bci pi\u0119towej<\/li>\n<li>Nieprzemakalna od pod\u0142o\u017ca,<\/li>\n<li>Trwa\u0142o\u015b\u0107 i wytrzyma\u0142o\u015b\u0107<\/li>\n<li>Komfort i wygoda u\u017cytkowania<\/li>\n<\/ul>\n","protected":false},"excerpt":{"rendered":"<p><strong>Trzewiki zawodowe bez podnoska 123\/ PPO<\/strong> spe\u0142niaj\u0105 normy <strong>EN 20347 (\u015brodki ochrony indywidualnej- obuwie zawodowe), O1 <\/strong>(obuwie zawodowe- zabudowana pi\u0119ta, odporno\u015b\u0107 na w\u0119glowodory, olej nap\u0119dowy, w\u0142a\u015bciwo\u015bci antyelektrostatyczne podeszwy, absorpcja energii w cz\u0119\u015bci pi\u0119towej), <strong>FO<\/strong> (odporno\u015b\u0107 podeszwy na olej nap\u0119dowy), <strong>SRC<\/strong> (odporno\u015b\u0107 na po\u015blizg na pod\u0142o\u017cu ceramicznym pokrytym roztworem laurylosiarczanu sodu (SLS) i na pod\u0142o\u017cu ze stali pokrytym glicerolem). <strong>Kolekcja PPO parabolic<\/strong>.<\/p>\n","protected":false},"featured_media":587,"template":"","meta":{"_et_pb_use_builder":"","_et_pb_old_content":"","_et_gb_content_width":""},"product_brand":[],"product_cat":[40,93],"product_tag":[],"class_list":{"0":"post-586","1":"product","2":"type-product","3":"status-publish","4":"has-post-thumbnail","6":"product_cat-ochrona-nog","7":"product_cat-trzewiki","9":"first","10":"instock","11":"shipping-taxable","12":"purchasable","13":"product-type-simple"},"_links":{"self":[{"href":"https:\/\/ani-mex.com\/index.php?rest_route=\/wp\/v2\/product\/586","targetHints":{"allow":["GET"]}}],"collection":[{"href":"https:\/\/ani-mex.com\/index.php?rest_route=\/wp\/v2\/product"}],"about":[{"href":"https:\/\/ani-mex.com\/index.php?rest_route=\/wp\/v2\/types\/product"}],"wp:featuredmedia":[{"embeddable":true,"href":"https:\/\/ani-mex.com\/index.php?rest_route=\/wp\/v2\/media\/587"}],"wp:attachment":[{"href":"https:\/\/ani-mex.com\/index.php?rest_route=%2Fwp%2Fv2%2Fmedia&parent=586"}],"wp:term":[{"taxonomy":"product_brand","embeddable":true,"href":"https:\/\/ani-mex.com\/index.php?rest_route=%2Fwp%2Fv2%2Fproduct_brand&post=586"},{"taxonomy":"product_cat","embeddable":true,"href":"https:\/\/ani-mex.com\/index.php?rest_route=%2Fwp%2Fv2%2Fproduct_cat&post=586"},{"taxonomy":"product_tag","embeddable":true,"href":"https:\/\/ani-mex.com\/index.php?rest_route=%2Fwp%2Fv2%2Fproduct_tag&post=586"}],"curies":[{"name":"wp","href":"https:\/\/api.w.org\/{rel}","templated":true}]}}