{"id":603,"date":"2024-11-22T11:36:03","date_gmt":"2024-11-22T11:36:03","guid":{"rendered":"https:\/\/ani-mex.com\/?post_type=product&#038;p=603"},"modified":"2024-11-22T11:36:03","modified_gmt":"2024-11-22T11:36:03","slug":"polbuty-38-bez-podnoska-ppo","status":"publish","type":"product","link":"https:\/\/ani-mex.com\/?product=polbuty-38-bez-podnoska-ppo","title":{"rendered":"P\u00f3\u0142buty 38 bez podnoska PPO"},"content":{"rendered":"<p><strong>P\u00f3\u0142buty zawodowe bez podnoska 38\/ PPO<\/strong> spe\u0142niaj\u0105 normy <strong>EN 20347<\/strong> <strong>(\u015brodki ochrony indywidualnej &#8211; obuwie zawodowe)<\/strong>,<strong> O2 <\/strong>(obuwie zawodowe bez podnoska, zabudowana pi\u0119ta, w\u0142a\u015bciwo\u015bci antyelektrostatyczne podeszwy, absorpcja energii w cz\u0119\u015bci pi\u0119towej, przepuszczalno\u015b\u0107 i absorpcja wody), <strong>FO<\/strong> (podeszwa odporna na oleje i w\u0119glowodory), <strong>SRC<\/strong> (odporno\u015b\u0107 na po\u015blizg). <strong>Kolekcja PPO parabolic<\/strong>. Wygodne, lekkie p\u00f3\u0142buty zawodowe, klasyczny model z nisk\u0105 cholewk\u0105, mi\u0119kkim zapi\u0119tkiem i sznurowaniem. Obuwie bez podnoska. Kolor: czarno &#8211; br\u0105zowy. Rozmiary: 39 &#8211; 48.<strong> Cholewka wykonana z licowych sk\u00f3r bydl\u0119cych <\/strong>o zmniejszonej nasi\u0105kliwo\u015bci wody. Podszewka przyszwy z w\u0142\u00f3kniny Ibiline, podszewka ob\u0142o\u017cyny z w\u0142\u00f3kniny Super Royal\u00ae (materia\u0142y o du\u017cej przepuszczalno\u015bci pary wodnej, skutecznie odprowadzaj\u0105ce wilgo\u0107). Obuwie posiada profilowan\u0105 higroskopijn\u0105 wy\u015bci\u00f3\u0142k\u0119 z filtrem aktywnego w\u0119gla o w\u0142a\u015bciwo\u015bciach przeciwgrzybicznych, przeciwpotnych i antybakteryjnych, co zapewnia stopie neutralny zapach, uczucie sucho\u015bci i przyjemnego ch\u0142odu. Wy\u015bci\u00f3\u0142ka nadaje si\u0119 do wielokrotnego prania.<strong> Solidnie zaprojektowana podeszwa z dwuwarstwowego poliuretanu PU\/ PU<\/strong> jest stabilna, dobrze urze\u017abiona, antypo\u015blizgowa, odporna na oleje, smary, benzyn\u0119 i inne rozpuszczalniki organiczne, odporna na temperatur\u0119 w kr\u00f3tkotrwa\u0142ym kontakcie do 180\u00b0C, nieprzemakalna od pod\u0142o\u017ca. Warstwa zewn\u0119trzna (na styku z pod\u0142o\u017cem) to lity poliuretan odporny na \u015bcieranie, przecinanie i p\u0119kanie. Warstwa wewn\u0119trzna to spieniony poliuretan sprawiaj\u0105cy, \u017ce obuwie jest lekkie, elastyczne i skutecznie \u0142agodzi nier\u00f3wno\u015bci pod\u0142o\u017ca. Specjalnie wyprofilowany obcas chroni nog\u0119 przed skr\u0119ceniem, poch\u0142ania energi\u0119 w cz\u0119\u015bci pi\u0119towej \u2013 dwustopniowy Shockabsorber. Szczeg\u00f3lnie polecane dla bran\u017cy budowlano &#8211; remontowej, na magazyn, hale produkcyjne, do pracy w gospodarstwie.<\/p>\n<p><strong>CECHY PRODUKTU<\/strong><\/p>\n<ul>\n<li><strong>P\u00f3\u0142buty zawodowe bez podnoska 38\/ PPO<\/strong><\/li>\n<li>EN 20347 (\u015brodki ochrony indywidualnej &#8211; obuwie zawodowe)<\/li>\n<li>O2 (obuwie zawodowe bez podnoska, zabudowana pi\u0119ta, w\u0142a\u015bciwo\u015bci antyelektrostatyczne podeszwy, absorpcja energii w cz\u0119\u015bci pi\u0119towej, przepuszczalno\u015b\u0107 i absorpcja wody)<\/li>\n<li>FO (podeszwa odporna na oleje i w\u0119glowodory)<\/li>\n<li>SRC (odporno\u015b\u0107 na po\u015blizg)<\/li>\n<li>Kolekcja PPO parabolic<\/li>\n<li>Obuwie zawodowe<\/li>\n<li>Kolor: czarno &#8211; br\u0105zowy<\/li>\n<li>Rozmiary: 39 &#8211; 48<\/li>\n<li>Cholewka: licowe sk\u00f3ry bydl\u0119ce<\/li>\n<li>Podszewka: w\u0142\u00f3knina Ibiline\/ Super Royal\u00ae<\/li>\n<li>Obuwie bez podnoska<\/li>\n<li>Wy\u015bci\u00f3\u0142ka: higroskopijna z filtrem aktywnego w\u0119gla<\/li>\n<li>Podeszwa: PU\/ PU<\/li>\n<li>Antypo\u015blizgowo\u015b\u0107<\/li>\n<li>Olejoodporno\u015b\u0107<\/li>\n<li>Odporno\u015b\u0107 na temperatur\u0119 w kr\u00f3tkotrwa\u0142ym kontakcie do 180\u00b0C<\/li>\n<li>Odporno\u015b\u0107 podeszwy na \u015bcieranie, przecinanie i p\u0119kanie<\/li>\n<li>Absorpcja energii w cz\u0119\u015bci pi\u0119towej<\/li>\n<li>Komfort i wygoda noszenia<\/li>\n<\/ul>\n","protected":false},"excerpt":{"rendered":"<p><strong>P\u00f3\u0142buty zawodowe bez podnoska 38\/ PPO<\/strong> spe\u0142niaj\u0105 normy <strong>EN 20347<\/strong> <strong>(\u015brodki ochrony indywidualnej &#8211; obuwie zawodowe)<\/strong>,<strong> O2 <\/strong>(obuwie zawodowe bez podnoska, zabudowana pi\u0119ta, w\u0142a\u015bciwo\u015bci antyelektrostatyczne podeszwy, absorpcja energii w cz\u0119\u015bci pi\u0119towej, przepuszczalno\u015b\u0107 i absorpcja wody), <strong>FO<\/strong> (podeszwa odporna na oleje i w\u0119glowodory), <strong>SRC<\/strong> (odporno\u015b\u0107 na po\u015blizg). <strong>Kolekcja PPO parabolic<\/strong>.<\/p>\n","protected":false},"featured_media":604,"template":"","meta":{"_et_pb_use_builder":"","_et_pb_old_content":"","_et_gb_content_width":""},"product_brand":[],"product_cat":[40,94],"product_tag":[],"class_list":{"0":"post-603","1":"product","2":"type-product","3":"status-publish","4":"has-post-thumbnail","6":"product_cat-ochrona-nog","7":"product_cat-polbuty","9":"first","10":"instock","11":"shipping-taxable","12":"purchasable","13":"product-type-simple"},"_links":{"self":[{"href":"https:\/\/ani-mex.com\/index.php?rest_route=\/wp\/v2\/product\/603","targetHints":{"allow":["GET"]}}],"collection":[{"href":"https:\/\/ani-mex.com\/index.php?rest_route=\/wp\/v2\/product"}],"about":[{"href":"https:\/\/ani-mex.com\/index.php?rest_route=\/wp\/v2\/types\/product"}],"wp:featuredmedia":[{"embeddable":true,"href":"https:\/\/ani-mex.com\/index.php?rest_route=\/wp\/v2\/media\/604"}],"wp:attachment":[{"href":"https:\/\/ani-mex.com\/index.php?rest_route=%2Fwp%2Fv2%2Fmedia&parent=603"}],"wp:term":[{"taxonomy":"product_brand","embeddable":true,"href":"https:\/\/ani-mex.com\/index.php?rest_route=%2Fwp%2Fv2%2Fproduct_brand&post=603"},{"taxonomy":"product_cat","embeddable":true,"href":"https:\/\/ani-mex.com\/index.php?rest_route=%2Fwp%2Fv2%2Fproduct_cat&post=603"},{"taxonomy":"product_tag","embeddable":true,"href":"https:\/\/ani-mex.com\/index.php?rest_route=%2Fwp%2Fv2%2Fproduct_tag&post=603"}],"curies":[{"name":"wp","href":"https:\/\/api.w.org\/{rel}","templated":true}]}}