{"id":605,"date":"2024-11-22T11:39:12","date_gmt":"2024-11-22T11:39:12","guid":{"rendered":"https:\/\/ani-mex.com\/?post_type=product&#038;p=605"},"modified":"2024-11-22T11:39:12","modified_gmt":"2024-11-22T11:39:12","slug":"polbuty-503-z-podnoskiem-kompozyt-ppo","status":"publish","type":"product","link":"https:\/\/ani-mex.com\/?product=polbuty-503-z-podnoskiem-kompozyt-ppo","title":{"rendered":"P\u00f3\u0142buty 503 z podnoskiem kompozyt PPO."},"content":{"rendered":"<p><strong>P\u00f3\u0142buty bezpieczne z podnoskiem 503\/ PPO<\/strong> spe\u0142niaj\u0105 normy <strong>EN 20345 (\u015brodki ochrony indywidualnej &#8211; obuwie bezpieczne), S1<\/strong> (obuwie bezpieczne z podnoskiem kompozytowym lub metalowym), <strong>SRC<\/strong> (odporno\u015b\u0107 na po\u015blizg na pod\u0142o\u017cu ceramicznym pokrytym roztworem laurylosiarczanu sodu (SLS) i na pod\u0142o\u017cu ze stali pokrytym glicerolem).<strong> Kolekcja PPO Sporty line<\/strong>. Bardzo komfortowe, lekkie p\u00f3\u0142buty w dynamicznym sportowym stylu. Obuwie antyelektrostatyczne. Bez metalu. Kolor: czarno &#8211; szary z czerwonymi wstawkami. Rozmiar: 39 &#8211; 48. Model posiada nisk\u0105 cholewk\u0105, mi\u0119kkie wyko\u0144czenie obszaru pi\u0119ty i kostki, wszyty j\u0119zyk chroni\u0105cy przed py\u0142em, dopasowanie za pomoc\u0105 sznurowade\u0142. <strong>Cholewka wykonana w kombinacji sk\u00f3r nubukowych i materia\u0142u on&#8217;Dura\u00ae<\/strong> o wysokiej oddychalno\u015bci. Antybakteryjna podszewka z materia\u0142u Coolmax\u00ae skutecznie odprowadzaj\u0105cego pot, zapewniaj\u0105cego uczucie sucho\u015bci i komfortu. Obuwie wyposa\u017cono w podnosek kompozytowy, kt\u00f3ry chroni palce przed uderzeniami z si\u0142\u0105 200J, ponadto w por\u00f3wnaniu z podnoskami stalowymi jest l\u017cejszy, odci\u0105\u017ca stawy i stopy w trakcie d\u0142ugotrwa\u0142ego u\u017cytkowania. Higroskopijna wy\u015bci\u00f3\u0142ka z filtrem aktywnego w\u0119gla jest mi\u0119kka, wygodna, przyjazna sk\u00f3rze, ma w\u0142a\u015bciwo\u015bci przeciwgrzybiczne, przeciwpotne, antybakteryjne, zapewnia stopie neutralny zapach, uczucie sucho\u015bci i przyjemnego ch\u0142odu. Nadaje si\u0119 do wielokrotnego prania. <strong>Innowacyjna podeszwa SportyLine\u00ae z dwuwarstwowego poliuretanu PU\/PU<\/strong> jest odporna na oleje, benzyn\u0119 i inne rozpuszczalniki organiczne, ma doskona\u0142e w\u0142a\u015bciwo\u015bci przeciwpo\u015blizgowe (systemy Step Lock\u00ae i Traction Grid\u00ae), jest stabilna, poch\u0142ania energi\u0119 w cz\u0119\u015bci pi\u0119towej, skutecznie \u0142agodzi nier\u00f3wno\u015bci pod\u0142o\u017ca. Obuwie dla wymagaj\u0105cych klient\u00f3w, ceni\u0105cych trwa\u0142o\u015b\u0107, wytrzyma\u0142o\u015b\u0107, w\u0142a\u015bciwo\u015bci higieniczne, komfort i wygod\u0119 noszenia. Sprawdzi si\u0119 w bran\u017cy budowlano &#8211; remontowej, monta\u017cowej, logistyce, transporcie, na magazynie, hali produkcyjnej.<\/p>\n<p><strong>CECHY PRODUKTU<\/strong><\/p>\n<ul>\n<li><strong>P\u00f3\u0142buty bezpieczne z podnoskiem 503\/ PPO<\/strong><\/li>\n<li><strong>EN 20345<\/strong> (\u015brodki ochrony indywidualnej &#8211; obuwie bezpieczne)<\/li>\n<li><strong>S1<\/strong> (obuwie bezpieczne z podnoskiem kompozytowym lub metalowym)<\/li>\n<li><strong>SRC<\/strong> (odporno\u015b\u0107 na po\u015blizg na pod\u0142o\u017cu ceramicznym pokrytym roztworem laurylosiarczanu sodu (SLS) i na pod\u0142o\u017cu ze stali pokrytym glicerolem)<\/li>\n<li>Kolekcja PPO Sporty line<\/li>\n<li>Obuwie bezpieczne<\/li>\n<li>Kolor: czarno &#8211; szary z czerwonymi wstawkami<\/li>\n<li>Rozmiar: 39 &#8211; 48<\/li>\n<li>Cholewka: sk\u00f3ra nubukowa + materia\u0142u on&#8217;Dura\u00ae<\/li>\n<li>Podszewka: antybakteryjna Coolmax\u00ae<\/li>\n<li>Wy\u015bci\u00f3\u0142ka: higroskopijna z filtrem aktywnego w\u0119gla<\/li>\n<li>Podnosek: kompozytowy<\/li>\n<li>Podeszwa: SportyLine\u00ae z PU\/PU<\/li>\n<li>Antypo\u015blizgowo\u015b\u0107<\/li>\n<li>Olejoodporno\u015b\u0107<\/li>\n<li>Absorpcja energii w cz\u0119\u015bci pi\u0119towej<\/li>\n<li>Bardzo dobre w\u0142a\u015bciwo\u015bci higieniczne<\/li>\n<li>Komfort i wygoda noszenia<\/li>\n<\/ul>\n","protected":false},"excerpt":{"rendered":"<p><strong>P\u00f3\u0142buty bezpieczne z podnoskiem 503\/ PPO<\/strong> spe\u0142niaj\u0105 normy <strong>EN 20345 (\u015brodki ochrony indywidualnej &#8211; obuwie bezpieczne), S1<\/strong> (obuwie bezpieczne z podnoskiem kompozytowym lub metalowym), <strong>SRC<\/strong> (odporno\u015b\u0107 na po\u015blizg na pod\u0142o\u017cu ceramicznym pokrytym roztworem laurylosiarczanu sodu (SLS) i na pod\u0142o\u017cu ze stali pokrytym glicerolem).<strong> Kolekcja PPO Sporty line<\/strong>.<\/p>\n","protected":false},"featured_media":606,"template":"","meta":{"_et_pb_use_builder":"","_et_pb_old_content":"","_et_gb_content_width":""},"product_brand":[],"product_cat":[40,94],"product_tag":[],"class_list":{"0":"post-605","1":"product","2":"type-product","3":"status-publish","4":"has-post-thumbnail","6":"product_cat-ochrona-nog","7":"product_cat-polbuty","9":"first","10":"instock","11":"shipping-taxable","12":"purchasable","13":"product-type-simple"},"_links":{"self":[{"href":"https:\/\/ani-mex.com\/index.php?rest_route=\/wp\/v2\/product\/605","targetHints":{"allow":["GET"]}}],"collection":[{"href":"https:\/\/ani-mex.com\/index.php?rest_route=\/wp\/v2\/product"}],"about":[{"href":"https:\/\/ani-mex.com\/index.php?rest_route=\/wp\/v2\/types\/product"}],"wp:featuredmedia":[{"embeddable":true,"href":"https:\/\/ani-mex.com\/index.php?rest_route=\/wp\/v2\/media\/606"}],"wp:attachment":[{"href":"https:\/\/ani-mex.com\/index.php?rest_route=%2Fwp%2Fv2%2Fmedia&parent=605"}],"wp:term":[{"taxonomy":"product_brand","embeddable":true,"href":"https:\/\/ani-mex.com\/index.php?rest_route=%2Fwp%2Fv2%2Fproduct_brand&post=605"},{"taxonomy":"product_cat","embeddable":true,"href":"https:\/\/ani-mex.com\/index.php?rest_route=%2Fwp%2Fv2%2Fproduct_cat&post=605"},{"taxonomy":"product_tag","embeddable":true,"href":"https:\/\/ani-mex.com\/index.php?rest_route=%2Fwp%2Fv2%2Fproduct_tag&post=605"}],"curies":[{"name":"wp","href":"https:\/\/api.w.org\/{rel}","templated":true}]}}