{"id":630,"date":"2024-11-26T09:25:42","date_gmt":"2024-11-26T09:25:42","guid":{"rendered":"https:\/\/ani-mex.com\/?post_type=product&#038;p=630"},"modified":"2024-11-26T09:25:42","modified_gmt":"2024-11-26T09:25:42","slug":"sandaly-501-z-podnoskiem-kompozyt-i-wkl-ppo","status":"publish","type":"product","link":"https:\/\/ani-mex.com\/?product=sandaly-501-z-podnoskiem-kompozyt-i-wkl-ppo","title":{"rendered":"Sanda\u0142y 501 z podnoskiem kompozyt. i wk\u0142 PPO"},"content":{"rendered":"<p><strong>Sanda\u0142y 501\/ PPO <\/strong>spe\u0142niaj\u0105 normy<strong> EN 20345 (\u015brodki ochrony indywidualnej &#8211; obuwie bezpieczne). Kolekcja PPO Sporty line nagrodzona Z\u0142otym Medalem Targ\u00f3w SAWO 2014. <\/strong>Bardzo wytrzyma\u0142e, antystatyczne, antypo\u015blizgowe sanda\u0142y robocze w kolorze czarno-czerwonym, wyst\u0119puj\u0105 w rozmiarach od 36 do 48. <strong>Cholewka wykonana ze sk\u00f3ry welurowej<\/strong> o wysokim wsp\u00f3\u0142czynniku przepuszczalno\u015bci pary wodnej. Wewn\u0105trz podszewka Coolmax\u00ae skutecznie odprowadza pot, gwarantuje uczucie sucho\u015bci i komfortu. Wyjmowana wy\u015bci\u00f3\u0142ka mi\u0119kka, wygodna, przyjazna sk\u00f3rze stopy, higroskopijna z filtrem aktywnego w\u0119gla o w\u0142a\u015bciwo\u015bciach przeciwgrzybicznych, przeciwpotnych i antybakteryjnych, co zapewnia stopie neutralny zapach, uczucie sucho\u015bci i przyjemnego ch\u0142odu. Wy\u015bci\u00f3\u0142ka nadaje si\u0119 do wielokrotnego prania. Absorbcja energii w cz\u0119\u015bci pi\u0119towej amortyzuje wstrz\u0105sy, wp\u0142ywa pozytywnie na d\u0142ugotrwa\u0142e lub nadmierne obci\u0105\u017cenie stopy w pozycji statycznej i dynamicznym ruchu. Dla lepszej ochrony palc\u00f3w obuwie zosta\u0142o wyposa\u017cone w podnosek kompozytowy chroni przed uderzeniem z energi\u0105 do 200J i w niemetalow\u0105 wk\u0142adk\u0119 antyprzebiciow\u0105 chroni\u0105c\u0105 przed przek\u0142uciem od pod\u0142o\u017ca z si\u0142\u0105 do 1100N. <strong>Podeszwa PU\/PU <\/strong>z dwuwarstwowego poliuretanu odpornego na oleje, smary, benzyn\u0119 i inne rozpuszczalniki organiczne. Warstwa zewn\u0119trzna na styku z pod\u0142o\u017cem to lity poliuretan charakteryzuj\u0105cy si\u0119 wysok\u0105 odporno\u015bci\u0105 na \u015bcieranie i przecinanie. Warstwa wewn\u0119trzna to spieniony poliuretan sprawiaj\u0105cy, \u017ce obuwie jest lekkie, elastyczne i skutecznie \u0142agodzi nier\u00f3wno\u015bci pod\u0142o\u017ca. Obuwie nie rysuje powierzchni, ma doskona\u0142e w\u0142a\u015bciwo\u015bci przeciwpo\u015blizgowe, podeszwa odporna na temperatur\u0119 w kr\u00f3tkotrwa\u0142ym kontakcie do 180\u00b0C. Systemy urze\u017abienia podeszwy Step Lock\u00ae i Traction Grid\u00ae gwarantuje wysok\u0105 stabilno\u015b\u0107 i ochron\u0119 przed po\u015blizgiem. Dopasowanie za pomoc\u0105 paska z gumk\u0105 oraz paska z rzepem umo\u017cliwia dopasowanie obuwia do stopy i jej t\u0119go\u015bci. Designerskie sanda\u0142y w atrakcyjnej kolorystyce, mog\u0105 by\u0107 stosowane w przemy\u015ble ci\u0119\u017ckim i lekkim. Polecane dla budowla\u0144c\u00f3w, drogowc\u00f3w, brukarzy, magazynier\u00f3w, mechanik\u00f3w, produkcji przy ta\u015bmie, spedycji i prac w gospodarstwie domowym.<\/p>\n<p><strong>CECHY PRODUKTU<\/strong><\/p>\n<ul>\n<li><strong>Sanda\u0142y 501\/ PPO<\/strong><\/li>\n<li>EN 20345 (\u015brodki ochrony indywidualnej &#8211; obuwie bezpieczne)<\/li>\n<li>S1P (obuwie bezpieczne z podnoskiem kompozytowym lub metalowym, P- Odporno\u015b\u0107 na przek\u0142ucie)<\/li>\n<li>SRC (odporno\u015b\u0107 na po\u015blizg na pod\u0142o\u017cu ceramicznym pokrytym roztworem laurylosiarczanu sodu (SLS) i na pod\u0142o\u017cu ze stali pokrytym glicerolem)<\/li>\n<li>Kolekcja PPO Sporty line<\/li>\n<li>Kolor: czarno-czerwony<\/li>\n<li>Rozmiar: od 36 do 48<\/li>\n<li>Cholewka: sk\u00f3ra welurowa<\/li>\n<li>Podszewka: antybakteryjny materia\u0142 Coolmax\u00ae<\/li>\n<li>Wy\u015bci\u00f3\u0142ka: wy\u015bci\u00f3\u0142ka z filtrem aktywnego w\u0119gla<\/li>\n<li>Podeszwa: PU\/PU<\/li>\n<li>Podnosek: kompozytowy<\/li>\n<li>Systemy Step Lock\u00ae i Traction Grid\u00ae gwarantuj\u0105 wysok\u0105 stabilno\u015b\u0107 podeszwy<\/li>\n<li>Wk\u0142adka antyprzebiciowa<\/li>\n<li>Podeszwa nie rysuje powierzchni<\/li>\n<li>Du\u017ce otwory wentylacyjne<\/li>\n<li>Absorbcja energii w cz\u0119\u015bci pi\u0119towej<\/li>\n<li>W\u0142a\u015bciwo\u015bci antyelektrostatyczne<\/li>\n<li>Odporne na dzia\u0142anie olej\u00f3w i smar\u00f3w<\/li>\n<li>Dopasowanie za pomoc\u0105 paska z gumk\u0105 oraz paska z rzepem<\/li>\n<li>Lekki sportowy fason<\/li>\n<li>M\u0119ska t\u0119go\u015b\u0107 obuwia<\/li>\n<\/ul>\n","protected":false},"excerpt":{"rendered":"<p><strong>Sanda\u0142y 501\/ PPO <\/strong>spe\u0142niaj\u0105 normy<strong> EN 20345 (\u015brodki ochrony indywidualnej &#8211; obuwie bezpieczne). Kolekcja PPO Sporty line nagrodzona Z\u0142otym Medalem Targ\u00f3w SAWO 2014. <\/strong>Bardzo wytrzyma\u0142e, antystatyczne, antypo\u015blizgowe sanda\u0142y robocze w kolorze czarno-czerwonym, wyst\u0119puj\u0105 w rozmiarach od 36 do 48. <strong>Cholewka wykonana ze sk\u00f3ry welurowej<\/strong> o wysokim wsp\u00f3\u0142czynniku przepuszczalno\u015bci pary wodnej.<\/p>\n","protected":false},"featured_media":631,"template":"","meta":{"_et_pb_use_builder":"","_et_pb_old_content":"","_et_gb_content_width":""},"product_brand":[],"product_cat":[40,95],"product_tag":[],"class_list":{"0":"post-630","1":"product","2":"type-product","3":"status-publish","4":"has-post-thumbnail","6":"product_cat-ochrona-nog","7":"product_cat-sandaly","9":"first","10":"instock","11":"shipping-taxable","12":"purchasable","13":"product-type-simple"},"_links":{"self":[{"href":"https:\/\/ani-mex.com\/index.php?rest_route=\/wp\/v2\/product\/630","targetHints":{"allow":["GET"]}}],"collection":[{"href":"https:\/\/ani-mex.com\/index.php?rest_route=\/wp\/v2\/product"}],"about":[{"href":"https:\/\/ani-mex.com\/index.php?rest_route=\/wp\/v2\/types\/product"}],"wp:featuredmedia":[{"embeddable":true,"href":"https:\/\/ani-mex.com\/index.php?rest_route=\/wp\/v2\/media\/631"}],"wp:attachment":[{"href":"https:\/\/ani-mex.com\/index.php?rest_route=%2Fwp%2Fv2%2Fmedia&parent=630"}],"wp:term":[{"taxonomy":"product_brand","embeddable":true,"href":"https:\/\/ani-mex.com\/index.php?rest_route=%2Fwp%2Fv2%2Fproduct_brand&post=630"},{"taxonomy":"product_cat","embeddable":true,"href":"https:\/\/ani-mex.com\/index.php?rest_route=%2Fwp%2Fv2%2Fproduct_cat&post=630"},{"taxonomy":"product_tag","embeddable":true,"href":"https:\/\/ani-mex.com\/index.php?rest_route=%2Fwp%2Fv2%2Fproduct_tag&post=630"}],"curies":[{"name":"wp","href":"https:\/\/api.w.org\/{rel}","templated":true}]}}