{"id":639,"date":"2024-11-26T09:34:05","date_gmt":"2024-11-26T09:34:05","guid":{"rendered":"https:\/\/ani-mex.com\/?post_type=product&#038;p=639"},"modified":"2024-11-26T09:34:05","modified_gmt":"2024-11-26T09:34:05","slug":"sandaly-bezpieczne-sx2-z-niemetalowym-podnoskiem-ppo","status":"publish","type":"product","link":"https:\/\/ani-mex.com\/?product=sandaly-bezpieczne-sx2-z-niemetalowym-podnoskiem-ppo","title":{"rendered":"Sanda\u0142y bezpieczne SX2 z niemetalowym podnoskiem PPO"},"content":{"rendered":"<div id=\"nav-section__product-description\" class=\"tab-pane fade show active\" role=\"tabpanel\">\n<div class=\"productDescription\"><strong>Sanda\u0142y bezpieczne z podnoskiem z w\u0142\u00f3kna szklanego i niemetalow\u0105 wk\u0142adk\u0105 antyprzebiciow\u0105\u00a0PN-EN ISO 20345, S1, P, SRC, ESD<\/strong><\/p>\n<ul>\n<li>Rodzaj\u00a0unisex<\/li>\n<li>Podeszwa\u00a0PU\/PU<\/li>\n<li>Podnosek\u00a0z w\u0142\u00f3kna szklanego<\/li>\n<\/ul>\n<p><strong>Charakterystyka obuwia i jego walory u\u017cytkowe:<\/strong><\/p>\n<ul>\n<li>cholewki wykonane z mikrofibry z wyko\u0144czeniem nubukowym<\/li>\n<li>du\u017ca liczba otwor\u00f3w powoduje \u017ce obuwie jest przewiewne<\/li>\n<li>nowoczesna ergonomiczna podeszwa z dwuwarstwowego poliuretanu PU\/PU<\/li>\n<li>u\u017cyty system poliuretanowy zoptymalizowany pod wzgl\u0119dem wytrzyma\u0142o\u015bci na rozci\u0105ganie, spr\u0119\u017cysto\u015bci spodu, odporno\u015bci na \u015bcieranie i hydroliz\u0119<\/li>\n<li>bardzo dobre w\u0142a\u015bciwo\u015bci przeciwpo\u015blizgowe &#8211; SRC<\/li>\n<li>lekkie, trwa\u0142e i wytrzyma\u0142e, skutecznie \u0142agodzi nier\u00f3wno\u015bci pod\u0142o\u017ca<\/li>\n<li>konstrukcja bie\u017cnika zapewnia odprowadzanie p\u0142ynu na zewn\u0105trz i nie dopuszcza do gromadzenia si\u0119 brudu co korzystnie wp\u0142ywa na przyczepno\u015b\u0107<\/li>\n<li>umo\u017cliwia zachowanie niezmiennego poziomu przyczepno\u015bci zapobiegaj\u0105c zjawisku aquaplaningu i zapewniaj\u0105c kontrol\u0119 na r\u00f3\u017cnych pod\u0142o\u017cach<\/li>\n<li>r\u00f3wnomierne rozprowadzanie si\u0142y nacisku zar\u00f3wno w pracy statycznej jak i dynamicznej<\/li>\n<li>doskonale chroni pi\u0119t\u0119, a specjalnie wyprofilowany obcas dodatkowo chroni nog\u0119 przed skr\u0119ceniem<\/li>\n<li>nieprzemakalne od pod\u0142o\u017ca<\/li>\n<li>chroni przed efektem ESD<\/li>\n<li>z podnoskiem z w\u0142\u00f3kna szklanego<\/li>\n<li>z niemetalow\u0105 wk\u0142adk\u0105 antyprzebiciow\u0105 chroni\u0105c\u0105 przed przek\u0142uciem od pod\u0142o\u017ca z si\u0142\u0105 do 1100N<\/li>\n<li>funkcjonalne zapi\u0119cie na rzepy oraz dopasowana guma na podbiciu zapewnia dopasowanie obuwia do stopy<\/li>\n<li>amagnetyczne<\/li>\n<li>nie zawieraj\u0105 metali<\/li>\n<li>antyelektrostatyczne<\/li>\n<li>bardzo dobre w\u0142a\u015bciwo\u015bci higieniczne obuwia<\/li>\n<li>wyposa\u017cone w mi\u0119kk\u0105, wygodn\u0105, przyjazn\u0105 sk\u00f3rze stopy, higroskopijn\u0105 wy\u015bci\u00f3\u0142k\u0119 z filtrem aktywnego w\u0119gla o w\u0142a\u015bciwo\u015bciach przeciwgrzybicznych, przeciwpotnych i antybakteryjnych, co zapewnia stopie neutralny zapach, uczucie sucho\u015bci i przyjemnego ch\u0142odu<\/li>\n<li>certyfikowane przez polsk\u0105 jednostk\u0119 notyfikowan\u0105<\/li>\n<li>wysokiej jako\u015bci produkt polski<\/li>\n<li>obuwie produkowane jest w numeracji w rozmiarach 35-49<\/li>\n<\/ul>\n<\/div>\n<\/div>\n","protected":false},"excerpt":{"rendered":"<p>Sanda\u0142y bezpieczne z podnoskiem z w\u0142\u00f3kna szklanego i niemetalow\u0105 wk\u0142adk\u0105 antyprzebiciow\u0105\u00a0PN-EN ISO 20345, S1, P, SRC, ESD Rodzaj\u00a0unisex Podeszwa\u00a0PU\/PU Podnosek\u00a0z w\u0142\u00f3kna szklanego Charakterystyka obuwia i jego walory u\u017cytkowe: cholewki wykonane z mikrofibry z wyko\u0144czeniem nubukowym du\u017ca liczba otwor\u00f3w powoduje \u017ce obuwie jest przewiewne nowoczesna ergonomiczna podeszwa z dwuwarstwowego poliuretanu PU\/PU u\u017cyty system poliuretanowy zoptymalizowany pod [&hellip;]<\/p>\n","protected":false},"featured_media":640,"template":"","meta":{"_et_pb_use_builder":"","_et_pb_old_content":"","_et_gb_content_width":""},"product_brand":[],"product_cat":[40,95],"product_tag":[],"class_list":{"0":"post-639","1":"product","2":"type-product","3":"status-publish","4":"has-post-thumbnail","6":"product_cat-ochrona-nog","7":"product_cat-sandaly","9":"first","10":"instock","11":"shipping-taxable","12":"purchasable","13":"product-type-simple"},"_links":{"self":[{"href":"https:\/\/ani-mex.com\/index.php?rest_route=\/wp\/v2\/product\/639","targetHints":{"allow":["GET"]}}],"collection":[{"href":"https:\/\/ani-mex.com\/index.php?rest_route=\/wp\/v2\/product"}],"about":[{"href":"https:\/\/ani-mex.com\/index.php?rest_route=\/wp\/v2\/types\/product"}],"wp:featuredmedia":[{"embeddable":true,"href":"https:\/\/ani-mex.com\/index.php?rest_route=\/wp\/v2\/media\/640"}],"wp:attachment":[{"href":"https:\/\/ani-mex.com\/index.php?rest_route=%2Fwp%2Fv2%2Fmedia&parent=639"}],"wp:term":[{"taxonomy":"product_brand","embeddable":true,"href":"https:\/\/ani-mex.com\/index.php?rest_route=%2Fwp%2Fv2%2Fproduct_brand&post=639"},{"taxonomy":"product_cat","embeddable":true,"href":"https:\/\/ani-mex.com\/index.php?rest_route=%2Fwp%2Fv2%2Fproduct_cat&post=639"},{"taxonomy":"product_tag","embeddable":true,"href":"https:\/\/ani-mex.com\/index.php?rest_route=%2Fwp%2Fv2%2Fproduct_tag&post=639"}],"curies":[{"name":"wp","href":"https:\/\/api.w.org\/{rel}","templated":true}]}}