{"id":641,"date":"2024-11-26T09:37:02","date_gmt":"2024-11-26T09:37:02","guid":{"rendered":"https:\/\/ani-mex.com\/?post_type=product&#038;p=641"},"modified":"2024-11-26T09:37:02","modified_gmt":"2024-11-26T09:37:02","slug":"sandaly-201-z-metal-podnoskiem-biale-ppo","status":"publish","type":"product","link":"https:\/\/ani-mex.com\/?product=sandaly-201-z-metal-podnoskiem-biale-ppo","title":{"rendered":"Sanda\u0142y 201 z metal. podnoskiem &#8211; bia\u0142e PPO"},"content":{"rendered":"<p><strong>Sanda\u0142y bezpieczne 201 S1 SRC\/ PPO<\/strong> spe\u0142niaj\u0105 normy <strong>EN 20345 <\/strong>(\u015arodki ochrony indywidualnej, obuwie bezpieczne),<strong> S1<\/strong>(obuwie bezpieczne z podnoskiem kompozytowym lub metalowym), <strong>SRC<\/strong> (odporno\u015b\u0107 na po\u015blizg na pod\u0142o\u017cu ceramicznym pokrytym roztworem laurylosiarczanu sodu (SLS) i na pod\u0142o\u017cu ze stali pokrytym glicerolem). <strong>Kolekcja PPO White.<\/strong> Bardzo komfortowe, solidnie zaprojektowane obuwie robocze, wytrzyma\u0142e i wygodne w noszeniu. Antyelektrostatyczne. Kolor: bia\u0142y. Rozmiary: 36 &#8211; 48. <strong>Wykonane z mi\u0119kkiej, wytrzyma\u0142ej mikrofibry<\/strong> o zmniejszonej nasi\u0105kliwo\u015bci wody, wysokiej oddychalno\u015bci i odporno\u015bci na \u015bcieranie. Podszewka z materia\u0142u o wysokiej higroskopijno\u015bci, kt\u00f3ry gwarantuje uczucie sucho\u015bci i komfortu. Model z nisk\u0105 cholewk\u0105, wy\u015bcie\u0142anym obszarem pi\u0119ty i kostki, otworami wentylacyjnymi, perforacjami oraz optymalnym dopasowaniem na rzep. Sanda\u0142y wyposa\u017cono w metalowy podnosek chroni\u0105cy przed uderzeniami z si\u0142\u0105 200J. Higroskopijna wy\u015bci\u00f3\u0142ka COOLMAX z filtrem aktywnego w\u0119gla jest mi\u0119kka, wygodna, przyjazna sk\u00f3rze, posiada w\u0142a\u015bciwo\u015bci przeciwgrzybiczne, przeciwpotne, antybakteryjne. Zapewnia stopie naturalny zapach, uczucie sucho\u015bci oraz przyjemnego ch\u0142odu. Nadaje si\u0119 do wielokrotnego prania. Doskonale skonstruowana podeszwa z dwuwarstwowego poliuretanu <strong>PU\/ PU<\/strong> z g\u0142\u0119bokim protektorem jest bardzo stabilna podczas chodzenia, chroni nog\u0119 przed skr\u0119ceniem. Cechuje si\u0119 du\u017c\u0105 odporno\u015bci\u0105 na po\u015blizg, oleje, smary, benzyn\u0119 i inne rozpuszczalniki organiczne, jest odporna na temperatur\u0119 w kr\u00f3tkim kontakcie do 180\u00b0C. Na styku z pod\u0142o\u017cem \u2013 chroni\u0105ca przed po\u015blizgiem warstwa litego poliuretanu, charakteryzuje si\u0119 du\u017c\u0105 odporno\u015bci\u0105 na \u015bcieranie, p\u0119kanie i przecinanie; warstwa wewn\u0119trzna poliuretanu spienionego sprawia, \u017ce obuwie jest elastyczne i skutecznie \u0142agodzi nier\u00f3wno\u015bci pod\u0142o\u017ca. Wytrzyma\u0142e obuwie z dobr\u0105 wentylacj\u0105 i w\u0142a\u015bciwo\u015bciami higienicznymi dla wymagaj\u0105cych klient\u00f3w. Sprawdz\u0105 si\u0119 w bran\u017cy spo\u017cywczej, gastronomicznej, farmaceutycznej, w laboratoriach o podwy\u017cszonym rygorze czysto\u015bciowym.<\/p>\n<p><strong>CECHY PRODYKTU<\/strong><\/p>\n<ul>\n<li><strong>Sanda\u0142y 201 S1 SRC\/ PPO<\/strong><\/li>\n<li>EN 20345 (\u015arodki ochrony indywidualnej, obuwie bezpieczne)<\/li>\n<li>S1(obuwie bezpieczne z podnoskiem kompozytowym lub metalowym)<\/li>\n<li>SRC (odporno\u015b\u0107 na po\u015blizg na pod\u0142o\u017cu ceramicznym pokrytym roztworem laurylosiarczanu sodu (SLS) i na pod\u0142o\u017cu ze stali pokrytym glicerolem)<\/li>\n<li>Kolekcja PPO White<\/li>\n<li>Obuwie bezpieczne<\/li>\n<li>Obuwie antyelektrostatyczne<\/li>\n<li>Kolor: bia\u0142y<\/li>\n<li>Rozmiary: 36 &#8211; 48<\/li>\n<li>Cholewka: mikrofibra<\/li>\n<li>Podszewka: higroskopijny materia\u0142<\/li>\n<li>Niska cholewka, wy\u015bcie\u0142any zapi\u0119tek, dopasowanie na rzep, otwory wentylacyjne i perforacje<\/li>\n<li>Metalowy podnosek<\/li>\n<li>Wy\u015bci\u00f3\u0142ka COOLMAX z filtrem aktywnego w\u0119gla<\/li>\n<li>W\u0142a\u015bciwo\u015bci przeciwgrzybiczne, przeciwpotne, antybakteryjne<\/li>\n<li>Podeszwa PU\/ PU<\/li>\n<li>Antypo\u015blizgowo\u015b\u0107<\/li>\n<li>Olejoodporno\u015b\u0107<\/li>\n<li>Odporno\u015b\u0107 na \u015bcieranie, p\u0119kanie, przecinanie<\/li>\n<li>Elastyczno\u015b\u0107<\/li>\n<li>Stabilno\u015b\u0107 podczas chodzenia<\/li>\n<li>Absorpcja energii w cz\u0119\u015bci pi\u0119towej<\/li>\n<li>Komfort i wygoda noszenia<\/li>\n<li>Przeznaczone do \u015brodowisk pracy o podwy\u017cszonych wymogach higienicznych<\/li>\n<\/ul>\n","protected":false},"excerpt":{"rendered":"<p><strong>Sanda\u0142y bezpieczne 201 S1 SRC\/ PPO<\/strong> spe\u0142niaj\u0105 normy <strong>EN 20345 <\/strong>(\u015arodki ochrony indywidualnej, obuwie bezpieczne),<strong> S1<\/strong>(obuwie bezpieczne z podnoskiem kompozytowym lub metalowym), <strong>SRC<\/strong> (odporno\u015b\u0107 na po\u015blizg na pod\u0142o\u017cu ceramicznym pokrytym roztworem laurylosiarczanu sodu (SLS) i na pod\u0142o\u017cu ze stali pokrytym glicerolem). <strong>Kolekcja PPO White.<\/strong><\/p>\n","protected":false},"featured_media":642,"template":"","meta":{"_et_pb_use_builder":"","_et_pb_old_content":"","_et_gb_content_width":""},"product_brand":[],"product_cat":[40,95],"product_tag":[],"class_list":{"0":"post-641","1":"product","2":"type-product","3":"status-publish","4":"has-post-thumbnail","6":"product_cat-ochrona-nog","7":"product_cat-sandaly","9":"first","10":"instock","11":"shipping-taxable","12":"purchasable","13":"product-type-simple"},"_links":{"self":[{"href":"https:\/\/ani-mex.com\/index.php?rest_route=\/wp\/v2\/product\/641","targetHints":{"allow":["GET"]}}],"collection":[{"href":"https:\/\/ani-mex.com\/index.php?rest_route=\/wp\/v2\/product"}],"about":[{"href":"https:\/\/ani-mex.com\/index.php?rest_route=\/wp\/v2\/types\/product"}],"wp:featuredmedia":[{"embeddable":true,"href":"https:\/\/ani-mex.com\/index.php?rest_route=\/wp\/v2\/media\/642"}],"wp:attachment":[{"href":"https:\/\/ani-mex.com\/index.php?rest_route=%2Fwp%2Fv2%2Fmedia&parent=641"}],"wp:term":[{"taxonomy":"product_brand","embeddable":true,"href":"https:\/\/ani-mex.com\/index.php?rest_route=%2Fwp%2Fv2%2Fproduct_brand&post=641"},{"taxonomy":"product_cat","embeddable":true,"href":"https:\/\/ani-mex.com\/index.php?rest_route=%2Fwp%2Fv2%2Fproduct_cat&post=641"},{"taxonomy":"product_tag","embeddable":true,"href":"https:\/\/ani-mex.com\/index.php?rest_route=%2Fwp%2Fv2%2Fproduct_tag&post=641"}],"curies":[{"name":"wp","href":"https:\/\/api.w.org\/{rel}","templated":true}]}}