{"id":644,"date":"2024-11-26T09:46:42","date_gmt":"2024-11-26T09:46:42","guid":{"rendered":"https:\/\/ani-mex.com\/?post_type=product&#038;p=644"},"modified":"2024-11-26T09:46:42","modified_gmt":"2024-11-26T09:46:42","slug":"sandaly-601-z-metal-podnoskiem-esd-ppo","status":"publish","type":"product","link":"https:\/\/ani-mex.com\/?product=sandaly-601-z-metal-podnoskiem-esd-ppo","title":{"rendered":"Sanda\u0142y 601 z metal. podnoskiem ESD PPO"},"content":{"rendered":"<p><strong>Sanda\u0142y z metalowym podnoskiem ESD SRC 601\/ PPO <\/strong>spe\u0142niaj\u0105 normy<strong> EN 20345 (\u015brodki ochrony indywidualnej &#8211; obuwie bezpieczne), S1<\/strong> (obuwie bezpieczne z podnoskiem kompozytowym lub metalowym), <strong>ESD<\/strong> (ochrona przed ryzykiem wy\u0142adowa\u0144 statycznych pracownika), <strong>SRC<\/strong> (odporno\u015b\u0107 na po\u015blizg na pod\u0142o\u017cu ceramicznym pokrytym roztworem laurylosiarczanu sodu (SLS) i na pod\u0142o\u017cu ze stali pokrytym glicerolem). <strong>Kolekcja PPO ESD<\/strong>. Komfortowe obuwie bezpieczne, lekkie i wygodne. Obuwie antyelektrostatyczne. Chroni przed efektem ESD zgodnie z norm\u0105 PN-EN 61340-5-1:2017-01, posiada w\u0142a\u015bciwo\u015bci rozpraszaj\u0105ce. Kolor: czarny. Rozmiar: 39 &#8211; 48. Model z nisk\u0105 cholewk\u0105, mi\u0119kkim wyko\u0144czeniem obszaru pi\u0119ty i kostki, dopasowanie za pomoc\u0105 paska z klamr\u0105. Cholewka perforowana z du\u017cymi otworami wentylacyjnymi.<strong> Wykonana z mi\u0119kkiej, przyjaznej sk\u00f3rze, zaawansowanej technicznie<\/strong> <strong>mikrofibry o strukturze weluru<\/strong>, kt\u00f3ra cechuje si\u0119 wysok\u0105 oddychalno\u015bci\u0105 i odporno\u015bci\u0105 na \u015bcieranie. Antybakteryjna podszewka z materia\u0142u Coolmax\u00ae posiada doskona\u0142e w\u0142a\u015bciwo\u015bci higieniczne. Skutecznie odprowadza wilgo\u0107 i szybko odparowuje, neutralizuje nieprzyjemne zapachy, znacz\u0105co podnosi komfort u\u017cytkowania. Obuwie wyposa\u017cono w metalowy podnosek zabezpieczaj\u0105cy palce przed uderzeniami z si\u0142\u0105 200J. Higroskopijna wy\u015bci\u00f3\u0142ka z filtrem aktywnego w\u0119gla jest mi\u0119kka, wygodna, przyjazna sk\u00f3rze, ma w\u0142a\u015bciwo\u015bci przeciwgrzybiczne, przeciwpotne, antybakteryjne, zapewnia stopie neutralny zapach, uczucie sucho\u015bci i przyjemnego ch\u0142odu. <strong>Stabilna dwuwarstwowa podeszwa z PU\/TPU<\/strong> (bie\u017cnik z litego, transparentnego poliuretanu termoplastycznego, mi\u0119dzypodeszwa ze spienionego poliuretanu kom\u00f3rkowego). Podeszwa jest olejoodporna, antypo\u015blizgowa, poch\u0142ania energi\u0119 w cz\u0119\u015bci pi\u0119towej, lekka, elastyczna i wytrzyma\u0142a. P\u00f3\u0142buty sprawdz\u0105 si\u0119 w bran\u017cy elektronicznej, komputerowej, chemicznej, samochodowej, farmaceutycznej, medycznej, w przemy\u015ble spo\u017cywczym, lotniczym, w laboratoriach, biotechnologii.<\/p>\n<p><strong>CECHY PRODUKTU<\/strong><\/p>\n<ul>\n<li><strong>Sanda\u0142y z metalowym podnoskiem ESD SRC 601\/ PPO<\/strong><\/li>\n<li>EN 20345 (\u015brodki ochrony indywidualnej &#8211; obuwie bezpieczne)<\/li>\n<li>S1 (obuwie bezpieczne z podnoskiem kompozytowym lub metalowym)<\/li>\n<li>ESD (ochrona przed ryzykiem wy\u0142adowa\u0144 statycznych pracownika)<\/li>\n<li>SRC (odporno\u015b\u0107 na po\u015blizg na pod\u0142o\u017cu ceramicznym pokrytym roztworem laurylosiarczanu sodu (SLS) i na pod\u0142o\u017cu ze stali pokrytym glicerolem)<\/li>\n<li>Kolekcja PPO ESD<\/li>\n<li>Obuwie bezpieczne<\/li>\n<li>Obuwie antyelektrostatyczne<\/li>\n<li>Kolor: czarny<\/li>\n<li>Rozmiar: 39 &#8211; 47<\/li>\n<li>Cholewka: mikrofibra<\/li>\n<li>Podszewka: Coolmax\u00ae<\/li>\n<li>Wy\u015bci\u00f3\u0142ka: higroskopijna z filtrem aktywnego w\u0119gla<\/li>\n<li>Podnosek: metal<\/li>\n<li>Podeszwa: PU\/TPU<\/li>\n<li>Antypo\u015blizgowo\u015b\u0107<\/li>\n<li>Olejoodporno\u015b\u0107<\/li>\n<li>Odporne na \u015bcieranie, przeci\u0119cia i p\u0119kanie<\/li>\n<li>Nie rysuje powierzchni<\/li>\n<li>Absorpcja energii w cz\u0119\u015bci pi\u0119towej<\/li>\n<li>Wytrzyma\u0142o\u015b\u0107<\/li>\n<li>Doskona\u0142e w\u0142a\u015bciwo\u015bci higieniczne<\/li>\n<li>Lekkie i elastyczne<\/li>\n<li>Komfort i wygoda noszenia<\/li>\n<\/ul>\n","protected":false},"excerpt":{"rendered":"<p><strong>Sanda\u0142y z metalowym podnoskiem ESD SRC 601\/ PPO <\/strong>spe\u0142niaj\u0105 normy<strong> EN 20345 (\u015brodki ochrony indywidualnej &#8211; obuwie bezpieczne), S1<\/strong> (obuwie bezpieczne z podnoskiem kompozytowym lub metalowym), <strong>ESD<\/strong> (ochrona przed ryzykiem wy\u0142adowa\u0144 statycznych pracownika), <strong>SRC<\/strong> (odporno\u015b\u0107 na po\u015blizg na pod\u0142o\u017cu ceramicznym pokrytym roztworem laurylosiarczanu sodu (SLS) i na pod\u0142o\u017cu ze stali pokrytym glicerolem).<\/p>\n","protected":false},"featured_media":645,"template":"","meta":{"_et_pb_use_builder":"","_et_pb_old_content":"","_et_gb_content_width":""},"product_brand":[],"product_cat":[40,95],"product_tag":[],"class_list":{"0":"post-644","1":"product","2":"type-product","3":"status-publish","4":"has-post-thumbnail","6":"product_cat-ochrona-nog","7":"product_cat-sandaly","9":"first","10":"instock","11":"shipping-taxable","12":"purchasable","13":"product-type-simple"},"_links":{"self":[{"href":"https:\/\/ani-mex.com\/index.php?rest_route=\/wp\/v2\/product\/644","targetHints":{"allow":["GET"]}}],"collection":[{"href":"https:\/\/ani-mex.com\/index.php?rest_route=\/wp\/v2\/product"}],"about":[{"href":"https:\/\/ani-mex.com\/index.php?rest_route=\/wp\/v2\/types\/product"}],"wp:featuredmedia":[{"embeddable":true,"href":"https:\/\/ani-mex.com\/index.php?rest_route=\/wp\/v2\/media\/645"}],"wp:attachment":[{"href":"https:\/\/ani-mex.com\/index.php?rest_route=%2Fwp%2Fv2%2Fmedia&parent=644"}],"wp:term":[{"taxonomy":"product_brand","embeddable":true,"href":"https:\/\/ani-mex.com\/index.php?rest_route=%2Fwp%2Fv2%2Fproduct_brand&post=644"},{"taxonomy":"product_cat","embeddable":true,"href":"https:\/\/ani-mex.com\/index.php?rest_route=%2Fwp%2Fv2%2Fproduct_cat&post=644"},{"taxonomy":"product_tag","embeddable":true,"href":"https:\/\/ani-mex.com\/index.php?rest_route=%2Fwp%2Fv2%2Fproduct_tag&post=644"}],"curies":[{"name":"wp","href":"https:\/\/api.w.org\/{rel}","templated":true}]}}