{"id":647,"date":"2024-11-26T09:50:20","date_gmt":"2024-11-26T09:50:20","guid":{"rendered":"https:\/\/ani-mex.com\/?post_type=product&#038;p=647"},"modified":"2024-11-26T09:50:20","modified_gmt":"2024-11-26T09:50:20","slug":"sandaly-701-z-podnoskiem-kompozyt-esd-ppo","status":"publish","type":"product","link":"https:\/\/ani-mex.com\/?product=sandaly-701-z-podnoskiem-kompozyt-esd-ppo","title":{"rendered":"Sanda\u0142y 701 z podnoskiem kompozyt. ESD PPO"},"content":{"rendered":"<p><strong>Sanda\u0142y bezpieczne z podnoskiem 701\/PPO<\/strong> spe\u0142niaj\u0105 normy <strong>EN 20345 (\u015brodki ochrony indywidualnej &#8211; obuwie bezpieczne), S1<\/strong> (obuwie bezpieczne z podnoskiem kompozytowym lub metalowym), <strong>ESD<\/strong> (ochrona przed ryzykiem wy\u0142adowa\u0144 statycznych pracownika), <strong>SRC<\/strong> (odporno\u015b\u0107 na po\u015blizg na pod\u0142o\u017cu ceramicznym pokrytym roztworem laurylosiarczanu sodu (SLS) i na pod\u0142o\u017cu ze stali pokrytym glicerolem). <strong>Kolekcja PPO ESD<\/strong>. Bardzo wygodne sanda\u0142y robocze, bezpieczne z podnoskiem. Obuwie antyelektrostatyczne. Bez metalu. Chroni przed efektem ESD zgodnie z norm\u0105 PN-EN 61340-5-1:2017-01 posiada w\u0142a\u015bciwo\u015bci rozpraszaj\u0105ce &#8211; klasa klimatu 3. Kolor: czarny + jasnobr\u0105zowe wstawki, szara podszewka. Rozmiar: 39 &#8211; 47. Model z nisk\u0105 cholewk\u0105, mi\u0119kkim wyko\u0144czeniem obszaru pi\u0119ty i kostki, dopasowaniem za pomoc\u0105 sznurowania.<strong> Cholewka wykonana z jako\u015bciowej sk\u00f3ry nubukowej<\/strong> o wysokim wsp\u00f3\u0142czynniku przepuszczalno\u015bci pary wodnej, 15 &#8211; krotnie wy\u017cszym od wymaga\u0144 normy. Komfortowa podszewka z materia\u0142u Super Royal\u00ae zapewnia stopie uczucie sucho\u015bci. Obuwie wyposa\u017cono w perforowany podnosek kompozytowy AirTec\u00ae chroni\u0105cy przed uderzeniami z energi\u0105 do 200J, w kt\u00f3rym specjalnie rozmieszczone otworki gwarantuj\u0105 stopie naturaln\u0105 oddychalno\u015b\u0107. Higroskopijna wy\u015bci\u00f3\u0142ka z filtrem aktywnego w\u0119gla posiada w\u0142a\u015bciwo\u015bci przeciwgrzybiczne, przeciwpotne i antybakteryjne, zapewnia stopie neutralny zapach, uczucie sucho\u015bci i przyjemnego ch\u0142odu. Nadaje si\u0119 do wielokrotnego prania. <strong>Dobrze urze\u017abiona dwuwarstwowa podeszwa PU\/ TPU<\/strong> z systemem Shockabsorber jest olejoodporna, antypo\u015blizgowa, odporna na temperatur\u0119 w kr\u00f3tkotrwa\u0142ym kontakcie do 120\u00b0C, poch\u0142ania energi\u0119 w cz\u0119\u015bci pi\u0119towej, nie rysuje powierzchni, jest gi\u0119tka i elastyczna r\u00f3wnie\u017c w niskich temperaturach. Specjalnie wyprofilowany obcas chroni nog\u0119 przed skr\u0119ceniem. Sanda\u0142y sprawdz\u0105 si\u0119 w wymagaj\u0105cej bran\u017cy budowlano &#8211; remontowej, monta\u017cowej, logistyce, transporcie, na magazynie, hali produkcyjnej.<\/p>\n<p><strong>CECHY PRODUKTU<\/strong><\/p>\n<ul>\n<li><strong>Sanda\u0142y bezpieczne z podnoskiem 701\/PPO<\/strong><\/li>\n<li>EN 20345 (\u015brodki ochrony indywidualnej &#8211; obuwie bezpieczne)<\/li>\n<li>S1 (obuwie bezpieczne z podnoskiem kompozytowym lub metalowym)<\/li>\n<li>ESD (ochrona przed ryzykiem wy\u0142adowa\u0144 statycznych pracownika)<\/li>\n<li>SRC (odporno\u015b\u0107 na po\u015blizg na pod\u0142o\u017cu ceramicznym pokrytym roztworem laurylosiarczanu sodu (SLS) i na pod\u0142o\u017cu ze stali pokrytym glicerolem)<\/li>\n<li>Kolekcja PPO ESD<\/li>\n<li>Obuwie bezpieczne<\/li>\n<li>Obuwie antyelektrostatyczne<\/li>\n<li>Chroni przed efektem ESD zgodnie z norm\u0105 PN-EN 61340-5-1:2017-01 posiada w\u0142a\u015bciwo\u015bci rozpraszaj\u0105ce &#8211; klasa klimatu 3<\/li>\n<li>Kolor: czarny + jasnobr\u0105zowe wstawki, szara podszewka<\/li>\n<li>Rozmiar: 39 &#8211; 47<\/li>\n<li>Cholewka: sk\u00f3ra nubukowa<\/li>\n<li>Podszewka: Super Royal\u00ae<\/li>\n<li>Wy\u015bci\u00f3\u0142ka: higroskopijna z filtrem aktywnego w\u0119gla<\/li>\n<li>Perforowany podnosek kompozytowy<\/li>\n<li>Podeszwa: PU\/ TPU z systemem Shockabsorber<\/li>\n<li>Olejoodporno\u015b\u0107<\/li>\n<li>Antypo\u015blizgowo\u015b\u0107<\/li>\n<li>Odporno\u015b\u0107 na temperatur\u0119 w kr\u00f3tkotrwa\u0142ym kontakcie do 120\u00b0C<\/li>\n<li>Absorpcja energii w cz\u0119\u015bci pi\u0119towej<\/li>\n<li>Nie rysuje powierzchni<\/li>\n<li>Elastyczno\u015b\u0107 r\u00f3wnie\u017c w niskich temperaturach<\/li>\n<li>Komfort u\u017cytkowania<\/li>\n<\/ul>\n","protected":false},"excerpt":{"rendered":"<p><strong>Sanda\u0142y bezpieczne z podnoskiem 701\/PPO<\/strong> spe\u0142niaj\u0105 normy <strong>EN 20345 (\u015brodki ochrony indywidualnej &#8211; obuwie bezpieczne), S1<\/strong> (obuwie bezpieczne z podnoskiem kompozytowym lub metalowym), <strong>ESD<\/strong> (ochrona przed ryzykiem wy\u0142adowa\u0144 statycznych pracownika), <strong>SRC<\/strong> (odporno\u015b\u0107 na po\u015blizg na pod\u0142o\u017cu ceramicznym pokrytym roztworem laurylosiarczanu sodu (SLS) i na pod\u0142o\u017cu ze stali pokrytym glicerolem).<\/p>\n","protected":false},"featured_media":648,"template":"","meta":{"_et_pb_use_builder":"","_et_pb_old_content":"","_et_gb_content_width":""},"product_brand":[],"product_cat":[40,95],"product_tag":[],"class_list":{"0":"post-647","1":"product","2":"type-product","3":"status-publish","4":"has-post-thumbnail","6":"product_cat-ochrona-nog","7":"product_cat-sandaly","9":"first","10":"instock","11":"shipping-taxable","12":"purchasable","13":"product-type-simple"},"_links":{"self":[{"href":"https:\/\/ani-mex.com\/index.php?rest_route=\/wp\/v2\/product\/647","targetHints":{"allow":["GET"]}}],"collection":[{"href":"https:\/\/ani-mex.com\/index.php?rest_route=\/wp\/v2\/product"}],"about":[{"href":"https:\/\/ani-mex.com\/index.php?rest_route=\/wp\/v2\/types\/product"}],"wp:featuredmedia":[{"embeddable":true,"href":"https:\/\/ani-mex.com\/index.php?rest_route=\/wp\/v2\/media\/648"}],"wp:attachment":[{"href":"https:\/\/ani-mex.com\/index.php?rest_route=%2Fwp%2Fv2%2Fmedia&parent=647"}],"wp:term":[{"taxonomy":"product_brand","embeddable":true,"href":"https:\/\/ani-mex.com\/index.php?rest_route=%2Fwp%2Fv2%2Fproduct_brand&post=647"},{"taxonomy":"product_cat","embeddable":true,"href":"https:\/\/ani-mex.com\/index.php?rest_route=%2Fwp%2Fv2%2Fproduct_cat&post=647"},{"taxonomy":"product_tag","embeddable":true,"href":"https:\/\/ani-mex.com\/index.php?rest_route=%2Fwp%2Fv2%2Fproduct_tag&post=647"}],"curies":[{"name":"wp","href":"https:\/\/api.w.org\/{rel}","templated":true}]}}