{"id":680,"date":"2024-11-26T10:50:04","date_gmt":"2024-11-26T10:50:04","guid":{"rendered":"https:\/\/ani-mex.com\/?post_type=product&#038;p=680"},"modified":"2024-11-26T10:50:04","modified_gmt":"2024-11-26T10:50:04","slug":"softref-orange-kurtka-softshell-ostrzegawcza","status":"publish","type":"product","link":"https:\/\/ani-mex.com\/?product=softref-orange-kurtka-softshell-ostrzegawcza","title":{"rendered":"SOFTREF Orange Kurtka Softshell -ostrzegawcza"},"content":{"rendered":"<p>kurtka typu softshell. Wykonana ze specjalistycznego materia\u0142u impregnowanego pow\u0142ok\u0105 TPU, kt\u00f3ry zapewnia doskona\u0142\u0105 ochron\u0119 przed wiatrem i deszczem (3000mm s\u0142upa wody).<\/p>\n<p><strong>Charakterystyka:<\/strong><\/p>\n<ul>\n<li>zapinana na wysokiej klasy suwak chroni\u0105cy przed wiatrem- r\u00f3wnie\u017c przy kieszeniach<\/li>\n<li>posiada 3 kieszenie zewn\u0119trzne- 2 boczne z patkami, 1 napoleo\u0144ska (na klatce piersiowej)<\/li>\n<li>odpinany i regulowany kaptur, zapinany dodatkowo na rzep tu\u017c przy zamku w celu jeszcze wi\u0119kszej ochrony przed deszczem i wiatrem<\/li>\n<li>regulowany d\u00f3\u0142 kurtki za pomoc\u0105 elastycznego sznurka i stoper\u00f3w- pozwala dok\u0142adnie dopasowa\u0107 kurtk\u0119 do sylwetki.<\/li>\n<li>st\u00f3jka wyko\u0144czona od wewn\u0105trz mi\u0119kkim, podnosz\u0105cym komfort u\u017cytkowania materia\u0142em<\/li>\n<li>r\u0119kawy podszyte podszewk\u0105, g\u0142adka podszewka u\u0142atwia zak\u0142adanie i zdejmowanie bluzy<\/li>\n<\/ul>\n<p><strong>Kolory:<\/strong><\/p>\n<ul>\n<li>\u017c\u00f3\u0142ty fluorescencyjny z czarnymi wstawkami oraz pasami odblaskowymi<\/li>\n<li>pomara\u0144czowy fluorescencyjny z czarnymi wstawkami i pasami odblaskowymi<\/li>\n<\/ul>\n<p><strong>Dost\u0119pne rozmiary:<\/strong><\/p>\n<ul>\n<li>M<\/li>\n<li>L<\/li>\n<li>XL<\/li>\n<li>XXL<\/li>\n<li>XXXL<\/li>\n<\/ul>\n","protected":false},"excerpt":{"rendered":"<p>kurtka typu softshell. Wykonana ze specjalistycznego materia\u0142u impregnowanego pow\u0142ok\u0105 TPU, kt\u00f3ry zapewnia doskona\u0142\u0105 ochron\u0119 przed wiatrem i deszczem (3000mm s\u0142upa wody).<\/p>\n","protected":false},"featured_media":681,"template":"","meta":{"_et_pb_use_builder":"","_et_pb_old_content":"","_et_gb_content_width":""},"product_brand":[],"product_cat":[86,37],"product_tag":[],"class_list":{"0":"post-680","1":"product","2":"type-product","3":"status-publish","4":"has-post-thumbnail","6":"product_cat-kurtki","7":"product_cat-ochrona-ciala","9":"first","10":"instock","11":"shipping-taxable","12":"purchasable","13":"product-type-simple"},"_links":{"self":[{"href":"https:\/\/ani-mex.com\/index.php?rest_route=\/wp\/v2\/product\/680","targetHints":{"allow":["GET"]}}],"collection":[{"href":"https:\/\/ani-mex.com\/index.php?rest_route=\/wp\/v2\/product"}],"about":[{"href":"https:\/\/ani-mex.com\/index.php?rest_route=\/wp\/v2\/types\/product"}],"wp:featuredmedia":[{"embeddable":true,"href":"https:\/\/ani-mex.com\/index.php?rest_route=\/wp\/v2\/media\/681"}],"wp:attachment":[{"href":"https:\/\/ani-mex.com\/index.php?rest_route=%2Fwp%2Fv2%2Fmedia&parent=680"}],"wp:term":[{"taxonomy":"product_brand","embeddable":true,"href":"https:\/\/ani-mex.com\/index.php?rest_route=%2Fwp%2Fv2%2Fproduct_brand&post=680"},{"taxonomy":"product_cat","embeddable":true,"href":"https:\/\/ani-mex.com\/index.php?rest_route=%2Fwp%2Fv2%2Fproduct_cat&post=680"},{"taxonomy":"product_tag","embeddable":true,"href":"https:\/\/ani-mex.com\/index.php?rest_route=%2Fwp%2Fv2%2Fproduct_tag&post=680"}],"curies":[{"name":"wp","href":"https:\/\/api.w.org\/{rel}","templated":true}]}}