{"id":691,"date":"2024-11-26T11:06:59","date_gmt":"2024-11-26T11:06:59","guid":{"rendered":"https:\/\/ani-mex.com\/?post_type=product&#038;p=691"},"modified":"2024-11-26T11:06:59","modified_gmt":"2024-11-26T11:06:59","slug":"kurtka-flash-orange-kat-2-ostrzegawcza","status":"publish","type":"product","link":"https:\/\/ani-mex.com\/?product=kurtka-flash-orange-kat-2-ostrzegawcza","title":{"rendered":"Kurtka FLASH Orange kat.2 -ostrzegawcza"},"content":{"rendered":"<p>Kurtka ocieplana, wykonana z tkaniny typu Oxford 300D impregnowanego PU, dzi\u0119ki czemu zachowuje wysok\u0105 wodoodporno\u015b\u0107. Doskonale chroni przed wiatrem oraz deszczem.<\/p>\n<p>Idealna do pracy wymagaj\u0105cej zwi\u0119kszonej widoczno\u015bci u\u017cytkownika w warunkach zimowych i deszczowych.<\/p>\n<p><strong>Charakterystyka:<\/strong><\/p>\n<ul>\n<li>ocieplana, wodoodporna<\/li>\n<li>na torsie i r\u0119kawach naszyte pasy odblaskowe, kt\u00f3re zwi\u0119kszaj\u0105 widoczno\u015bci<\/li>\n<li>szwy wodoszczelne zabezpieczone ta\u015bm\u0105 termozgrzewaln\u0105<\/li>\n<li>zapinana na suwak os\u0142oni\u0119ty listw\u0105 zapinan\u0105 na napy<\/li>\n<li>r\u0119kawy zako\u0144czone dzianinowym \u015bci\u0105gaczem, chroni\u0105cym przed wiatrem<\/li>\n<li>kaptur chowany w st\u00f3jce, regulowany przez stopery<\/li>\n<li>regulacja obwodu pasa przez stopery<\/li>\n<li>2 du\u017ce kieszenie zewn\u0119trzne zapinane na napy<\/li>\n<li>1 kiesze\u0144 wewn\u0119trzna zapinana na rzep<\/li>\n<\/ul>\n<p><strong>Spe\u0142niaj\u0105ca wymagania norm:<\/strong><\/p>\n<ul>\n<li>EN ISO 20471:2013 dla odzie\u017cy o intensywnej widzialno\u015bci:<\/li>\n<li>klasa 3 powierzchni materia\u0142u zgodnie z wymaganiami normy EN ISO 20471:2013.<\/li>\n<\/ul>\n<p><strong>Dost\u0119pna w kolorach: <\/strong><\/p>\n<ul>\n<li>\u017c\u00f3\u0142ty fluorescencyjny z odblaskowymi pasami<\/li>\n<li>pomara\u0144czowy fluorescencyjny z odblaskowymi pasami<\/li>\n<\/ul>\n<p><strong>Dost\u0119pne rozmiary:\u00a0<\/strong><\/p>\n<ul>\n<li>M<\/li>\n<li>L<\/li>\n<li>XL<\/li>\n<li>XXL<\/li>\n<li>XXXL<\/li>\n<\/ul>\n","protected":false},"excerpt":{"rendered":"<p>Kurtka ocieplana, wykonana z tkaniny typu Oxford 300D impregnowanego PU, dzi\u0119ki czemu zachowuje wysok\u0105 wodoodporno\u015b\u0107. Doskonale chroni przed wiatrem oraz deszczem.<\/p>\n","protected":false},"featured_media":692,"template":"","meta":{"_et_pb_use_builder":"","_et_pb_old_content":"","_et_gb_content_width":""},"product_brand":[],"product_cat":[86,37],"product_tag":[],"class_list":{"0":"post-691","1":"product","2":"type-product","3":"status-publish","4":"has-post-thumbnail","6":"product_cat-kurtki","7":"product_cat-ochrona-ciala","9":"first","10":"instock","11":"shipping-taxable","12":"purchasable","13":"product-type-simple"},"_links":{"self":[{"href":"https:\/\/ani-mex.com\/index.php?rest_route=\/wp\/v2\/product\/691","targetHints":{"allow":["GET"]}}],"collection":[{"href":"https:\/\/ani-mex.com\/index.php?rest_route=\/wp\/v2\/product"}],"about":[{"href":"https:\/\/ani-mex.com\/index.php?rest_route=\/wp\/v2\/types\/product"}],"wp:featuredmedia":[{"embeddable":true,"href":"https:\/\/ani-mex.com\/index.php?rest_route=\/wp\/v2\/media\/692"}],"wp:attachment":[{"href":"https:\/\/ani-mex.com\/index.php?rest_route=%2Fwp%2Fv2%2Fmedia&parent=691"}],"wp:term":[{"taxonomy":"product_brand","embeddable":true,"href":"https:\/\/ani-mex.com\/index.php?rest_route=%2Fwp%2Fv2%2Fproduct_brand&post=691"},{"taxonomy":"product_cat","embeddable":true,"href":"https:\/\/ani-mex.com\/index.php?rest_route=%2Fwp%2Fv2%2Fproduct_cat&post=691"},{"taxonomy":"product_tag","embeddable":true,"href":"https:\/\/ani-mex.com\/index.php?rest_route=%2Fwp%2Fv2%2Fproduct_tag&post=691"}],"curies":[{"name":"wp","href":"https:\/\/api.w.org\/{rel}","templated":true}]}}