{"id":703,"date":"2024-11-26T11:20:29","date_gmt":"2024-11-26T11:20:29","guid":{"rendered":"https:\/\/ani-mex.com\/?post_type=product&#038;p=703"},"modified":"2024-11-26T11:20:29","modified_gmt":"2024-11-26T11:20:29","slug":"topjack-grey-black-kurtka","status":"publish","type":"product","link":"https:\/\/ani-mex.com\/?product=topjack-grey-black-kurtka","title":{"rendered":"TOPJACK grey\/black kurtka"},"content":{"rendered":"<div id=\"nav-text\" class=\"tab-pane fade show active\" role=\"tabpanel\" aria-labelledby=\"nav-text-tab\">\n<p>Ocieplana kurtka, materia\u0142 zewn\u0119trzny &#8211; poliester impregnowany PVC o gramaturze 230g\/m<sup>2<\/sup> (+\/- 10g\/m<sup>2<\/sup>). Ocieplina (180g\/m<sup>2<\/sup>) i podszewka wykonane r\u00f3wnie\u017c z poliestru.<\/p>\n<p>Wygodna, niekr\u0119puj\u0105ca ruch\u00f3w, ocieplana i wykonana z bardzo wytrzyma\u0142ych materia\u0142\u00f3w.<\/p>\n<p>Polecana do prac w warunkach jesiennych i zimowych.<\/p>\n<p><strong>Charakterystyka:<\/strong><\/p>\n<ul>\n<li>kurtka zapinana na suwak, kryty klap\u0105 z napami<\/li>\n<li>kaptur odpinany na suwak, z regulacj\u0105 na elastyczne sznurki i zapi\u0119ciem na rzep<\/li>\n<li>3 kieszenie zewn\u0119trzne zapinane na suwak, 1 kiesze\u0144 wewn\u0119trzna zapinana na rzep<\/li>\n<li>regulacja do\u0142u kurtki za pomoc\u0105 elastycznych sznurk\u00f3w,<\/li>\n<li>mankiety regulowane na rzep<\/li>\n<li>tu\u0142\u00f3w i kaptur ocieplany polarem<\/li>\n<li>dost\u0119pne kolory: niebiesko-czarny, szaro-czarny<\/li>\n<\/ul>\n<p><strong>Dost\u0119pne kolory:<\/strong><\/p>\n<ul>\n<li>niebiesko-czarnym<\/li>\n<li>szaro-czarny<\/li>\n<\/ul>\n<p><strong>Dost\u0119pne rozmiary:<\/strong><\/p>\n<ul>\n<li>M<\/li>\n<li>L<\/li>\n<li>XL<\/li>\n<li>XXL<\/li>\n<li>XXXL<\/li>\n<\/ul>\n<p><strong>CE Kat.I EN ISO 13688:2013 &#8211; opakowanie zbiorcze 1\/10<\/strong><\/p>\n<\/div>\n","protected":false},"excerpt":{"rendered":"<p>Ocieplana kurtka, materia\u0142 zewn\u0119trzny &#8211; poliester impregnowany PVC o gramaturze 230g\/m<sup>2<\/sup> (+\/- 10g\/m<sup>2<\/sup>). Ocieplina (180g\/m<sup>2<\/sup>) i podszewka wykonane r\u00f3wnie\u017c z poliestru.<\/p>\n","protected":false},"featured_media":704,"template":"","meta":{"_et_pb_use_builder":"","_et_pb_old_content":"","_et_gb_content_width":""},"product_brand":[],"product_cat":[86,37],"product_tag":[],"class_list":{"0":"post-703","1":"product","2":"type-product","3":"status-publish","4":"has-post-thumbnail","6":"product_cat-kurtki","7":"product_cat-ochrona-ciala","9":"first","10":"instock","11":"shipping-taxable","12":"purchasable","13":"product-type-simple"},"_links":{"self":[{"href":"https:\/\/ani-mex.com\/index.php?rest_route=\/wp\/v2\/product\/703","targetHints":{"allow":["GET"]}}],"collection":[{"href":"https:\/\/ani-mex.com\/index.php?rest_route=\/wp\/v2\/product"}],"about":[{"href":"https:\/\/ani-mex.com\/index.php?rest_route=\/wp\/v2\/types\/product"}],"wp:featuredmedia":[{"embeddable":true,"href":"https:\/\/ani-mex.com\/index.php?rest_route=\/wp\/v2\/media\/704"}],"wp:attachment":[{"href":"https:\/\/ani-mex.com\/index.php?rest_route=%2Fwp%2Fv2%2Fmedia&parent=703"}],"wp:term":[{"taxonomy":"product_brand","embeddable":true,"href":"https:\/\/ani-mex.com\/index.php?rest_route=%2Fwp%2Fv2%2Fproduct_brand&post=703"},{"taxonomy":"product_cat","embeddable":true,"href":"https:\/\/ani-mex.com\/index.php?rest_route=%2Fwp%2Fv2%2Fproduct_cat&post=703"},{"taxonomy":"product_tag","embeddable":true,"href":"https:\/\/ani-mex.com\/index.php?rest_route=%2Fwp%2Fv2%2Fproduct_tag&post=703"}],"curies":[{"name":"wp","href":"https:\/\/api.w.org\/{rel}","templated":true}]}}