{"id":714,"date":"2024-11-26T11:41:48","date_gmt":"2024-11-26T11:41:48","guid":{"rendered":"https:\/\/ani-mex.com\/?post_type=product&#038;p=714"},"modified":"2024-11-26T11:41:48","modified_gmt":"2024-11-26T11:41:48","slug":"hogert-biese-kurtka-softshell","status":"publish","type":"product","link":"https:\/\/ani-mex.com\/?product=hogert-biese-kurtka-softshell","title":{"rendered":"H\u00d6GERT BIESE kurtka softshell"},"content":{"rendered":"<div id=\"opis-produktu\" class=\"wpb_row vc_row-fluid vc_row inner_row  vc_custom_1626868672803 right_padding_89px left_padding_89px top_padding_tablet_34px bottom_padding_tablet_0px right_padding_tablet_34px left_padding_tablet_34px\" data-midnight=\"\" data-column-margin=\"default\">\n<div class=\"row_col_wrap_12_inner col span_12  left\">\n<div class=\"vc_col-sm-8 wpb_column column_container vc_column_container col child_column no-extra-padding inherit_tablet inherit_phone \" data-padding-pos=\"all\" data-has-bg-color=\"false\" data-bg-color=\"\" data-bg-opacity=\"1\" data-animation=\"\" data-delay=\"0\">\n<div class=\"vc_column-inner\">\n<div class=\"wpb_wrapper\">\n<div class=\"wpb_text_column wpb_content_element \">\n<div class=\"wpb_wrapper\">\n<p>Kurtka softshell z\u00a0r\u0119kawami raglanowymi \u0142\u0105czy w\u00a0sobie komfort pracy ze znakomit\u0105 elastyczno\u015bci\u0105 oraz sprawia \u017ce u\u017cytkownik przygotowany jest do pracy w\u00a0ka\u017cdych warunkach pogodowych. Doskonale chroni przed ch\u0142odem i\u00a0wiatrem.<\/p>\n<\/div>\n<\/div>\n<\/div>\n<\/div>\n<\/div>\n<div class=\"vc_col-sm-2 wpb_column column_container vc_column_container col child_column no-extra-padding inherit_tablet inherit_phone \" data-padding-pos=\"all\" data-has-bg-color=\"false\" data-bg-color=\"\" data-bg-opacity=\"1\" data-animation=\"\" data-delay=\"0\">\n<div class=\"vc_column-inner\">\n<div class=\"wpb_wrapper\"><\/div>\n<\/div>\n<\/div>\n<\/div>\n<\/div>\n<div id=\"charakterystyka\" class=\"wpb_row vc_row-fluid vc_row inner_row  vc_custom_1626868683321 right_padding_89px left_padding_89px bottom_padding_tablet_0px right_padding_tablet_34px left_padding_tablet_34px\" data-midnight=\"\" data-column-margin=\"default\">\n<div class=\"row-bg-wrap\">\n<div class=\"row-bg\"><\/div>\n<\/div>\n<div class=\"row_col_wrap_12_inner col span_12  left\">\n<div class=\"vc_col-sm-2 wpb_column column_container vc_column_container col child_column no-extra-padding inherit_tablet inherit_phone \" data-padding-pos=\"all\" data-has-bg-color=\"false\" data-bg-color=\"\" data-bg-opacity=\"1\" data-animation=\"\" data-delay=\"0\">\n<div class=\"vc_column-inner\">\n<div class=\"wpb_wrapper\"><\/div>\n<\/div>\n<\/div>\n<div class=\"vc_col-sm-8 wpb_column column_container vc_column_container col child_column no-extra-padding inherit_tablet inherit_phone \" data-padding-pos=\"all\" data-has-bg-color=\"false\" data-bg-color=\"\" data-bg-opacity=\"1\" data-animation=\"\" data-delay=\"0\">\n<div class=\"vc_column-inner\">\n<div class=\"wpb_wrapper\">\n<div class=\"divider-wrap\" data-alignment=\"default\">\n<div class=\"divider-border\" data-width=\"100%\" data-animate=\"\" data-animation-delay=\"\" data-color=\"default\"><\/div>\n<\/div>\n<div class=\"wpb_text_column wpb_content_element \">\n<div class=\"wpb_wrapper\">\n<h3>Charakterystyka<\/h3>\n<\/div>\n<\/div>\n<div class=\"nectar-fancy-ul animated-in\" data-list-icon=\"fa fa-check-circle\" data-animation=\"true\" data-animation-delay=\"0\" data-color=\"extra-color-1\" data-spacing=\"default\" data-alignment=\"left\">\n<ul>\n<li><i class=\"icon-default-style fa fa-check-circle extra-color-1\"><\/i> materia\u0142: dzianina 96%\u00a0poliester, 4%\u00a0elastan, gramatura 300\u00a0g\/m\u00b2;<\/li>\n<li><i class=\"icon-default-style fa fa-check-circle extra-color-1\"><\/i> wodoodporno\u015b\u0107 2000\u00a0mm H\u2082O, oddychalno\u015b\u0107 1000\u00a0g\/m\u00b2\/24\u00a0h;<\/li>\n<li><i class=\"icon-default-style fa fa-check-circle extra-color-1\"><\/i> wyposa\u017cona w\u00a03\u00a0kieszenie:<br \/>\n\u2013 1\u00a0kiesze\u0144 piersiowa na zamek;<br \/>\n\u2013 2\u00a0kieszenie dolne na zamek;<\/li>\n<li><i class=\"icon-default-style fa fa-check-circle extra-color-1\"><\/i> regulacja do\u0142u kurtki za pomoc\u0105 stopera;<\/li>\n<li><i class=\"icon-default-style fa fa-check-circle extra-color-1\"><\/i> w r\u0119kawie gumka;<\/li>\n<li><i class=\"icon-default-style fa fa-check-circle extra-color-1\"><\/i> elementy odblaskowe z\u00a0ty\u0142u kurtki.<\/li>\n<\/ul>\n<\/div>\n<\/div>\n<\/div>\n<\/div>\n<\/div>\n<\/div>\n","protected":false},"excerpt":{"rendered":"<p>Kurtka softshell z\u00a0r\u0119kawami raglanowymi \u0142\u0105czy w\u00a0sobie komfort pracy ze znakomit\u0105 elastyczno\u015bci\u0105 oraz sprawia \u017ce u\u017cytkownik przygotowany jest do pracy w\u00a0ka\u017cdych warunkach pogodowych. Doskonale chroni przed ch\u0142odem i\u00a0wiatrem.<\/p>\n","protected":false},"featured_media":718,"template":"","meta":{"_et_pb_use_builder":"","_et_pb_old_content":"","_et_gb_content_width":""},"product_brand":[],"product_cat":[86,37],"product_tag":[],"class_list":{"0":"post-714","1":"product","2":"type-product","3":"status-publish","4":"has-post-thumbnail","6":"product_cat-kurtki","7":"product_cat-ochrona-ciala","9":"first","10":"instock","11":"shipping-taxable","12":"purchasable","13":"product-type-simple"},"_links":{"self":[{"href":"https:\/\/ani-mex.com\/index.php?rest_route=\/wp\/v2\/product\/714","targetHints":{"allow":["GET"]}}],"collection":[{"href":"https:\/\/ani-mex.com\/index.php?rest_route=\/wp\/v2\/product"}],"about":[{"href":"https:\/\/ani-mex.com\/index.php?rest_route=\/wp\/v2\/types\/product"}],"wp:featuredmedia":[{"embeddable":true,"href":"https:\/\/ani-mex.com\/index.php?rest_route=\/wp\/v2\/media\/718"}],"wp:attachment":[{"href":"https:\/\/ani-mex.com\/index.php?rest_route=%2Fwp%2Fv2%2Fmedia&parent=714"}],"wp:term":[{"taxonomy":"product_brand","embeddable":true,"href":"https:\/\/ani-mex.com\/index.php?rest_route=%2Fwp%2Fv2%2Fproduct_brand&post=714"},{"taxonomy":"product_cat","embeddable":true,"href":"https:\/\/ani-mex.com\/index.php?rest_route=%2Fwp%2Fv2%2Fproduct_cat&post=714"},{"taxonomy":"product_tag","embeddable":true,"href":"https:\/\/ani-mex.com\/index.php?rest_route=%2Fwp%2Fv2%2Fproduct_tag&post=714"}],"curies":[{"name":"wp","href":"https:\/\/api.w.org\/{rel}","templated":true}]}}