{"id":752,"date":"2024-11-27T08:09:47","date_gmt":"2024-11-27T08:09:47","guid":{"rendered":"https:\/\/ani-mex.com\/?post_type=product&#038;p=752"},"modified":"2024-11-27T08:09:47","modified_gmt":"2024-11-27T08:09:47","slug":"trzewik-longsafe-t-sb-sf","status":"publish","type":"product","link":"https:\/\/ani-mex.com\/?product=trzewik-longsafe-t-sb-sf","title":{"rendered":"TRZEWIK LongSafe-T SB-SF"},"content":{"rendered":"<div id=\"nav-text\" class=\"tab-pane fade show active\" role=\"tabpanel\" aria-labelledby=\"nav-text-tab\">\n<p><strong>Trzewiki o atrakcyjnym, nowoczesnym wzornictwie wykonane ze sk\u00f3r bydl\u0119cych o g\u0142adkim wyko\u0144czeniu, z metalowym podnoskiem zapewniaj\u0105cym ochron\u0119 przed uderzeniem z energi\u0105 200 J<br \/>\ni przed \u015bciskaniem pod obci\u0105\u017ceniem \u015bciskaj\u0105cym z si\u0142\u0105 15kN.<\/strong><\/p>\n<p>\u2022 Cholewka wykonana z sk\u00f3ry bydl\u0119cej o g\u0142adkim wyko\u0144czeniu w kolorze czarnym wyposa\u017cona w element odblaskowy oraz dodatki<br \/>\ni przeszycia ozdobne w kolorze jasno-zielonym, podnosz\u0105 atrakcyjno\u015b\u0107 wizualn\u0105 buta,<br \/>\n\u2022 element odblaskowy na pi\u0119cie zwi\u0119kszaj\u0105cy widoczno\u015b\u0107,<br \/>\n\u2022 8 mocnych uchwyt\u00f3w na sznurowad\u0142a,<br \/>\n\u2022 urze\u017abiona podeszwa Pu, monta\u017c przez bezpo\u015bredni wtrysk, odporna na olej nap\u0119dowy (FO),<br \/>\nbenzyn\u0119 i inne rozpuszczalniki organiczne,<br \/>\n\u2022 chroni\u0105ca przed po\u015blizgiem (SRC)<br \/>\n\u2022 <strong>obszerniej i dalej nadlany na czubki palc\u00f3w nadnosek podeszwy,<br \/>\nkt\u00f3ry lepiej chroni obuwie przed zniszczeniem i dodatkowo amortyzuje uderzenia,<\/strong><br \/>\n\u2022 Komfortowa wy\u015bci\u00f3\u0142ka z przewiewnej dzianiny w jasno-zielonym kolorze,<br \/>\n\u2022 mi\u0119kki j\u0119zyk oraz ko\u0142nierz podnosz\u0105ce komfort u\u017cytkowania,<br \/>\n\u2022 wymienna wk\u0142adka<\/p>\n<p>Rozmiary <strong>36-49.<\/strong><br \/>\nKategoria ochrony: <strong>SB SRC<\/strong><br \/>\nCertyfikat CE Kat. II EN ISO 20345:2011 &#8211; opakowanie zbiorcze 1\/10, Waga 14 kg<\/p>\n<\/div>\n","protected":false},"excerpt":{"rendered":"<p><strong>Trzewiki o atrakcyjnym, nowoczesnym wzornictwie wykonane ze sk\u00f3r bydl\u0119cych o g\u0142adkim wyko\u0144czeniu, z metalowym podnoskiem zapewniaj\u0105cym ochron\u0119 przed uderzeniem z energi\u0105 200 J<br \/>\ni przed \u015bciskaniem pod obci\u0105\u017ceniem \u015bciskaj\u0105cym z si\u0142\u0105 15kN.<\/strong><\/p>\n","protected":false},"featured_media":753,"template":"","meta":{"_et_pb_use_builder":"","_et_pb_old_content":"","_et_gb_content_width":""},"product_brand":[],"product_cat":[40,93],"product_tag":[],"class_list":{"0":"post-752","1":"product","2":"type-product","3":"status-publish","4":"has-post-thumbnail","6":"product_cat-ochrona-nog","7":"product_cat-trzewiki","9":"first","10":"instock","11":"shipping-taxable","12":"purchasable","13":"product-type-simple"},"_links":{"self":[{"href":"https:\/\/ani-mex.com\/index.php?rest_route=\/wp\/v2\/product\/752","targetHints":{"allow":["GET"]}}],"collection":[{"href":"https:\/\/ani-mex.com\/index.php?rest_route=\/wp\/v2\/product"}],"about":[{"href":"https:\/\/ani-mex.com\/index.php?rest_route=\/wp\/v2\/types\/product"}],"wp:featuredmedia":[{"embeddable":true,"href":"https:\/\/ani-mex.com\/index.php?rest_route=\/wp\/v2\/media\/753"}],"wp:attachment":[{"href":"https:\/\/ani-mex.com\/index.php?rest_route=%2Fwp%2Fv2%2Fmedia&parent=752"}],"wp:term":[{"taxonomy":"product_brand","embeddable":true,"href":"https:\/\/ani-mex.com\/index.php?rest_route=%2Fwp%2Fv2%2Fproduct_brand&post=752"},{"taxonomy":"product_cat","embeddable":true,"href":"https:\/\/ani-mex.com\/index.php?rest_route=%2Fwp%2Fv2%2Fproduct_cat&post=752"},{"taxonomy":"product_tag","embeddable":true,"href":"https:\/\/ani-mex.com\/index.php?rest_route=%2Fwp%2Fv2%2Fproduct_tag&post=752"}],"curies":[{"name":"wp","href":"https:\/\/api.w.org\/{rel}","templated":true}]}}