{"id":756,"date":"2024-11-27T08:18:00","date_gmt":"2024-11-27T08:18:00","guid":{"rendered":"https:\/\/ani-mex.com\/?post_type=product&#038;p=756"},"modified":"2024-11-27T08:18:00","modified_gmt":"2024-11-27T08:18:00","slug":"trzewik-zimowy-btpuocb-s3","status":"publish","type":"product","link":"https:\/\/ani-mex.com\/?product=trzewik-zimowy-btpuocb-s3","title":{"rendered":"TRZEWIK zimowy BTPuOCB S3"},"content":{"rendered":"<div id=\"nav-text\" class=\"tab-pane fade show active\" role=\"tabpanel\" aria-labelledby=\"nav-text-tab\">\n<p><strong>Trzewik ochronny ocieplany <\/strong>ze stalowym podnoskiem i\u00a0\u00a0ze stalow\u0105\u00a0wk\u0142adk\u0105 w podeszwie chroni\u0105c\u0105 stop\u0119 przed przebiciem.<\/p>\n<p><strong>Cholewka:<\/strong><\/p>\n<ul>\n<li>wysoka wykonana ze sk\u00f3r bydl\u0119cych t\u0142oczonych,<\/li>\n<li>przepuszczalno\u015b\u0107 wody i absorpcja wody (przepuszczalno\u015b\u0107 wody podczas badania po 60 min jest nie wi\u0119ksza ni\u017c 0,2 g i ca\u0142kowita absorpcja nie\u00a0jest wi\u0119ksza ni\u017c 30 %).<\/li>\n<\/ul>\n<p>Stalowy podnosek<strong>\u00a0<\/strong>zapewnia ochron\u0119 przed uderzeniem z energi\u0105 r\u00f3wn\u0105 200 +\/-4 J i przed \u015bciskaniem pod obci\u0105\u017ceniem \u015bciskaj\u0105cym r\u00f3wnym 15+\/-0,1 kN.<\/p>\n<p><strong>W\u0142a\u015bciwo\u015bci podeszwy:<\/strong><\/p>\n<ul>\n<li>podeszwa z poliuretanu (PU) w kolorze czarnym,<\/li>\n<li>wykonana metod\u0105 wtrysku bezpo\u015bredniego,<\/li>\n<li>odporna na olej, benzyn\u0119\u00a0i inne rozpuszczalniki organiczne,<\/li>\n<li>urze\u017abiona,<\/li>\n<li>antypo\u015blizgowa (SRC),<\/li>\n<li>wyposa\u017cona w<strong>\u00a0stalow\u0105 wk\u0142adk\u0119<\/strong><strong>\u00a0<\/strong>chroni\u0105ca stop\u0119 przed przebiciem\u00a0 z si\u0142\u0105 do\u00a01100 N.<\/li>\n<\/ul>\n<p><strong>Wewn\u0105trz buty ocieplone wysokiej jako\u015bci futerkiem w kolorze czarnym.<\/strong><\/p>\n<p><strong>Wk\u0142adka wymienna, ocieplona futerkiem.<\/strong><\/p>\n<p><strong>Mi\u0119kki ko\u0142nierz podwy\u017cszaj\u0105cy komfort u\u017cytkowania.<\/strong><\/p>\n<p>Absorbcja\u00a0energii w cz\u0119\u015bci pi\u0119towej.<\/p>\n<p>Obuwie antyelektrostatyczne.<\/p>\n<p><strong>Rozmiary: 38 &#8211; 48<\/strong><strong>\u00a0<\/strong><\/p>\n<p>Art.MaSter<em>\u00ae\u00a0<\/em>&#8211; znak firmowy.<\/p>\n<p><strong>Kategoria ochrony: S3 SRC<\/strong><\/p>\n<p>Certyfikat CE Kat. II\u00a0EN ISO 20345 :2011<\/p>\n<p><em>\u00a0<\/em>&#8211; opakowanie zbiorcze: 10 \/ 1<\/p>\n<\/div>\n","protected":false},"excerpt":{"rendered":"<p><strong>Trzewik ochronny ocieplany <\/strong>ze stalowym podnoskiem i\u00a0\u00a0ze stalow\u0105\u00a0wk\u0142adk\u0105 w podeszwie chroni\u0105c\u0105 stop\u0119 przed przebiciem.<\/p>\n<p><strong>Cholewka:<\/strong><\/p>\n<ul>\n<li>wysoka wykonana ze sk\u00f3r bydl\u0119cych t\u0142oczonych,<\/li>\n<li>przepuszczalno\u015b\u0107 wody i absorpcja wody (przepuszczalno\u015b\u0107 wody podczas badania po 60 min jest nie wi\u0119ksza ni\u017c 0,2 g i ca\u0142kowita absorpcja nie\u00a0jest wi\u0119ksza ni\u017c 30 %).<\/li>\n<\/ul>\n<p>Stalowy podnosek<strong>\u00a0<\/strong>zapewnia ochron\u0119 przed uderzeniem z energi\u0105 r\u00f3wn\u0105 200 +\/-4 J i przed \u015bciskaniem pod obci\u0105\u017ceniem \u015bciskaj\u0105cym r\u00f3wnym 15+\/-0,1 kN.<\/p>\n","protected":false},"featured_media":758,"template":"","meta":{"_et_pb_use_builder":"","_et_pb_old_content":"","_et_gb_content_width":""},"product_brand":[],"product_cat":[40,93],"product_tag":[],"class_list":{"0":"post-756","1":"product","2":"type-product","3":"status-publish","4":"has-post-thumbnail","6":"product_cat-ochrona-nog","7":"product_cat-trzewiki","9":"first","10":"instock","11":"shipping-taxable","12":"purchasable","13":"product-type-simple"},"_links":{"self":[{"href":"https:\/\/ani-mex.com\/index.php?rest_route=\/wp\/v2\/product\/756","targetHints":{"allow":["GET"]}}],"collection":[{"href":"https:\/\/ani-mex.com\/index.php?rest_route=\/wp\/v2\/product"}],"about":[{"href":"https:\/\/ani-mex.com\/index.php?rest_route=\/wp\/v2\/types\/product"}],"wp:featuredmedia":[{"embeddable":true,"href":"https:\/\/ani-mex.com\/index.php?rest_route=\/wp\/v2\/media\/758"}],"wp:attachment":[{"href":"https:\/\/ani-mex.com\/index.php?rest_route=%2Fwp%2Fv2%2Fmedia&parent=756"}],"wp:term":[{"taxonomy":"product_brand","embeddable":true,"href":"https:\/\/ani-mex.com\/index.php?rest_route=%2Fwp%2Fv2%2Fproduct_brand&post=756"},{"taxonomy":"product_cat","embeddable":true,"href":"https:\/\/ani-mex.com\/index.php?rest_route=%2Fwp%2Fv2%2Fproduct_cat&post=756"},{"taxonomy":"product_tag","embeddable":true,"href":"https:\/\/ani-mex.com\/index.php?rest_route=%2Fwp%2Fv2%2Fproduct_tag&post=756"}],"curies":[{"name":"wp","href":"https:\/\/api.w.org\/{rel}","templated":true}]}}