{"id":760,"date":"2024-11-27T12:32:48","date_gmt":"2024-11-27T12:32:48","guid":{"rendered":"https:\/\/ani-mex.com\/?post_type=product&#038;p=760"},"modified":"2024-11-27T12:32:48","modified_gmt":"2024-11-27T12:32:48","slug":"torba-robocza-i-hogert","status":"publish","type":"product","link":"https:\/\/ani-mex.com\/?product=torba-robocza-i-hogert","title":{"rendered":"Torba robocza I Hogert"},"content":{"rendered":"<div id=\"opis-produktu\" class=\"wpb_row vc_row-fluid vc_row inner_row  vc_custom_1626868672803 right_padding_89px left_padding_89px top_padding_tablet_34px bottom_padding_tablet_0px right_padding_tablet_34px left_padding_tablet_34px\" data-midnight=\"\" data-column-margin=\"default\">\n<div class=\"row_col_wrap_12_inner col span_12  left\">\n<div class=\"vc_col-sm-8 wpb_column column_container vc_column_container col child_column no-extra-padding inherit_tablet inherit_phone \" data-padding-pos=\"all\" data-has-bg-color=\"false\" data-bg-color=\"\" data-bg-opacity=\"1\" data-animation=\"\" data-delay=\"0\">\n<div class=\"vc_column-inner\">\n<div class=\"wpb_wrapper\">\n<div class=\"wpb_text_column wpb_content_element \">\n<div class=\"wpb_wrapper\">\n<p>Torba Robocza I \u0142\u0105czy w\u00a0sobie zar\u00f3wno wytrzyma\u0142o\u015b\u0107, jak i\u00a0funkcjonalno\u015b\u0107, staj\u0105c si\u0119 niezast\u0105pionym wyborem dla profesjonalist\u00f3w. Wykonana z\u00a0najwy\u017cszej jako\u015bci poliestru 600D, zapewnia trwa\u0142o\u015b\u0107 i\u00a0odporno\u015b\u0107 na r\u00f3\u017cnego rodzaju uszkodzenia, a\u00a0jednocze\u015bnie jest lekka i\u00a0\u0142atwa w\u00a0przenoszeniu. Brak g\u00f3rnego przykrycia umo\u017cliwia szybki dost\u0119p do narz\u0119dzi. To idealne rozwi\u0105zanie dla tych, kt\u00f3rzy potrzebuj\u0105 mie\u0107 wszystko pod r\u0119k\u0105.<\/p>\n<\/div>\n<\/div>\n<\/div>\n<\/div>\n<\/div>\n<div class=\"vc_col-sm-2 wpb_column column_container vc_column_container col child_column no-extra-padding inherit_tablet inherit_phone \" data-padding-pos=\"all\" data-has-bg-color=\"false\" data-bg-color=\"\" data-bg-opacity=\"1\" data-animation=\"\" data-delay=\"0\">\n<div class=\"vc_column-inner\">\n<div class=\"wpb_wrapper\"><\/div>\n<\/div>\n<\/div>\n<\/div>\n<\/div>\n<div id=\"charakterystyka\" class=\"wpb_row vc_row-fluid vc_row inner_row  vc_custom_1626868683321 right_padding_89px left_padding_89px bottom_padding_tablet_0px right_padding_tablet_34px left_padding_tablet_34px\" data-midnight=\"\" data-column-margin=\"default\">\n<div class=\"row-bg-wrap\">\n<div class=\"row-bg\"><\/div>\n<\/div>\n<div class=\"row_col_wrap_12_inner col span_12  left\">\n<div class=\"vc_col-sm-2 wpb_column column_container vc_column_container col child_column no-extra-padding inherit_tablet inherit_phone \" data-padding-pos=\"all\" data-has-bg-color=\"false\" data-bg-color=\"\" data-bg-opacity=\"1\" data-animation=\"\" data-delay=\"0\">\n<div class=\"vc_column-inner\">\n<div class=\"wpb_wrapper\"><\/div>\n<\/div>\n<\/div>\n<div class=\"vc_col-sm-8 wpb_column column_container vc_column_container col child_column no-extra-padding inherit_tablet inherit_phone \" data-padding-pos=\"all\" data-has-bg-color=\"false\" data-bg-color=\"\" data-bg-opacity=\"1\" data-animation=\"\" data-delay=\"0\">\n<div class=\"vc_column-inner\">\n<div class=\"wpb_wrapper\">\n<div class=\"divider-wrap\" data-alignment=\"default\">\n<div class=\"divider-border\" data-width=\"100%\" data-animate=\"\" data-animation-delay=\"\" data-color=\"default\"><\/div>\n<\/div>\n<\/div>\n<\/div>\n<\/div>\n<\/div>\n<\/div>\n","protected":false},"excerpt":{"rendered":"<p>Torba Robocza I \u0142\u0105czy w\u00a0sobie zar\u00f3wno wytrzyma\u0142o\u015b\u0107, jak i\u00a0funkcjonalno\u015b\u0107, staj\u0105c si\u0119 niezast\u0105pionym wyborem dla profesjonalist\u00f3w. Wykonana z\u00a0najwy\u017cszej jako\u015bci poliestru 600D, zapewnia trwa\u0142o\u015b\u0107 i\u00a0odporno\u015b\u0107 na r\u00f3\u017cnego rodzaju uszkodzenia, a\u00a0jednocze\u015bnie jest lekka i\u00a0\u0142atwa w\u00a0przenoszeniu. Brak g\u00f3rnego przykrycia umo\u017cliwia szybki dost\u0119p do narz\u0119dzi. To idealne rozwi\u0105zanie dla tych, kt\u00f3rzy potrzebuj\u0105 mie\u0107 wszystko pod r\u0119k\u0105.<\/p>\n","protected":false},"featured_media":761,"template":"","meta":{"_et_pb_use_builder":"","_et_pb_old_content":"","_et_gb_content_width":""},"product_brand":[],"product_cat":[48],"product_tag":[],"class_list":{"0":"post-760","1":"product","2":"type-product","3":"status-publish","4":"has-post-thumbnail","6":"product_cat-torby-i-worki","8":"first","9":"instock","10":"shipping-taxable","11":"purchasable","12":"product-type-simple"},"_links":{"self":[{"href":"https:\/\/ani-mex.com\/index.php?rest_route=\/wp\/v2\/product\/760","targetHints":{"allow":["GET"]}}],"collection":[{"href":"https:\/\/ani-mex.com\/index.php?rest_route=\/wp\/v2\/product"}],"about":[{"href":"https:\/\/ani-mex.com\/index.php?rest_route=\/wp\/v2\/types\/product"}],"wp:featuredmedia":[{"embeddable":true,"href":"https:\/\/ani-mex.com\/index.php?rest_route=\/wp\/v2\/media\/761"}],"wp:attachment":[{"href":"https:\/\/ani-mex.com\/index.php?rest_route=%2Fwp%2Fv2%2Fmedia&parent=760"}],"wp:term":[{"taxonomy":"product_brand","embeddable":true,"href":"https:\/\/ani-mex.com\/index.php?rest_route=%2Fwp%2Fv2%2Fproduct_brand&post=760"},{"taxonomy":"product_cat","embeddable":true,"href":"https:\/\/ani-mex.com\/index.php?rest_route=%2Fwp%2Fv2%2Fproduct_cat&post=760"},{"taxonomy":"product_tag","embeddable":true,"href":"https:\/\/ani-mex.com\/index.php?rest_route=%2Fwp%2Fv2%2Fproduct_tag&post=760"}],"curies":[{"name":"wp","href":"https:\/\/api.w.org\/{rel}","templated":true}]}}