{"id":770,"date":"2024-11-27T12:51:07","date_gmt":"2024-11-27T12:51:07","guid":{"rendered":"https:\/\/ani-mex.com\/?post_type=product&#038;p=770"},"modified":"2024-12-10T15:13:25","modified_gmt":"2024-12-10T15:13:25","slug":"torba-robocza-iii-hogert","status":"publish","type":"product","link":"https:\/\/ani-mex.com\/?product=torba-robocza-iii-hogert","title":{"rendered":"Torba robocza III Hogert"},"content":{"rendered":"<div id=\"opis-produktu\" class=\"wpb_row vc_row-fluid vc_row inner_row vc_custom_1626868672803 right_padding_89px left_padding_89px top_padding_tablet_34px bottom_padding_tablet_0px right_padding_tablet_34px left_padding_tablet_34px\" data-midnight=\"\" data-column-margin=\"default\">\n<div class=\"row_col_wrap_12_inner col span_12 left\">\n<div class=\"vc_col-sm-8 wpb_column column_container vc_column_container col child_column no-extra-padding inherit_tablet inherit_phone \" data-padding-pos=\"all\" data-has-bg-color=\"false\" data-bg-color=\"\" data-bg-opacity=\"1\" data-animation=\"\" data-delay=\"0\">\n<div class=\"vc_column-inner\">\n<div class=\"wpb_wrapper\">\n<div class=\"wpb_text_column wpb_content_element \">\n<div class=\"wpb_wrapper\">\n<p>Torba robocza III \u0142\u0105cz\u0105ca w\u00a0sobie zar\u00f3wno wytrzyma\u0142o\u015b\u0107, jak i\u00a0funkcjonalno\u015b\u0107, staj\u0105c si\u0119 niezast\u0105pionym wyborem dla profesjonalist\u00f3w. Wykonana z\u00a0najwy\u017cszej jako\u015bci poliestru 600D, zapewnia trwa\u0142o\u015b\u0107 i\u00a0odporno\u015b\u0107 na r\u00f3\u017cnego rodzaju uszkodzenia, a\u00a0jednocze\u015bnie jest lekka i\u00a0\u0142atwa w\u00a0przenoszeniu. Esencja profesjonalizmu w\u00a0po\u0142\u0105czeniu z\u00a0praktyczno\u015bci\u0105. Idealny wyb\u00f3r dla tych, kt\u00f3rzy ceni\u0105 jako\u015b\u0107, funkcjonalno\u015b\u0107 i\u00a0elegancki design w\u00a0jednym.<\/p>\n<\/div>\n<\/div>\n<\/div>\n<\/div>\n<\/div>\n<div class=\"vc_col-sm-2 wpb_column column_container vc_column_container col child_column no-extra-padding inherit_tablet inherit_phone \" data-padding-pos=\"all\" data-has-bg-color=\"false\" data-bg-color=\"\" data-bg-opacity=\"1\" data-animation=\"\" data-delay=\"0\">\n<div class=\"vc_column-inner\">\n<div class=\"wpb_wrapper\"><\/div>\n<\/div>\n<\/div>\n<\/div>\n<\/div>\n<div id=\"charakterystyka\" class=\"wpb_row vc_row-fluid vc_row inner_row vc_custom_1626868683321 right_padding_89px left_padding_89px bottom_padding_tablet_0px right_padding_tablet_34px left_padding_tablet_34px\" data-midnight=\"\" data-column-margin=\"default\">\n<div class=\"row-bg-wrap\">\n<div class=\"row-bg\"><\/div>\n<\/div>\n<div class=\"row_col_wrap_12_inner col span_12 left\">\n<div class=\"vc_col-sm-2 wpb_column column_container vc_column_container col child_column no-extra-padding inherit_tablet inherit_phone \" data-padding-pos=\"all\" data-has-bg-color=\"false\" data-bg-color=\"\" data-bg-opacity=\"1\" data-animation=\"\" data-delay=\"0\">\n<div class=\"vc_column-inner\">\n<div class=\"wpb_wrapper\"><\/div>\n<\/div>\n<\/div>\n<div class=\"vc_col-sm-8 wpb_column column_container vc_column_container col child_column no-extra-padding inherit_tablet inherit_phone \" data-padding-pos=\"all\" data-has-bg-color=\"false\" data-bg-color=\"\" data-bg-opacity=\"1\" data-animation=\"\" data-delay=\"0\">\n<div class=\"vc_column-inner\">\n<div class=\"wpb_wrapper\">\n<div class=\"divider-wrap\" data-alignment=\"default\">\n<div class=\"divider-border\" data-width=\"100%\" data-animate=\"\" data-animation-delay=\"\" data-color=\"default\"><\/div>\n<\/div>\n<div class=\"wpb_text_column wpb_content_element \">\n<div class=\"wpb_wrapper\">\n<h3>Charakterystyka<\/h3>\n<\/div>\n<\/div>\n<div class=\"nectar-fancy-ul animated-in\" data-list-icon=\"fa fa-check-circle\" data-animation=\"true\" data-animation-delay=\"0\" data-color=\"extra-color-1\" data-spacing=\"default\" data-alignment=\"left\">\n<ul>\n<li><i class=\"icon-default-style fa fa-check-circle extra-color-1\"><\/i> Materia\u0142: 600D poliester;<\/li>\n<li><i class=\"icon-default-style fa fa-check-circle extra-color-1\"><\/i> dno wykonano z\u00a0materia\u0142u PE;<\/li>\n<li><i class=\"icon-default-style fa fa-check-circle extra-color-1\"><\/i> miejsce na wizyt\u00f3wk\u0119;<\/li>\n<li><i class=\"icon-default-style fa fa-check-circle extra-color-1\"><\/i> wyposa\u017cona w\u00a014\u00a0kieszeni zewn\u0119trznych w\u00a0tym:<\/li>\n<\/ul>\n<p>\u2013 1\u00a0du\u017ca kiesze\u0144 na suwak<br \/>\n\u2013 3\u00a0kieszenie zapinanych na rzep<br \/>\n\u2013 1\u00a0kiesze\u0144 z\u00a0siatki<br \/>\n\u2013 9\u00a0kieszeni otwartych o\u00a0r\u00f3\u017cnej wielko\u015bci<\/p>\n<ul>\n<li><i class=\"icon-default-style fa fa-check-circle extra-color-1\"><\/i> 11\u00a0kieszeni wewn\u0119trznych w\u00a0tym:<\/li>\n<\/ul>\n<p>\u2013 1\u00a0kiesze\u0144 na suwak<br \/>\n\u2013 1\u00a0kiesze\u0144 na rzep<br \/>\n\u2013 9\u00a0kieszeni otwartych.<\/p>\n<\/div>\n<\/div>\n<\/div>\n<\/div>\n<\/div>\n<\/div>\n","protected":false},"excerpt":{"rendered":"<p>Torba robocza III \u0142\u0105cz\u0105ca w\u00a0sobie zar\u00f3wno wytrzyma\u0142o\u015b\u0107, jak i\u00a0funkcjonalno\u015b\u0107, staj\u0105c si\u0119 niezast\u0105pionym wyborem dla profesjonalist\u00f3w. Wykonana z\u00a0najwy\u017cszej jako\u015bci poliestru 600D, zapewnia trwa\u0142o\u015b\u0107 i\u00a0odporno\u015b\u0107 na r\u00f3\u017cnego rodzaju uszkodzenia, a\u00a0jednocze\u015bnie jest lekka i\u00a0\u0142atwa w\u00a0przenoszeniu. Esencja profesjonalizmu w\u00a0po\u0142\u0105czeniu z\u00a0praktyczno\u015bci\u0105. Idealny wyb\u00f3r dla tych, kt\u00f3rzy ceni\u0105 jako\u015b\u0107, funkcjonalno\u015b\u0107 i\u00a0elegancki design w\u00a0jednym.<\/p>\n","protected":false},"featured_media":771,"template":"","meta":{"_et_pb_use_builder":"","_et_pb_old_content":"","_et_gb_content_width":""},"product_brand":[],"product_cat":[48],"product_tag":[],"class_list":{"0":"post-770","1":"product","2":"type-product","3":"status-publish","4":"has-post-thumbnail","6":"product_cat-torby-i-worki","8":"first","9":"instock","10":"shipping-taxable","11":"purchasable","12":"product-type-simple"},"_links":{"self":[{"href":"https:\/\/ani-mex.com\/index.php?rest_route=\/wp\/v2\/product\/770","targetHints":{"allow":["GET"]}}],"collection":[{"href":"https:\/\/ani-mex.com\/index.php?rest_route=\/wp\/v2\/product"}],"about":[{"href":"https:\/\/ani-mex.com\/index.php?rest_route=\/wp\/v2\/types\/product"}],"wp:featuredmedia":[{"embeddable":true,"href":"https:\/\/ani-mex.com\/index.php?rest_route=\/wp\/v2\/media\/771"}],"wp:attachment":[{"href":"https:\/\/ani-mex.com\/index.php?rest_route=%2Fwp%2Fv2%2Fmedia&parent=770"}],"wp:term":[{"taxonomy":"product_brand","embeddable":true,"href":"https:\/\/ani-mex.com\/index.php?rest_route=%2Fwp%2Fv2%2Fproduct_brand&post=770"},{"taxonomy":"product_cat","embeddable":true,"href":"https:\/\/ani-mex.com\/index.php?rest_route=%2Fwp%2Fv2%2Fproduct_cat&post=770"},{"taxonomy":"product_tag","embeddable":true,"href":"https:\/\/ani-mex.com\/index.php?rest_route=%2Fwp%2Fv2%2Fproduct_tag&post=770"}],"curies":[{"name":"wp","href":"https:\/\/api.w.org\/{rel}","templated":true}]}}