{"id":776,"date":"2024-11-27T12:55:37","date_gmt":"2024-11-27T12:55:37","guid":{"rendered":"https:\/\/ani-mex.com\/?post_type=product&#038;p=776"},"modified":"2024-11-27T12:55:37","modified_gmt":"2024-11-27T12:55:37","slug":"torba-dla-elektryka-heavy-duty-hogert","status":"publish","type":"product","link":"https:\/\/ani-mex.com\/?product=torba-dla-elektryka-heavy-duty-hogert","title":{"rendered":"Torba dla elektryka Heavy duty Hogert"},"content":{"rendered":"<div id=\"opis-produktu\" class=\"wpb_row vc_row-fluid vc_row inner_row  vc_custom_1626868672803 right_padding_89px left_padding_89px top_padding_tablet_34px bottom_padding_tablet_0px right_padding_tablet_34px left_padding_tablet_34px\" data-midnight=\"\" data-column-margin=\"default\">\n<div class=\"row_col_wrap_12_inner col span_12  left\">\n<div class=\"vc_col-sm-8 wpb_column column_container vc_column_container col child_column no-extra-padding inherit_tablet inherit_phone \" data-padding-pos=\"all\" data-has-bg-color=\"false\" data-bg-color=\"\" data-bg-opacity=\"1\" data-animation=\"\" data-delay=\"0\">\n<div class=\"vc_column-inner\">\n<div class=\"wpb_wrapper\">\n<div class=\"wpb_text_column wpb_content_element \">\n<div class=\"wpb_wrapper\">\n<p>Zaprojektowana z\u00a0my\u015bl\u0105 o\u00a0profesjonalnych elektrykach, ta torba wykonana z\u00a0wytrzyma\u0142ego poliestru 600D to kompaktowe rozwi\u0105zanie dla fachowc\u00f3w pragn\u0105cych mie\u0107 swoje narz\u0119dzia i\u00a0akcesoria zawsze pod r\u0119k\u0105. Z naciskiem na funkcjonalno\u015b\u0107 i\u00a0d\u0142ugotrwa\u0142\u0105 wytrzyma\u0142o\u015b\u0107, ta torba zosta\u0142a stworzona, aby spe\u0142nia\u0107 wysokie standardy bran\u017cowe, umo\u017cliwiaj\u0105c \u0142atwy dost\u0119p do narz\u0119dzi, jednocze\u015bnie oferuj\u0105c wyj\u0105tkow\u0105 ochron\u0119.<\/p>\n<\/div>\n<\/div>\n<\/div>\n<\/div>\n<\/div>\n<div class=\"vc_col-sm-2 wpb_column column_container vc_column_container col child_column no-extra-padding inherit_tablet inherit_phone \" data-padding-pos=\"all\" data-has-bg-color=\"false\" data-bg-color=\"\" data-bg-opacity=\"1\" data-animation=\"\" data-delay=\"0\">\n<div class=\"vc_column-inner\">\n<div class=\"wpb_wrapper\"><\/div>\n<\/div>\n<\/div>\n<\/div>\n<\/div>\n<div id=\"charakterystyka\" class=\"wpb_row vc_row-fluid vc_row inner_row  vc_custom_1626868683321 right_padding_89px left_padding_89px bottom_padding_tablet_0px right_padding_tablet_34px left_padding_tablet_34px\" data-midnight=\"\" data-column-margin=\"default\">\n<div class=\"row-bg-wrap\">\n<div class=\"row-bg\"><\/div>\n<\/div>\n<div class=\"row_col_wrap_12_inner col span_12  left\">\n<div class=\"vc_col-sm-2 wpb_column column_container vc_column_container col child_column no-extra-padding inherit_tablet inherit_phone \" data-padding-pos=\"all\" data-has-bg-color=\"false\" data-bg-color=\"\" data-bg-opacity=\"1\" data-animation=\"\" data-delay=\"0\">\n<div class=\"vc_column-inner\">\n<div class=\"wpb_wrapper\"><\/div>\n<\/div>\n<\/div>\n<div class=\"vc_col-sm-8 wpb_column column_container vc_column_container col child_column no-extra-padding inherit_tablet inherit_phone \" data-padding-pos=\"all\" data-has-bg-color=\"false\" data-bg-color=\"\" data-bg-opacity=\"1\" data-animation=\"\" data-delay=\"0\">\n<div class=\"vc_column-inner\">\n<div class=\"wpb_wrapper\">\n<div class=\"divider-wrap\" data-alignment=\"default\">\n<div class=\"divider-border\" data-width=\"100%\" data-animate=\"\" data-animation-delay=\"\" data-color=\"default\"><\/div>\n<\/div>\n<div class=\"wpb_text_column wpb_content_element \">\n<div class=\"wpb_wrapper\">\n<h3>Charakterystyka<\/h3>\n<\/div>\n<\/div>\n<div class=\"nectar-fancy-ul animated-in\" data-list-icon=\"fa fa-check-circle\" data-animation=\"true\" data-animation-delay=\"0\" data-color=\"extra-color-1\" data-spacing=\"default\" data-alignment=\"left\">\n<ul>\n<li><i class=\"icon-default-style fa fa-check-circle extra-color-1\"><\/i> Materia\u0142: 600D poliester;<\/li>\n<li><i class=\"icon-default-style fa fa-check-circle extra-color-1\"><\/i> 3\u00a0kieszenie boczne (1\u00a0zapinana na rzep);<\/li>\n<li><i class=\"icon-default-style fa fa-check-circle extra-color-1\"><\/i> 6\u00a0elastycznych p\u0119tli do przyczepiania narz\u0119dzi;<\/li>\n<li><i class=\"icon-default-style fa fa-check-circle extra-color-1\"><\/i> 4\u00a0kieszenie zewn\u0119trzne na drobne akcesoria;<\/li>\n<li><i class=\"icon-default-style fa fa-check-circle extra-color-1\"><\/i> 3\u00a0g\u0142\u00f3wne komory w\u00a0\u015brodku, w\u00a0kt\u00f3rych znajduj\u0119 si\u0119:<\/li>\n<\/ul>\n<p>\u2013 15\u00a0p\u0119tli do przyczepienia narz\u0119dzi<br \/>\n\u2013 23\u00a0kieszenie w\u00a0tym 1\u00a0zapinana na rzep oraz 1\u00a0zapinana na suwak.<\/p>\n<\/div>\n<\/div>\n<\/div>\n<\/div>\n<\/div>\n<\/div>\n","protected":false},"excerpt":{"rendered":"<p>Zaprojektowana z\u00a0my\u015bl\u0105 o\u00a0profesjonalnych elektrykach, ta torba wykonana z\u00a0wytrzyma\u0142ego poliestru 600D to kompaktowe rozwi\u0105zanie dla fachowc\u00f3w pragn\u0105cych mie\u0107 swoje narz\u0119dzia i\u00a0akcesoria zawsze pod r\u0119k\u0105. Z naciskiem na funkcjonalno\u015b\u0107 i\u00a0d\u0142ugotrwa\u0142\u0105 wytrzyma\u0142o\u015b\u0107, ta torba zosta\u0142a stworzona, aby spe\u0142nia\u0107 wysokie standardy bran\u017cowe, umo\u017cliwiaj\u0105c \u0142atwy dost\u0119p do narz\u0119dzi, jednocze\u015bnie oferuj\u0105c wyj\u0105tkow\u0105 ochron\u0119<\/p>\n","protected":false},"featured_media":777,"template":"","meta":{"_et_pb_use_builder":"","_et_pb_old_content":"","_et_gb_content_width":""},"product_brand":[],"product_cat":[48],"product_tag":[],"class_list":{"0":"post-776","1":"product","2":"type-product","3":"status-publish","4":"has-post-thumbnail","6":"product_cat-torby-i-worki","8":"first","9":"instock","10":"shipping-taxable","11":"purchasable","12":"product-type-simple"},"_links":{"self":[{"href":"https:\/\/ani-mex.com\/index.php?rest_route=\/wp\/v2\/product\/776","targetHints":{"allow":["GET"]}}],"collection":[{"href":"https:\/\/ani-mex.com\/index.php?rest_route=\/wp\/v2\/product"}],"about":[{"href":"https:\/\/ani-mex.com\/index.php?rest_route=\/wp\/v2\/types\/product"}],"wp:featuredmedia":[{"embeddable":true,"href":"https:\/\/ani-mex.com\/index.php?rest_route=\/wp\/v2\/media\/777"}],"wp:attachment":[{"href":"https:\/\/ani-mex.com\/index.php?rest_route=%2Fwp%2Fv2%2Fmedia&parent=776"}],"wp:term":[{"taxonomy":"product_brand","embeddable":true,"href":"https:\/\/ani-mex.com\/index.php?rest_route=%2Fwp%2Fv2%2Fproduct_brand&post=776"},{"taxonomy":"product_cat","embeddable":true,"href":"https:\/\/ani-mex.com\/index.php?rest_route=%2Fwp%2Fv2%2Fproduct_cat&post=776"},{"taxonomy":"product_tag","embeddable":true,"href":"https:\/\/ani-mex.com\/index.php?rest_route=%2Fwp%2Fv2%2Fproduct_tag&post=776"}],"curies":[{"name":"wp","href":"https:\/\/api.w.org\/{rel}","templated":true}]}}