{"id":793,"date":"2024-12-04T12:30:49","date_gmt":"2024-12-04T12:30:49","guid":{"rendered":"https:\/\/ani-mex.com\/?post_type=product&#038;p=793"},"modified":"2024-12-04T12:30:49","modified_gmt":"2024-12-04T12:30:49","slug":"rekawice-ochronne-kofi-lateks-rozmiary-7891011","status":"publish","type":"product","link":"https:\/\/ani-mex.com\/?product=rekawice-ochronne-kofi-lateks-rozmiary-7891011","title":{"rendered":"R\u0119kawice ochronne KOFI-lateks rozmiary 7,8,9,10,11"},"content":{"rendered":"<p><span style=\"font-family: Trebuchet MS;\"><span style=\"font-size: x-large;\"><strong>R\u0119kawice ochronne KOFI<\/strong><\/span><\/span><\/p>\n<p><span style=\"font-family: Trebuchet MS;\">R\u0119kawice ochronne\u00a0KOFI zosta\u0142y stworzone z my\u015bl\u0105 o pracy w \u015brodowisku suchym. Szorstkowany lateks, kt\u00f3rym zosta\u0142a pokryta wewn\u0119trzna strona d\u0142oni oraz palce, zapewnia bardzo dobry chwyt szczeg\u00f3lnie przy pracach manualnych.<\/span><span style=\"font-family: Trebuchet MS;\"><strong><span style=\"font-size: medium;\">Powleczone lateksem <\/span><\/strong><\/span><span style=\"font-family: Trebuchet MS;\">R\u0119kawice ochronne\u00a0KOFI zosta\u0142y wykonane z nylonowo-spandexowej dzianiny bezszwowej, kt\u00f3ra jest mi\u0119kka i oddychaj\u0105ca, dzi\u0119ki czemu zapewnia odpowiedni\u0105 wentylacj\u0119 i idealnie dopasowuje si\u0119 do kszta\u0142tu d\u0142oni. Aby wzmocni\u0107 mo\u017cliwo\u015bci manualne w tym modelu, r\u0119kawice (wewn\u0119trzna cz\u0119\u015b\u0107 d\u0142oni oraz palce) zosta\u0142y powleczone\u00a0naturalnym, szorstkowanym lateksem. Jest to struktura, kt\u00f3ra zapewnia\u00a0wysokie w\u0142a\u015bciwo\u015bci antypo\u015blizgowe.<\/span><\/p>\n","protected":false},"excerpt":{"rendered":"<p><span style=\"font-family: Trebuchet MS;\"><span style=\"font-size: x-large;\"><strong>R\u0119kawice ochronne KOFI<\/strong><\/span><br \/>\n<\/span><\/p>\n<p>&nbsp;<\/p>\n<p><span style=\"font-family: Trebuchet MS;\">R\u0119kawice ochronne\u00a0KOFI zosta\u0142y stworzone z my\u015bl\u0105 o pracy w \u015brodowisku suchym. Szorstkowany lateks, kt\u00f3rym zosta\u0142a pokryta wewn\u0119trzna strona d\u0142oni oraz palce, zapewnia bardzo dobry chwyt szczeg\u00f3lnie przy pracach manualnych.<br \/>\n<\/span><\/p>\n<p>&nbsp;<\/p>\n<p><span style=\"font-family: Trebuchet MS;\"><strong><span style=\"font-size: medium;\">Powleczone lateksem<\/span><\/strong><br \/>\n<\/span><\/p>\n<p>&nbsp;<\/p>\n<p><span style=\"font-family: Trebuchet MS;\">R\u0119kawice ochronne\u00a0KOFI zosta\u0142y wykonane z nylonowo-spandexowej dzianiny bezszwowej, kt\u00f3ra jest mi\u0119kka i oddychaj\u0105ca, dzi\u0119ki czemu zapewnia odpowiedni\u0105 wentylacj\u0119 i idealnie dopasowuje si\u0119 do kszta\u0142tu d\u0142oni. Aby wzmocni\u0107 mo\u017cliwo\u015bci manualne w tym modelu, r\u0119kawice (wewn\u0119trzna cz\u0119\u015b\u0107 d\u0142oni oraz palce) zosta\u0142y powleczone\u00a0naturalnym, szorstkowanym lateksem. Jest to struktura, kt\u00f3ra zapewnia\u00a0wysokie w\u0142a\u015bciwo\u015bci antypo\u015blizgowe.<br \/>\n<\/span><\/p>\n<p>&nbsp;<\/p>\n<p><span style=\"font-family: Trebuchet MS;\"><strong><span style=\"font-size: medium;\">Zastosowanie<\/span><\/strong><br \/>\n<\/span><\/p>\n<p>&nbsp;<\/p>\n<p><span style=\"font-family: Trebuchet MS;\">R\u0119kawice\u00a0KOFI chroni\u0105 d\u0142onie przed urazami mechanicznymi (skaleczenia oraz otarcia). W\u0142a\u015bciwo\u015bci antypo\u015blizgowe sprawiaj\u0105, \u017ce polecane s\u0105 one\u00a0przy pracach\u00a0magazynowych, wyko\u0144czeniowych czy w warsztatach. Zalety r\u0119kawic docenione zostan\u0105 szczeg\u00f3lnie na stanowiskach\u00a0gdzie niezb\u0119dny jest pewny chwyt. Tam r\u0119kawice pokryte\u00a0lateksem oka\u017c\u0105 si\u0119 niezwykle skuteczne i przydatne.<\/p>\n<p><strong><span style=\"font-size: medium;\">Cechy produktu:<\/span><\/strong><br \/>\n<\/span><\/p>\n<p>&nbsp;<\/p>\n<p><span style=\"font-family: Trebuchet MS;\">\u2022\u00a0nylonowa dzianina bezszwowa, \u015bcieg 15G<br \/>\n\u2022\u00a0pow\u0142oka\u00a0z naturalnego, szorstkowanego lateksu<br \/>\n\u2022\u00a0elastyczny \u015bci\u0105gacz w nadgarstku<br \/>\n\u2022\u00a0bardzo wysoka chwytno\u015b\u0107<br \/>\n\u2022\u00a0znak CE kategoria II, zgodno\u015b\u0107 z normami EN 420 oraz EN388<br \/>\n\u2022\u00a0ochrona mechaniczna: odporno\u015b\u0107 na \u015bcieranie (poziom 2), odporno\u015b\u0107 na przeci\u0119cie (poziom 1), wytrzyma\u0142o\u015b\u0107 na rozdzieranie (poziom 3), odporno\u015b\u0107 na przek\u0142ucie (poziom 1), odporno\u015b\u0107 na przeci\u0119cie TDM (nie dotyczy)<\/span><\/p>\n","protected":false},"featured_media":794,"template":"","meta":{"_et_pb_use_builder":"","_et_pb_old_content":"","_et_gb_content_width":""},"product_brand":[],"product_cat":[74],"product_tag":[],"class_list":{"0":"post-793","1":"product","2":"type-product","3":"status-publish","4":"has-post-thumbnail","6":"product_cat-rekawice-powlekane","8":"first","9":"instock","10":"shipping-taxable","11":"purchasable","12":"product-type-simple"},"_links":{"self":[{"href":"https:\/\/ani-mex.com\/index.php?rest_route=\/wp\/v2\/product\/793","targetHints":{"allow":["GET"]}}],"collection":[{"href":"https:\/\/ani-mex.com\/index.php?rest_route=\/wp\/v2\/product"}],"about":[{"href":"https:\/\/ani-mex.com\/index.php?rest_route=\/wp\/v2\/types\/product"}],"wp:featuredmedia":[{"embeddable":true,"href":"https:\/\/ani-mex.com\/index.php?rest_route=\/wp\/v2\/media\/794"}],"wp:attachment":[{"href":"https:\/\/ani-mex.com\/index.php?rest_route=%2Fwp%2Fv2%2Fmedia&parent=793"}],"wp:term":[{"taxonomy":"product_brand","embeddable":true,"href":"https:\/\/ani-mex.com\/index.php?rest_route=%2Fwp%2Fv2%2Fproduct_brand&post=793"},{"taxonomy":"product_cat","embeddable":true,"href":"https:\/\/ani-mex.com\/index.php?rest_route=%2Fwp%2Fv2%2Fproduct_cat&post=793"},{"taxonomy":"product_tag","embeddable":true,"href":"https:\/\/ani-mex.com\/index.php?rest_route=%2Fwp%2Fv2%2Fproduct_tag&post=793"}],"curies":[{"name":"wp","href":"https:\/\/api.w.org\/{rel}","templated":true}]}}