{"id":801,"date":"2024-12-05T09:17:01","date_gmt":"2024-12-05T09:17:01","guid":{"rendered":"https:\/\/ani-mex.com\/?post_type=product&#038;p=801"},"modified":"2024-12-05T09:17:01","modified_gmt":"2024-12-05T09:17:01","slug":"mercator-nitrylex-black-rekawice-nitrylowe-czarne-100-sztuk","status":"publish","type":"product","link":"https:\/\/ani-mex.com\/?product=mercator-nitrylex-black-rekawice-nitrylowe-czarne-100-sztuk","title":{"rendered":"MERCATOR NITRYLEX BLACK R\u0119kawice nitrylowe czarne  100 sztuk"},"content":{"rendered":"<p><strong>R\u0119kawice NITRYLEX od marki MERCATOR MEDICAL<\/strong> znajd\u0105 zastosowanie w salonach kosmetycznych, studiach tatua\u017cu, pracowniach fryzjerskich, u barber\u00f3w oraz w takich bran\u017cach jak: ochrona zdrowia, hotele, restauracje, catering, motoryzacja, produkcja i przetw\u00f3rstwo \u017cywno\u015bci.<\/p>\n","protected":false},"excerpt":{"rendered":"<p><strong>R\u0119kawice NITRYLEX od marki MERCATOR MEDICAL<\/strong> znajd\u0105 zastosowanie w salonach kosmetycznych, studiach tatua\u017cu, pracowniach fryzjerskich, u barber\u00f3w oraz w takich bran\u017cach jak: ochrona zdrowia, hotele, restauracje, catering, motoryzacja, produkcja i przetw\u00f3rstwo \u017cywno\u015bci.<\/p>\n<p><strong>Wykonane zosta\u0142y z materia\u0142u nitrylowego,<\/strong> kt\u00f3ry cechuje si\u0119 wysok\u0105 odporno\u015bci\u0105 na dzia\u0142anie wszelkich substancji t\u0142ustych, oleistych, kwasowych oraz rozpuszczalnik\u00f3w organicznych, ma du\u017c\u0105 odporno\u015b\u0107 na uszkodzenia mechaniczne i chroni przed dzia\u0142aniem drobnoustroj\u00f3w, bakterii, wirus\u00f3w i grzyb\u00f3w. Ponadto <strong>nie zawiera protein lateksu<\/strong>, co przedk\u0142ada si\u0119 bezpo\u015brednio na brak reakcji alergicznej u os\u00f3b uczulonych na lateks. Materia\u0142 nitrylowy jest delikatny, idealnie dopasowuj\u0105cy si\u0119 do sk\u00f3ry, co sprawia, \u017ce noszenie r\u0119kawiczek nitrylowych, nawet przez wiele godzin, b\u0119dzie komfortowe. R\u0119kawice MERCATOR NITRYLEX posiadaj\u0105 dodatkowo <strong>teksturowane zako\u0144czenia na palcach<\/strong>, co zapewnia u\u017cytkownikowi pewny i precyzyjny chwyt. <strong>Mankiet<\/strong> r\u0119kawiczki jest <strong>r\u00f3wnomiernie rolowany<\/strong>, tak aby ograniczy\u0107 p\u0119kanie przy zak\u0142adaniu i naci\u0105ganiu na r\u0119ce.<\/p>\n<p><strong>R\u0119kawiczki MERCATOR MEDICAL s\u0105 wyrobem posiadaj\u0105cym wszelkie certyfikaty, <\/strong>zgodne z wymaganiami regulacyjnymi w zakresie wyrob\u00f3w medycznych, \u015brodk\u00f3w ochrony indywidualnej, wyrob\u00f3w przeznaczonych do kontaktu z \u017cywno\u015bci\u0105. Tym samym wyr\u00f3b spe\u0142nia r\u00f3wnie\u017c najwy\u017csze standardy jako\u015bciowo-produktowe, przewidziane dla wyrob\u00f3w medycznych, \u015brodk\u00f3w ochrony indywidualnej, wyrob\u00f3w przeznaczonych do kontaktu z \u017cywno\u015bci\u0105.<\/p>\n<p><strong>G\u0141\u00d3WNE CECHY R\u0118KAWIC MERCATOR MEDICAL NITRYLEX:<\/strong><\/p>\n<ul>\n<li class=\"active\">nie uczulaj\u0105<\/li>\n<li>nie zawieraj\u0105 talku (bezpudrowe)<\/li>\n<li>opuszki palc\u00f3w teksturowane<\/li>\n<li>brzeg rolowany<\/li>\n<li>\u0142atwo si\u0119 zak\u0142adaj\u0105 oraz \u015bci\u0105gaj\u0105<\/li>\n<li>posiadaj\u0105 deklaracj\u0119 zgodno\u015bci CE<\/li>\n<li>wykonane z trwa\u0142ego materia\u0142u jakim jest nitryl<\/li>\n<\/ul>\n<p>&nbsp;<\/p>\n<p><strong>Rozmiar: <\/strong>XS<br \/>\n<strong>Kolor:<\/strong> Czarny<br \/>\n<strong>Ilo\u015b\u0107 w opakowaniu:<\/strong> 100 sztuk<\/p>\n<p><strong>TO JEST WYR\u00d3B MEDYCZNY. U\u017bYWAJ GO ZGODNIE Z INSTRUKCJ\u0104 U\u017bYTKOWANIA LUB ETYKIET\u0104.<\/strong><\/p>\n","protected":false},"featured_media":802,"template":"","meta":{"_et_pb_use_builder":"","_et_pb_old_content":"","_et_gb_content_width":""},"product_brand":[],"product_cat":[43,71],"product_tag":[],"class_list":{"0":"post-801","1":"product","2":"type-product","3":"status-publish","4":"has-post-thumbnail","6":"product_cat-ochrona-rak","7":"product_cat-rekawice-jednorazowe","9":"first","10":"instock","11":"shipping-taxable","12":"purchasable","13":"product-type-simple"},"_links":{"self":[{"href":"https:\/\/ani-mex.com\/index.php?rest_route=\/wp\/v2\/product\/801","targetHints":{"allow":["GET"]}}],"collection":[{"href":"https:\/\/ani-mex.com\/index.php?rest_route=\/wp\/v2\/product"}],"about":[{"href":"https:\/\/ani-mex.com\/index.php?rest_route=\/wp\/v2\/types\/product"}],"wp:featuredmedia":[{"embeddable":true,"href":"https:\/\/ani-mex.com\/index.php?rest_route=\/wp\/v2\/media\/802"}],"wp:attachment":[{"href":"https:\/\/ani-mex.com\/index.php?rest_route=%2Fwp%2Fv2%2Fmedia&parent=801"}],"wp:term":[{"taxonomy":"product_brand","embeddable":true,"href":"https:\/\/ani-mex.com\/index.php?rest_route=%2Fwp%2Fv2%2Fproduct_brand&post=801"},{"taxonomy":"product_cat","embeddable":true,"href":"https:\/\/ani-mex.com\/index.php?rest_route=%2Fwp%2Fv2%2Fproduct_cat&post=801"},{"taxonomy":"product_tag","embeddable":true,"href":"https:\/\/ani-mex.com\/index.php?rest_route=%2Fwp%2Fv2%2Fproduct_tag&post=801"}],"curies":[{"name":"wp","href":"https:\/\/api.w.org\/{rel}","templated":true}]}}