{"id":807,"date":"2024-12-05T09:35:27","date_gmt":"2024-12-05T09:35:27","guid":{"rendered":"https:\/\/ani-mex.com\/?post_type=product&#038;p=807"},"modified":"2024-12-05T09:36:33","modified_gmt":"2024-12-05T09:36:33","slug":"czarne-rekawiczki-nitrylowe-gogrip-black-diamentowa-tekstura","status":"publish","type":"product","link":"https:\/\/ani-mex.com\/?product=czarne-rekawiczki-nitrylowe-gogrip-black-diamentowa-tekstura","title":{"rendered":"Czarne r\u0119kawiczki nitrylowe GOGRIP BLACK &#8211; diamentowa tekstura"},"content":{"rendered":"<p><span data-sheets-value=\"[null,2,&quot;R\\u0119kawice Medyczne Nitrylowe Nitrylex PF\\n\\nJednorazowe r\\u0119kawice medyczne przeznaczone s\\u0105 do ochrony d\\u0142oni podczas prac diagnostycznych i terapeutycznych. Zabezpieczaj\\u0105 sk\\u00f3r\\u0119 r\\u0105k przed dzia\\u0142aniem substancji chemicznych i bakteriami. Chlorowane wn\\u0119trze i teksturowane ko\\u0144c\\u00f3wki palc\\u00f3w podwy\\u017cszaj\\u0105 jako\\u015b\\u0107 pracy. Dzi\\u0119ki hipoalergiczno\\u015bci mog\\u0105 by\\u0107 wykorzystane przez osoby z alergi\\u0105 na lateks, gdy\\u017c r\\u0119kawice nitrylowe go nie posiadaj\\u0105. \\n\\nBezpudrowe r\\u0119kawice nieja\\u0142owe wyst\\u0119puj\\u0105 w kolorze niebieskim i rozmiarze XS-XL. Funkcjonalno\\u015b\\u0107 r\\u0119kawic nitrylowych opiera si\\u0119 na elastyczno\\u015bci i bezuciskowym charakterze - idealnie dopasowuj\\u0105 si\\u0119 do d\\u0142oni. Dodatkowo posiadaj\\u0105 one normy i standardy jako\\u015bci, pozwalaj\\u0105ce na bezpieczny kontakt z \\u017cywno\\u015bci\\u0105. &quot;]\" data-sheets-userformat=\"[null,null,513,[null,0],null,null,null,null,null,null,null,null,0]\">Jednorazowe r\u0119kawiczki nitrylowe\u00a0GO<\/span>GRIP BLACK\u00a0<span data-sheets-value=\"[null,2,&quot;R\\u0119kawice Medyczne Nitrylowe Nitrylex PF\\n\\nJednorazowe r\\u0119kawice medyczne przeznaczone s\\u0105 do ochrony d\\u0142oni podczas prac diagnostycznych i terapeutycznych. Zabezpieczaj\\u0105 sk\\u00f3r\\u0119 r\\u0105k przed dzia\\u0142aniem substancji chemicznych i bakteriami. Chlorowane wn\\u0119trze i teksturowane ko\\u0144c\\u00f3wki palc\\u00f3w podwy\\u017cszaj\\u0105 jako\\u015b\\u0107 pracy. Dzi\\u0119ki hipoalergiczno\\u015bci mog\\u0105 by\\u0107 wykorzystane przez osoby z alergi\\u0105 na lateks, gdy\\u017c r\\u0119kawice nitrylowe go nie posiadaj\\u0105. \\n\\nBezpudrowe r\\u0119kawice nieja\\u0142owe wyst\\u0119puj\\u0105 w kolorze niebieskim i rozmiarze XS-XL. Funkcjonalno\\u015b\\u0107 r\\u0119kawic nitrylowych opiera si\\u0119 na elastyczno\\u015bci i bezuciskowym charakterze - idealnie dopasowuj\\u0105 si\\u0119 do d\\u0142oni. Dodatkowo posiadaj\\u0105 one normy i standardy jako\\u015bci, pozwalaj\\u0105ce na bezpieczny kontakt z \\u017cywno\\u015bci\\u0105. &quot;]\" data-sheets-userformat=\"[null,null,513,[null,0],null,null,null,null,null,null,null,null,0]\">przeznaczone s\u0105 do\u00a0ochrony r\u0105k przed\u00a0<\/span>substancjami chemicznymi<span data-sheets-value=\"[null,2,&quot;R\\u0119kawice Medyczne Nitrylowe Nitrylex PF\\n\\nJednorazowe r\\u0119kawice medyczne przeznaczone s\\u0105 do ochrony d\\u0142oni podczas prac diagnostycznych i terapeutycznych. Zabezpieczaj\\u0105 sk\\u00f3r\\u0119 r\\u0105k przed dzia\\u0142aniem substancji chemicznych i bakteriami. Chlorowane wn\\u0119trze i teksturowane ko\\u0144c\\u00f3wki palc\\u00f3w podwy\\u017cszaj\\u0105 jako\\u015b\\u0107 pracy. Dzi\\u0119ki hipoalergiczno\\u015bci mog\\u0105 by\\u0107 wykorzystane przez osoby z alergi\\u0105 na lateks, gdy\\u017c r\\u0119kawice nitrylowe go nie posiadaj\\u0105. \\n\\nBezpudrowe r\\u0119kawice nieja\\u0142owe wyst\\u0119puj\\u0105 w kolorze niebieskim i rozmiarze XS-XL. Funkcjonalno\\u015b\\u0107 r\\u0119kawic nitrylowych opiera si\\u0119 na elastyczno\\u015bci i bezuciskowym charakterze - idealnie dopasowuj\\u0105 si\\u0119 do d\\u0142oni. Dodatkowo posiadaj\\u0105 one normy i standardy jako\\u015bci, pozwalaj\\u0105ce na bezpieczny kontakt z \\u017cywno\\u015bci\\u0105. &quot;]\" data-sheets-userformat=\"[null,null,513,[null,0],null,null,null,null,null,null,null,null,0]\">. Zabezpieczaj\u0105 sk\u00f3r\u0119 r\u0105k przed dzia\u0142aniem substancji, wilgoci i brudu. Chlorowane wn\u0119trze i teksturowana diamentowa struktura cz\u0119\u015bci chwytnej podwy\u017cszaj\u0105 jako\u015b\u0107 pracy oraz gwarantuj\u0105 pewny chwyt \u015bliskich przedmiot\u00f3w<\/span><\/p>\n","protected":false},"excerpt":{"rendered":"<h2>Czarne r\u0119kawiczki nitrylowe GOGRIP BLACK &#8211; diamentowa tekstura<\/h2>\n<p><span data-sheets-value=\"[null,2,&quot;R\\u0119kawice Medyczne Nitrylowe Nitrylex PF\\n\\nJednorazowe r\\u0119kawice medyczne przeznaczone s\\u0105 do ochrony d\\u0142oni podczas prac diagnostycznych i terapeutycznych. Zabezpieczaj\\u0105 sk\\u00f3r\\u0119 r\\u0105k przed dzia\\u0142aniem substancji chemicznych i bakteriami. Chlorowane wn\\u0119trze i teksturowane ko\\u0144c\\u00f3wki palc\\u00f3w podwy\\u017cszaj\\u0105 jako\\u015b\\u0107 pracy. Dzi\\u0119ki hipoalergiczno\\u015bci mog\\u0105 by\\u0107 wykorzystane przez osoby z alergi\\u0105 na lateks, gdy\\u017c r\\u0119kawice nitrylowe go nie posiadaj\\u0105. \\n\\nBezpudrowe r\\u0119kawice nieja\\u0142owe wyst\\u0119puj\\u0105 w kolorze niebieskim i rozmiarze XS-XL. Funkcjonalno\\u015b\\u0107 r\\u0119kawic nitrylowych opiera si\\u0119 na elastyczno\\u015bci i bezuciskowym charakterze - idealnie dopasowuj\\u0105 si\\u0119 do d\\u0142oni. Dodatkowo posiadaj\\u0105 one normy i standardy jako\\u015bci, pozwalaj\\u0105ce na bezpieczny kontakt z \\u017cywno\\u015bci\\u0105. &quot;]\" data-sheets-userformat=\"[null,null,513,[null,0],null,null,null,null,null,null,null,null,0]\">Jednorazowe r\u0119kawiczki nitrylowe\u00a0GO<\/span>GRIP BLACK\u00a0<span data-sheets-value=\"[null,2,&quot;R\\u0119kawice Medyczne Nitrylowe Nitrylex PF\\n\\nJednorazowe r\\u0119kawice medyczne przeznaczone s\\u0105 do ochrony d\\u0142oni podczas prac diagnostycznych i terapeutycznych. Zabezpieczaj\\u0105 sk\\u00f3r\\u0119 r\\u0105k przed dzia\\u0142aniem substancji chemicznych i bakteriami. Chlorowane wn\\u0119trze i teksturowane ko\\u0144c\\u00f3wki palc\\u00f3w podwy\\u017cszaj\\u0105 jako\\u015b\\u0107 pracy. Dzi\\u0119ki hipoalergiczno\\u015bci mog\\u0105 by\\u0107 wykorzystane przez osoby z alergi\\u0105 na lateks, gdy\\u017c r\\u0119kawice nitrylowe go nie posiadaj\\u0105. \\n\\nBezpudrowe r\\u0119kawice nieja\\u0142owe wyst\\u0119puj\\u0105 w kolorze niebieskim i rozmiarze XS-XL. Funkcjonalno\\u015b\\u0107 r\\u0119kawic nitrylowych opiera si\\u0119 na elastyczno\\u015bci i bezuciskowym charakterze - idealnie dopasowuj\\u0105 si\\u0119 do d\\u0142oni. Dodatkowo posiadaj\\u0105 one normy i standardy jako\\u015bci, pozwalaj\\u0105ce na bezpieczny kontakt z \\u017cywno\\u015bci\\u0105. &quot;]\" data-sheets-userformat=\"[null,null,513,[null,0],null,null,null,null,null,null,null,null,0]\">przeznaczone s\u0105 do\u00a0ochrony r\u0105k przed\u00a0<\/span>substancjami chemicznymi<span data-sheets-value=\"[null,2,&quot;R\\u0119kawice Medyczne Nitrylowe Nitrylex PF\\n\\nJednorazowe r\\u0119kawice medyczne przeznaczone s\\u0105 do ochrony d\\u0142oni podczas prac diagnostycznych i terapeutycznych. Zabezpieczaj\\u0105 sk\\u00f3r\\u0119 r\\u0105k przed dzia\\u0142aniem substancji chemicznych i bakteriami. Chlorowane wn\\u0119trze i teksturowane ko\\u0144c\\u00f3wki palc\\u00f3w podwy\\u017cszaj\\u0105 jako\\u015b\\u0107 pracy. Dzi\\u0119ki hipoalergiczno\\u015bci mog\\u0105 by\\u0107 wykorzystane przez osoby z alergi\\u0105 na lateks, gdy\\u017c r\\u0119kawice nitrylowe go nie posiadaj\\u0105. \\n\\nBezpudrowe r\\u0119kawice nieja\\u0142owe wyst\\u0119puj\\u0105 w kolorze niebieskim i rozmiarze XS-XL. Funkcjonalno\\u015b\\u0107 r\\u0119kawic nitrylowych opiera si\\u0119 na elastyczno\\u015bci i bezuciskowym charakterze - idealnie dopasowuj\\u0105 si\\u0119 do d\\u0142oni. Dodatkowo posiadaj\\u0105 one normy i standardy jako\\u015bci, pozwalaj\\u0105ce na bezpieczny kontakt z \\u017cywno\\u015bci\\u0105. &quot;]\" data-sheets-userformat=\"[null,null,513,[null,0],null,null,null,null,null,null,null,null,0]\">. Zabezpieczaj\u0105 sk\u00f3r\u0119 r\u0105k przed dzia\u0142aniem substancji, wilgoci i brudu. Chlorowane wn\u0119trze i teksturowana diamentowa struktura cz\u0119\u015bci chwytnej podwy\u017cszaj\u0105 jako\u015b\u0107 pracy oraz gwarantuj\u0105 pewny chwyt \u015bliskich przedmiot\u00f3w. Syntetyczny materia\u0142 nie zawiera bia\u0142ek, dzi\u0119ki\u00a0temu r\u0119kawice nitrylowe mog\u0105 by\u0107 wykorzystane przez osoby z alergi\u0105 na lateks.\u00a0R\u0119kawiczki nitrylowe GOGRIP BLACK\u00a0wyst\u0119puj\u0105 w kolorze\u00a0czarnym\u00a0i rozmiarach od S do XXL. Funkcjonalno\u015b\u0107 r\u0119kawic nitrylowych opiera si\u0119 na ich elastyczno\u015bci i bezuciskowym charakterze &#8211; idealnie dopasowuj\u0105 si\u0119 do d\u0142oni. Dodatkowo posiadaj\u0105 normy i \u015bwiatowe standardy jako\u015bci ISO.\u00a0<\/span>R\u0119kawice nitrylowe przeznaczone s\u0105 w szczeg\u00f3lno\u015bci\u00a0do prac laboratoryjnych, mechanicznych.\u00a0MERCATOR <span data-sheets-value=\"[null,2,&quot;R\\u0119kawice Medyczne Nitrylowe Nitrylex PF\\n\\nJednorazowe r\\u0119kawice medyczne przeznaczone s\\u0105 do ochrony d\\u0142oni podczas prac diagnostycznych i terapeutycznych. Zabezpieczaj\\u0105 sk\\u00f3r\\u0119 r\\u0105k przed dzia\\u0142aniem substancji chemicznych i bakteriami. Chlorowane wn\\u0119trze i teksturowane ko\\u0144c\\u00f3wki palc\\u00f3w podwy\\u017cszaj\\u0105 jako\\u015b\\u0107 pracy. Dzi\\u0119ki hipoalergiczno\\u015bci mog\\u0105 by\\u0107 wykorzystane przez osoby z alergi\\u0105 na lateks, gdy\\u017c r\\u0119kawice nitrylowe go nie posiadaj\\u0105. \\n\\nBezpudrowe r\\u0119kawice nieja\\u0142owe wyst\\u0119puj\\u0105 w kolorze niebieskim i rozmiarze XS-XL. Funkcjonalno\\u015b\\u0107 r\\u0119kawic nitrylowych opiera si\\u0119 na elastyczno\\u015bci i bezuciskowym charakterze - idealnie dopasowuj\\u0105 si\\u0119 do d\\u0142oni. Dodatkowo posiadaj\\u0105 one normy i standardy jako\\u015bci, pozwalaj\\u0105ce na bezpieczny kontakt z \\u017cywno\\u015bci\\u0105. &quot;]\" data-sheets-userformat=\"[null,null,513,[null,0],null,null,null,null,null,null,null,null,0]\">GO<\/span>GRIP BLACK\u00a0to nowa ods\u0142ona r\u0119kawicy MERCATOR powergrip\u00a0black<\/p>\n<ul>\n<li>Jeste\u015b zainteresowany ilo\u015bciami hurtowymi?\u00a0<strong>Zapytaj: ani-mex.drozdowska@wp.pl<\/strong><\/li>\n<li>Syntetyczny kauczuk nitrylowy &#8211;\u00a0guma butadienowo-akrylonitrylowa (NBR)<\/li>\n<li>Brak \u015brodka pudruj\u0105cego &#8211; skrobi kukurydzianej<\/li>\n<li>Wn\u0119trze chlorowane dla u\u0142atwienia zak\u0142adania<\/li>\n<li>Przed\u0142u\u017cany mankiet<\/li>\n<li>Podwy\u017cszona grubo\u015b\u0107 w cz\u0119\u015bci\u00a0chwytnej<\/li>\n<li>Teksturowana diamentowa struktura umo\u017cliwia znakomite wyczucie narz\u0119dzi i materia\u0142\u00f3w przy pe\u0142nej ochronie<\/li>\n<li>Zako\u0144czone r\u00f3wno rolowanym brzegiem w nadgarstku<\/li>\n<li>Trwa\u0142o\u015b\u0107: do 3 lata od daty produkcji<\/li>\n<li>Kolor:\u00a0czarny<\/li>\n<li>D\u0142ugo\u015b\u0107:\u00a0\u2265 240 mm<\/li>\n<li>Dost\u0119pne rozmiary: S, M, L, XL, XXL<\/li>\n<li>Kategoria 3 &#8211; ochronna<\/li>\n<li>Opakowanie zawiera 50 sztuk r\u0119kawic<\/li>\n<li>Deklaracja zgodno\u015bci CE<\/li>\n<li>Linia produktowa: GOGRIP<\/li>\n<li>Producent: MERCATOR MEDICAL S.A.<\/li>\n<li>Jednostka sprzeda\u017cy i cena &#8211; opakowanie 50 sztuk<\/li>\n<\/ul>\n<h2>R\u0119kawiczki GOGRIP BLACK spe\u0142niaj\u0105 wymagania normy BHP<\/h2>\n","protected":false},"featured_media":808,"template":"","meta":{"_et_pb_use_builder":"","_et_pb_old_content":"","_et_gb_content_width":""},"product_brand":[],"product_cat":[43,71],"product_tag":[],"class_list":{"0":"post-807","1":"product","2":"type-product","3":"status-publish","4":"has-post-thumbnail","6":"product_cat-ochrona-rak","7":"product_cat-rekawice-jednorazowe","9":"first","10":"instock","11":"shipping-taxable","12":"purchasable","13":"product-type-simple"},"_links":{"self":[{"href":"https:\/\/ani-mex.com\/index.php?rest_route=\/wp\/v2\/product\/807","targetHints":{"allow":["GET"]}}],"collection":[{"href":"https:\/\/ani-mex.com\/index.php?rest_route=\/wp\/v2\/product"}],"about":[{"href":"https:\/\/ani-mex.com\/index.php?rest_route=\/wp\/v2\/types\/product"}],"wp:featuredmedia":[{"embeddable":true,"href":"https:\/\/ani-mex.com\/index.php?rest_route=\/wp\/v2\/media\/808"}],"wp:attachment":[{"href":"https:\/\/ani-mex.com\/index.php?rest_route=%2Fwp%2Fv2%2Fmedia&parent=807"}],"wp:term":[{"taxonomy":"product_brand","embeddable":true,"href":"https:\/\/ani-mex.com\/index.php?rest_route=%2Fwp%2Fv2%2Fproduct_brand&post=807"},{"taxonomy":"product_cat","embeddable":true,"href":"https:\/\/ani-mex.com\/index.php?rest_route=%2Fwp%2Fv2%2Fproduct_cat&post=807"},{"taxonomy":"product_tag","embeddable":true,"href":"https:\/\/ani-mex.com\/index.php?rest_route=%2Fwp%2Fv2%2Fproduct_tag&post=807"}],"curies":[{"name":"wp","href":"https:\/\/api.w.org\/{rel}","templated":true}]}}