{"id":829,"date":"2024-12-05T10:36:02","date_gmt":"2024-12-05T10:36:02","guid":{"rendered":"https:\/\/ani-mex.com\/?post_type=product&#038;p=829"},"modified":"2024-12-05T10:36:02","modified_gmt":"2024-12-05T10:36:02","slug":"rekawice-antystatyczne-cxs-adgara-powlekane","status":"publish","type":"product","link":"https:\/\/ani-mex.com\/?product=rekawice-antystatyczne-cxs-adgara-powlekane","title":{"rendered":"R\u0119kawice antystatyczne CXS ADGARA powlekane"},"content":{"rendered":"<p>Dziane r\u0119kawice bezszwowe,<strong> antystatyczne i ESD<\/strong>, d\u0142onie i palce powlekane poliuretanem, elastyczny mankiet. Rezystancja wewn\u0119trzna &#8211; wynik: Rv&lt;1,0 x 108 ?.<br \/>\nZalecane zastosowania: \u015brodowiska ESD, obs\u0142uga maszyn i robot\u00f3w CNC, przemys\u0142 motoryzacyjny, elektronika, logistyka, magazynowanie, lekki monta\u017c.<\/p>\n<ul>\n<li><strong>Normy<\/strong>:\u00a0 \u00a0 EN 420, EN 388, EN 16350<\/li>\n<li>D\u0142ugo\u015b\u0107\u00a0\u00a0 \u00a023 &#8211; 26 cm<\/li>\n<li>Rozmiar\u00a0\u00a0 \u00a006; 11; 07; 08; 09; 10<\/li>\n<li>Materia\u0142 podszewki: poliester, w\u0142\u00f3kno w\u0119glowe,<\/li>\n<li>Materia\u0142 pow\u0142oki: poliuretan,<\/li>\n<li>Styl pow\u0142oki: pow\u0142oka d\u0142oni i palc\u00f3w<\/li>\n<\/ul>\n","protected":false},"excerpt":{"rendered":"<p>Dziane r\u0119kawice bezszwowe,<strong> antystatyczne i ESD<\/strong>, d\u0142onie i palce powlekane poliuretanem, elastyczny mankiet. Rezystancja wewn\u0119trzna &#8211; wynik: Rv&lt;1,0 x 108 ?.<br \/>\nZalecane zastosowania: \u015brodowiska ESD, obs\u0142uga maszyn i robot\u00f3w CNC, przemys\u0142 motoryzacyjny, elektronika, logistyka, magazynowanie, lekki monta\u017c.<\/p>\n<ul>\n<li><strong>Normy<\/strong>:\u00a0 \u00a0 EN 420, EN 388, EN 16350<\/li>\n<li>D\u0142ugo\u015b\u0107\u00a0\u00a0 \u00a023 &#8211; 26 cm<\/li>\n<li>Rozmiar\u00a0\u00a0 \u00a006; 11; 07; 08; 09; 10<\/li>\n<li>Materia\u0142 podszewki: poliester, w\u0142\u00f3kno w\u0119glowe,<\/li>\n<li>Materia\u0142 pow\u0142oki: poliuretan,<\/li>\n<li>Styl pow\u0142oki: pow\u0142oka d\u0142oni i palc\u00f3w<\/li>\n<\/ul>\n","protected":false},"featured_media":830,"template":"","meta":{"_et_pb_use_builder":"","_et_pb_old_content":"","_et_gb_content_width":""},"product_brand":[],"product_cat":[43,76],"product_tag":[],"class_list":{"0":"post-829","1":"product","2":"type-product","3":"status-publish","4":"has-post-thumbnail","6":"product_cat-ochrona-rak","7":"product_cat-rekawice-specjalne","9":"first","10":"instock","11":"shipping-taxable","12":"product-type-simple"},"_links":{"self":[{"href":"https:\/\/ani-mex.com\/index.php?rest_route=\/wp\/v2\/product\/829","targetHints":{"allow":["GET"]}}],"collection":[{"href":"https:\/\/ani-mex.com\/index.php?rest_route=\/wp\/v2\/product"}],"about":[{"href":"https:\/\/ani-mex.com\/index.php?rest_route=\/wp\/v2\/types\/product"}],"wp:featuredmedia":[{"embeddable":true,"href":"https:\/\/ani-mex.com\/index.php?rest_route=\/wp\/v2\/media\/830"}],"wp:attachment":[{"href":"https:\/\/ani-mex.com\/index.php?rest_route=%2Fwp%2Fv2%2Fmedia&parent=829"}],"wp:term":[{"taxonomy":"product_brand","embeddable":true,"href":"https:\/\/ani-mex.com\/index.php?rest_route=%2Fwp%2Fv2%2Fproduct_brand&post=829"},{"taxonomy":"product_cat","embeddable":true,"href":"https:\/\/ani-mex.com\/index.php?rest_route=%2Fwp%2Fv2%2Fproduct_cat&post=829"},{"taxonomy":"product_tag","embeddable":true,"href":"https:\/\/ani-mex.com\/index.php?rest_route=%2Fwp%2Fv2%2Fproduct_tag&post=829"}],"curies":[{"name":"wp","href":"https:\/\/api.w.org\/{rel}","templated":true}]}}