{"id":860,"date":"2025-01-16T10:18:45","date_gmt":"2025-01-16T10:18:45","guid":{"rendered":"https:\/\/ani-mex.com\/?post_type=product&#038;p=860"},"modified":"2025-01-16T10:18:45","modified_gmt":"2025-01-16T10:18:45","slug":"tauber-spodnie-ochronne-4-way-stretch-ciemnoszare","status":"publish","type":"product","link":"https:\/\/ani-mex.com\/?product=tauber-spodnie-ochronne-4-way-stretch-ciemnoszare","title":{"rendered":"TAUBER spodnie ochronne 4-way stretch ciemnoszare"},"content":{"rendered":"<p>&nbsp;<\/p>\n<p>Profesjonalne m\u0119skie spodnie ochronne TAUBER zosta\u0142y wykonane z najwy\u017cszej jako\u015bci materia\u0142\u00f3w. Mocny splot zapewnia wysok\u0105 wytrzyma\u0142o\u015b\u0107. Standard 4-Way Strech zwi\u0119ksza elastyczno\u015b\u0107 spodni, co przek\u0142ada si\u0119 na du\u017c\u0105 swobod\u0119 ruchu nosz\u0105cego. Zastosowane detale odblaskowe pozwalaj\u0105 zwi\u0119kszy\u0107 bezpiecze\u0144stwo pracy po zmroku. Du\u017ca ilo\u015b\u0107 kieszeni wp\u0142ywa na u\u017cyteczno\u015b\u0107 produktu i sprawia, \u017ce narz\u0119dzia b\u0119d\u0105 zawsze pod r\u0119k\u0105. W kieszeniach oraz na kolanach zosta\u0142y zastosowane wzmocnienia z materia\u0142u CORDURA. Dodatkowa kryta kiesze\u0144 posiada bezpieczne zapi\u0119cie na zamek b\u0142yskawiczny, aby nic si\u0119 nie wysun\u0119\u0142o ani nie uszkodzi\u0142o. S\u0105 regulowane wewn\u0119trzn\u0105 gum\u0105 w \u015brodku pasa. Spodnie dost\u0119pne s\u0105 w modnym ciemnoszarym kolorze, z niebieskimi akcentami i szerokiej gamie rozmiar\u00f3w (od S do 3XL). Zosta\u0142y stworzone z my\u015bl\u0105 o profesjonalistach. Idealne dla pracownik\u00f3w produkcyjnych, budowlanych, transportowych oraz mechanik\u00f3w samochodowych. \u015awietnie sprawdz\u0105 si\u0119 w pracach serwisowych, monta\u017cowych i technicznych.<\/p>\n","protected":false},"excerpt":{"rendered":"<div id=\"opis-produktu\" class=\"wpb_row vc_row-fluid vc_row inner_row  vc_custom_1626868672803 right_padding_89px left_padding_89px top_padding_tablet_34px bottom_padding_tablet_0px right_padding_tablet_34px left_padding_tablet_34px\" data-midnight=\"\" data-column-margin=\"default\">\n<div class=\"row_col_wrap_12_inner col span_12  left\">\n<div class=\"vc_col-sm-8 wpb_column column_container vc_column_container col child_column no-extra-padding inherit_tablet inherit_phone \" data-padding-pos=\"all\" data-has-bg-color=\"false\" data-bg-color=\"\" data-bg-opacity=\"1\" data-animation=\"\" data-delay=\"0\">\n<div class=\"vc_column-inner\">\n<div class=\"wpb_wrapper\">\n<div class=\"wpb_text_column wpb_content_element \">\n<div class=\"wpb_wrapper\">\n<p>Profesjonalne m\u0119skie spodnie ochronne TAUBER zosta\u0142y wykonane z\u00a0najwy\u017cszej jako\u015bci materia\u0142\u00f3w. Mocny splot zapewnia wysok\u0105 wytrzyma\u0142o\u015b\u0107. Standard <em><a href=\"https:\/\/hoegert.com\/czym-jest-tkanina-4-way-stretch\/\"><strong>4-Way Strech<\/strong><\/a><\/em> zwi\u0119ksza elastyczno\u015b\u0107 spodni, co przek\u0142ada si\u0119 na du\u017c\u0105 swobod\u0119 ruchu nosz\u0105cego. Zastosowane detale odblaskowe pozwalaj\u0105 zwi\u0119kszy\u0107 bezpiecze\u0144stwo pracy po zmroku. Du\u017ca ilo\u015b\u0107 kieszeni wp\u0142ywa na u\u017cyteczno\u015b\u0107 produktu i\u00a0sprawia, \u017ce narz\u0119dzia b\u0119d\u0105 zawsze pod r\u0119k\u0105. W kieszeniach oraz na kolanach zosta\u0142y zastosowane wzmocnienia z\u00a0materia\u0142u <em><a href=\"https:\/\/hoegert.com\/czym-jest-material-cordura\/\"><strong>CORDURA<\/strong><\/a><\/em>. Dodatkowa kryta kiesze\u0144 posiada bezpieczne zapi\u0119cie na zamek b\u0142yskawiczny, aby nic si\u0119 nie wysun\u0119\u0142o ani nie uszkodzi\u0142o. S\u0105 regulowane wewn\u0119trzn\u0105 gum\u0105 w\u00a0\u015brodku pasa. Spodnie dost\u0119pne s\u0105 w\u00a0modnym ciemnoszarym kolorze, z\u00a0niebieskimi akcentami i\u00a0szerokiej gamie rozmiar\u00f3w (od S do 3XL). Zosta\u0142y stworzone z\u00a0my\u015bl\u0105 o\u00a0profesjonalistach. Idealne dla pracownik\u00f3w produkcyjnych, budowlanych, transportowych oraz mechanik\u00f3w samochodowych. \u015awietnie sprawdz\u0105 si\u0119 w\u00a0pracach serwisowych, monta\u017cowych i\u00a0technicznych.<\/p>\n<\/div>\n<\/div>\n<\/div>\n<\/div>\n<\/div>\n<div class=\"vc_col-sm-2 wpb_column column_container vc_column_container col child_column no-extra-padding inherit_tablet inherit_phone \" data-padding-pos=\"all\" data-has-bg-color=\"false\" data-bg-color=\"\" data-bg-opacity=\"1\" data-animation=\"\" data-delay=\"0\">\n<div class=\"vc_column-inner\">\n<div class=\"wpb_wrapper\"><\/div>\n<\/div>\n<\/div>\n<\/div>\n<\/div>\n<div id=\"charakterystyka\" class=\"wpb_row vc_row-fluid vc_row inner_row  vc_custom_1626868683321 right_padding_89px left_padding_89px bottom_padding_tablet_0px right_padding_tablet_34px left_padding_tablet_34px\" data-midnight=\"\" data-column-margin=\"default\">\n<div class=\"row-bg-wrap\">\n<div class=\"row-bg\"><\/div>\n<\/div>\n<div class=\"row_col_wrap_12_inner col span_12  left\">\n<div class=\"vc_col-sm-2 wpb_column column_container vc_column_container col child_column no-extra-padding inherit_tablet inherit_phone \" data-padding-pos=\"all\" data-has-bg-color=\"false\" data-bg-color=\"\" data-bg-opacity=\"1\" data-animation=\"\" data-delay=\"0\">\n<div class=\"vc_column-inner\">\n<div class=\"wpb_wrapper\"><\/div>\n<\/div>\n<\/div>\n<div class=\"vc_col-sm-8 wpb_column column_container vc_column_container col child_column no-extra-padding inherit_tablet inherit_phone \" data-padding-pos=\"all\" data-has-bg-color=\"false\" data-bg-color=\"\" data-bg-opacity=\"1\" data-animation=\"\" data-delay=\"0\">\n<div class=\"vc_column-inner\">\n<div class=\"wpb_wrapper\">\n<div class=\"divider-wrap\" data-alignment=\"default\">\n<div class=\"divider-border\" data-width=\"100%\" data-animate=\"\" data-animation-delay=\"\" data-color=\"default\"><\/div>\n<\/div>\n<\/div>\n<\/div>\n<\/div>\n<\/div>\n<\/div>\n","protected":false},"featured_media":861,"template":"","meta":{"_et_pb_use_builder":"","_et_pb_old_content":"","_et_gb_content_width":""},"product_brand":[],"product_cat":[37,89],"product_tag":[],"class_list":{"0":"post-860","1":"product","2":"type-product","3":"status-publish","4":"has-post-thumbnail","6":"product_cat-ochrona-ciala","7":"product_cat-spodnie-do-pasa","9":"first","10":"instock","11":"shipping-taxable","12":"purchasable","13":"product-type-simple"},"_links":{"self":[{"href":"https:\/\/ani-mex.com\/index.php?rest_route=\/wp\/v2\/product\/860","targetHints":{"allow":["GET"]}}],"collection":[{"href":"https:\/\/ani-mex.com\/index.php?rest_route=\/wp\/v2\/product"}],"about":[{"href":"https:\/\/ani-mex.com\/index.php?rest_route=\/wp\/v2\/types\/product"}],"wp:featuredmedia":[{"embeddable":true,"href":"https:\/\/ani-mex.com\/index.php?rest_route=\/wp\/v2\/media\/861"}],"wp:attachment":[{"href":"https:\/\/ani-mex.com\/index.php?rest_route=%2Fwp%2Fv2%2Fmedia&parent=860"}],"wp:term":[{"taxonomy":"product_brand","embeddable":true,"href":"https:\/\/ani-mex.com\/index.php?rest_route=%2Fwp%2Fv2%2Fproduct_brand&post=860"},{"taxonomy":"product_cat","embeddable":true,"href":"https:\/\/ani-mex.com\/index.php?rest_route=%2Fwp%2Fv2%2Fproduct_cat&post=860"},{"taxonomy":"product_tag","embeddable":true,"href":"https:\/\/ani-mex.com\/index.php?rest_route=%2Fwp%2Fv2%2Fproduct_tag&post=860"}],"curies":[{"name":"wp","href":"https:\/\/api.w.org\/{rel}","templated":true}]}}