{"id":864,"date":"2025-01-16T10:23:23","date_gmt":"2025-01-16T10:23:23","guid":{"rendered":"https:\/\/ani-mex.com\/?post_type=product&#038;p=864"},"modified":"2025-01-16T10:23:23","modified_gmt":"2025-01-16T10:23:23","slug":"trebel-spodnie-dresowe-z-kieszeniami-czarne","status":"publish","type":"product","link":"https:\/\/ani-mex.com\/?product=trebel-spodnie-dresowe-z-kieszeniami-czarne","title":{"rendered":"TREBEL spodnie dresowe z kieszeniami czarne"},"content":{"rendered":"<ul>\n<li>bardzo elastyczny materia\u0142 zapewniaj\u0105cy swobod\u0119 ruchu;<\/li>\n<li><i class=\"icon-default-style fa fa-check-circle extra-color-1\"><\/i> spodnie robocze o\u00a0mocnym splocie;<\/li>\n<li><i class=\"icon-default-style fa fa-check-circle extra-color-1\"><\/i> <strong>gramatura<\/strong> materia\u0142u <strong>320\u00a0g\/m\u00b2<\/strong>;<\/li>\n<li><i class=\"icon-default-style fa fa-check-circle extra-color-1\"><\/i> <strong>materia\u0142<\/strong>: dzianina 65%\u00a0bawe\u0142na , 35%\u00a0poliester;<\/li>\n<li><i class=\"icon-default-style fa fa-check-circle extra-color-1\"><\/i> wzmocnienie przodu nogawki materia\u0142em <strong>OXFORD 600D<\/strong>;<\/li>\n<li><i class=\"icon-default-style fa fa-check-circle extra-color-1\"><\/i> zastosowano <strong>elementy odblaskowe<\/strong>;<\/li>\n<li><i class=\"icon-default-style fa fa-check-circle extra-color-1\"><\/i> 2x kiesze\u0144 odpinana <strong>OXFORD 600D;<\/strong><\/li>\n<li><i class=\"icon-default-style fa fa-check-circle extra-color-1\"><\/i> 2x kieszenie g\u00f3rne;<\/li>\n<li><i class=\"icon-default-style fa fa-check-circle extra-color-1\"><\/i> 1x kiesze\u0144 z\u00a0ty\u0142u na zamek.<\/li>\n<\/ul>\n","protected":false},"excerpt":{"rendered":"<p>Starannie wykonane m\u0119skie spodnie dresowe. Wysokiej jako\u015bci materia\u0142y zapewniaj\u0105 wytrzyma\u0142o\u015b\u0107 i\u00a0wysoki komfort u\u017cytkowania. Dzianina 65\u00a0%\u00a0bawe\u0142na i\u00a035%\u00a0poliester chroni przed nadmiernym poceniem i\u00a0dyskomfortem, nie odbarwia si\u0119 i\u00a0nie mechaci. Ponadto techniczny kr\u00f3j nie ogranicza ruch\u00f3w, a\u00a0dodane <strong>detale odblaskowe<\/strong> pozwalaj\u0105 zwi\u0119kszy\u0107 bezpiecze\u0144stwo pracy po zmroku. Prz\u00f3d nogawki od do\u0142u do kolan zosta\u0142 wzmocniony wytrzyma\u0142ym na przetarcia materia\u0142em <strong>OXFORD 600D<\/strong>. Spodnie dost\u0119pne s\u0105 w\u00a0czarnym kolorze z\u00a0niebieskimi akcentami i\u00a0szerokiej gamie rozmiar\u00f3w (od S do 3XL). Zosta\u0142y stworzone z\u00a0my\u015bl\u0105 o\u00a0profesjonalistach. Idealne dla pracownik\u00f3w produkcyjnych, budowlanych, transportowych oraz mechanik\u00f3w samochodowych. \u015awietnie sprawdz\u0105 si\u0119 w\u00a0pracach serwisowych, monta\u017cowych i\u00a0technicznych.<\/p>\n","protected":false},"featured_media":865,"template":"","meta":{"_et_pb_use_builder":"","_et_pb_old_content":"","_et_gb_content_width":""},"product_brand":[],"product_cat":[37,89],"product_tag":[],"class_list":{"0":"post-864","1":"product","2":"type-product","3":"status-publish","4":"has-post-thumbnail","6":"product_cat-ochrona-ciala","7":"product_cat-spodnie-do-pasa","9":"first","10":"instock","11":"shipping-taxable","12":"purchasable","13":"product-type-simple"},"_links":{"self":[{"href":"https:\/\/ani-mex.com\/index.php?rest_route=\/wp\/v2\/product\/864","targetHints":{"allow":["GET"]}}],"collection":[{"href":"https:\/\/ani-mex.com\/index.php?rest_route=\/wp\/v2\/product"}],"about":[{"href":"https:\/\/ani-mex.com\/index.php?rest_route=\/wp\/v2\/types\/product"}],"wp:featuredmedia":[{"embeddable":true,"href":"https:\/\/ani-mex.com\/index.php?rest_route=\/wp\/v2\/media\/865"}],"wp:attachment":[{"href":"https:\/\/ani-mex.com\/index.php?rest_route=%2Fwp%2Fv2%2Fmedia&parent=864"}],"wp:term":[{"taxonomy":"product_brand","embeddable":true,"href":"https:\/\/ani-mex.com\/index.php?rest_route=%2Fwp%2Fv2%2Fproduct_brand&post=864"},{"taxonomy":"product_cat","embeddable":true,"href":"https:\/\/ani-mex.com\/index.php?rest_route=%2Fwp%2Fv2%2Fproduct_cat&post=864"},{"taxonomy":"product_tag","embeddable":true,"href":"https:\/\/ani-mex.com\/index.php?rest_route=%2Fwp%2Fv2%2Fproduct_tag&post=864"}],"curies":[{"name":"wp","href":"https:\/\/api.w.org\/{rel}","templated":true}]}}