{"id":881,"date":"2025-01-16T10:41:16","date_gmt":"2025-01-16T10:41:16","guid":{"rendered":"https:\/\/ani-mex.com\/?post_type=product&#038;p=881"},"modified":"2025-01-16T10:41:16","modified_gmt":"2025-01-16T10:41:16","slug":"spodnie-do-pasa-meskie-highline-2322-lupkowy-czarny-czerwony","status":"publish","type":"product","link":"https:\/\/ani-mex.com\/?product=spodnie-do-pasa-meskie-highline-2322-lupkowy-czarny-czerwony","title":{"rendered":"Spodnie do pasa m\u0119skie HIGHLINE 2322 &#8211; \u0142upkowy\/czarny\/czerwony"},"content":{"rendered":"<p>Doskona\u0142e dopasowanie i du\u017co miejsca na narz\u0119dzia Ciesz si\u0119 swobod\u0105 ruchu i du\u017c\u0105 ilo\u015bci\u0105 kieszeni. Spodnie do pasa Highline doskonale le\u017c\u0105, a ponadto maj\u0105 du\u017co dodatk\u00f3w, dzi\u0119ki kt\u00f3rym wa\u017cne narz\u0119dzia robocze s\u0105 pod r\u0119k\u0105. Artyku\u0142 posiada certyfikat ochrony&#8230;<\/p>\n","protected":false},"excerpt":{"rendered":"<p>Doskona\u0142e dopasowanie i du\u017co miejsca na narz\u0119dzia Ciesz si\u0119 swobod\u0105 ruchu i du\u017c\u0105 ilo\u015bci\u0105 kieszeni. Spodnie do pasa Highline doskonale le\u017c\u0105, a ponadto maj\u0105 du\u017co dodatk\u00f3w, dzi\u0119ki kt\u00f3rym wa\u017cne narz\u0119dzia robocze s\u0105 pod r\u0119k\u0105. Artyku\u0142 posiada certyfikat ochrony&#8230;<\/p>\n","protected":false},"featured_media":882,"template":"","meta":{"_et_pb_use_builder":"","_et_pb_old_content":"","_et_gb_content_width":""},"product_brand":[],"product_cat":[37,89],"product_tag":[],"class_list":{"0":"post-881","1":"product","2":"type-product","3":"status-publish","4":"has-post-thumbnail","6":"product_cat-ochrona-ciala","7":"product_cat-spodnie-do-pasa","9":"first","10":"instock","11":"shipping-taxable","12":"purchasable","13":"product-type-simple"},"_links":{"self":[{"href":"https:\/\/ani-mex.com\/index.php?rest_route=\/wp\/v2\/product\/881","targetHints":{"allow":["GET"]}}],"collection":[{"href":"https:\/\/ani-mex.com\/index.php?rest_route=\/wp\/v2\/product"}],"about":[{"href":"https:\/\/ani-mex.com\/index.php?rest_route=\/wp\/v2\/types\/product"}],"wp:featuredmedia":[{"embeddable":true,"href":"https:\/\/ani-mex.com\/index.php?rest_route=\/wp\/v2\/media\/882"}],"wp:attachment":[{"href":"https:\/\/ani-mex.com\/index.php?rest_route=%2Fwp%2Fv2%2Fmedia&parent=881"}],"wp:term":[{"taxonomy":"product_brand","embeddable":true,"href":"https:\/\/ani-mex.com\/index.php?rest_route=%2Fwp%2Fv2%2Fproduct_brand&post=881"},{"taxonomy":"product_cat","embeddable":true,"href":"https:\/\/ani-mex.com\/index.php?rest_route=%2Fwp%2Fv2%2Fproduct_cat&post=881"},{"taxonomy":"product_tag","embeddable":true,"href":"https:\/\/ani-mex.com\/index.php?rest_route=%2Fwp%2Fv2%2Fproduct_tag&post=881"}],"curies":[{"name":"wp","href":"https:\/\/api.w.org\/{rel}","templated":true}]}}