{"id":891,"date":"2025-01-16T11:56:38","date_gmt":"2025-01-16T11:56:38","guid":{"rendered":"https:\/\/ani-mex.com\/?post_type=product&#038;p=891"},"modified":"2025-01-16T11:56:38","modified_gmt":"2025-01-16T11:56:38","slug":"spodnie-robocze-do-pasa-ardon-4xstretch-ciemnoszary","status":"publish","type":"product","link":"https:\/\/ani-mex.com\/?product=spodnie-robocze-do-pasa-ardon-4xstretch-ciemnoszary","title":{"rendered":"Spodnie robocze do pasa Ardon 4Xstretch &#8211; ciemnoszary"},"content":{"rendered":"<p>Spodnie robocze stretch do pasa z kieszeniami na nakolanniki ze specjalnego materia\u0142u Amalytton\u00ae, zapewniaj\u0105cego zwi\u0119kszon\u0105 wytrzyma\u0142o\u015b\u0107 i odporno\u015b\u0107 tkaniny bawe\u0142nianej przy zachowaniu elastyczno\u015bci i wszystkich zalet naturalnego materia\u0142u, takich jak odd&#8230;<\/p>\n","protected":false},"excerpt":{"rendered":"<p>Spodnie robocze stretch do pasa z kieszeniami na nakolanniki ze specjalnego materia\u0142u Amalytton\u00ae, zapewniaj\u0105cego zwi\u0119kszon\u0105 wytrzyma\u0142o\u015b\u0107 i odporno\u015b\u0107 tkaniny bawe\u0142nianej przy zachowaniu elastyczno\u015bci i wszystkich zalet naturalnego materia\u0142u, takich jak odd&#8230;<\/p>\n","protected":false},"featured_media":892,"template":"","meta":{"_et_pb_use_builder":"","_et_pb_old_content":"","_et_gb_content_width":""},"product_brand":[],"product_cat":[37,89],"product_tag":[],"class_list":{"0":"post-891","1":"product","2":"type-product","3":"status-publish","4":"has-post-thumbnail","6":"product_cat-ochrona-ciala","7":"product_cat-spodnie-do-pasa","9":"first","10":"instock","11":"shipping-taxable","12":"purchasable","13":"product-type-simple"},"_links":{"self":[{"href":"https:\/\/ani-mex.com\/index.php?rest_route=\/wp\/v2\/product\/891","targetHints":{"allow":["GET"]}}],"collection":[{"href":"https:\/\/ani-mex.com\/index.php?rest_route=\/wp\/v2\/product"}],"about":[{"href":"https:\/\/ani-mex.com\/index.php?rest_route=\/wp\/v2\/types\/product"}],"wp:featuredmedia":[{"embeddable":true,"href":"https:\/\/ani-mex.com\/index.php?rest_route=\/wp\/v2\/media\/892"}],"wp:attachment":[{"href":"https:\/\/ani-mex.com\/index.php?rest_route=%2Fwp%2Fv2%2Fmedia&parent=891"}],"wp:term":[{"taxonomy":"product_brand","embeddable":true,"href":"https:\/\/ani-mex.com\/index.php?rest_route=%2Fwp%2Fv2%2Fproduct_brand&post=891"},{"taxonomy":"product_cat","embeddable":true,"href":"https:\/\/ani-mex.com\/index.php?rest_route=%2Fwp%2Fv2%2Fproduct_cat&post=891"},{"taxonomy":"product_tag","embeddable":true,"href":"https:\/\/ani-mex.com\/index.php?rest_route=%2Fwp%2Fv2%2Fproduct_tag&post=891"}],"curies":[{"name":"wp","href":"https:\/\/api.w.org\/{rel}","templated":true}]}}