{"id":896,"date":"2025-01-16T12:00:01","date_gmt":"2025-01-16T12:00:01","guid":{"rendered":"https:\/\/ani-mex.com\/?post_type=product&#038;p=896"},"modified":"2025-01-16T12:00:02","modified_gmt":"2025-01-16T12:00:02","slug":"spodnie-do-pasa-urban-czarno-szary","status":"publish","type":"product","link":"https:\/\/ani-mex.com\/?product=spodnie-do-pasa-urban-czarno-szary","title":{"rendered":"Spodnie do pasa URBAN &#8211; czarno-szary"},"content":{"rendered":"<p>Spodnie do pasa URBAN, wielofunkcyjna kiesze\u0144 miechowa na boku, kiesze\u0144 na kom\u00f3rk\u0119 o rozmiarze do 5,6\u201c, miejsce na nakolanniki z zabezpieczeniem na rzepy, wielofunkcyjna kiesze\u0144 na narz\u0119dzia, elementy odblaskowe, anatomiczny kszta\u0142t kolan zapewniaj\u0105cy kom&#8230;<\/p>\n","protected":false},"excerpt":{"rendered":"<p>Spodnie do pasa URBAN, wielofunkcyjna kiesze\u0144 miechowa na boku, kiesze\u0144 na kom\u00f3rk\u0119 o rozmiarze do 5,6\u201c, miejsce na nakolanniki z zabezpieczeniem na rzepy, wielofunkcyjna kiesze\u0144 na narz\u0119dzia, elementy odblaskowe, anatomiczny kszta\u0142t kolan zapewniaj\u0105cy kom&#8230;<\/p>\n","protected":false},"featured_media":897,"template":"","meta":{"_et_pb_use_builder":"","_et_pb_old_content":"","_et_gb_content_width":""},"product_brand":[],"product_cat":[37,89],"product_tag":[],"class_list":{"0":"post-896","1":"product","2":"type-product","3":"status-publish","4":"has-post-thumbnail","6":"product_cat-ochrona-ciala","7":"product_cat-spodnie-do-pasa","9":"first","10":"instock","11":"shipping-taxable","12":"purchasable","13":"product-type-simple"},"_links":{"self":[{"href":"https:\/\/ani-mex.com\/index.php?rest_route=\/wp\/v2\/product\/896","targetHints":{"allow":["GET"]}}],"collection":[{"href":"https:\/\/ani-mex.com\/index.php?rest_route=\/wp\/v2\/product"}],"about":[{"href":"https:\/\/ani-mex.com\/index.php?rest_route=\/wp\/v2\/types\/product"}],"wp:featuredmedia":[{"embeddable":true,"href":"https:\/\/ani-mex.com\/index.php?rest_route=\/wp\/v2\/media\/897"}],"wp:attachment":[{"href":"https:\/\/ani-mex.com\/index.php?rest_route=%2Fwp%2Fv2%2Fmedia&parent=896"}],"wp:term":[{"taxonomy":"product_brand","embeddable":true,"href":"https:\/\/ani-mex.com\/index.php?rest_route=%2Fwp%2Fv2%2Fproduct_brand&post=896"},{"taxonomy":"product_cat","embeddable":true,"href":"https:\/\/ani-mex.com\/index.php?rest_route=%2Fwp%2Fv2%2Fproduct_cat&post=896"},{"taxonomy":"product_tag","embeddable":true,"href":"https:\/\/ani-mex.com\/index.php?rest_route=%2Fwp%2Fv2%2Fproduct_tag&post=896"}],"curies":[{"name":"wp","href":"https:\/\/api.w.org\/{rel}","templated":true}]}}