{"id":914,"date":"2025-01-16T12:11:41","date_gmt":"2025-01-16T12:11:41","guid":{"rendered":"https:\/\/ani-mex.com\/?post_type=product&#038;p=914"},"modified":"2025-01-16T12:11:41","modified_gmt":"2025-01-16T12:11:41","slug":"classic-stretch-slim-spodnie-do-pasa-kat-i","status":"publish","type":"product","link":"https:\/\/ani-mex.com\/?product=classic-stretch-slim-spodnie-do-pasa-kat-i","title":{"rendered":"CLASSIC Stretch Slim Spodnie do pasa kat. I"},"content":{"rendered":"<p>Spodnie ochronne CLASSIC STRETCH SLIM do pasa, o wyj\u0105tkowo<br \/>\natrakcyjnym wzornictwie i doskona\u0142ej funkcjonalno\u015bci. Wygodny i<br \/>\n<strong>nowoczesny fason Slim doskonale dopasowuje si\u0119 do sylwetki<\/strong>, w \u017caden<br \/>\nspos\u00f3b nie kr\u0119puj\u0105c ruch\u00f3w, dzi\u0119ki zastosowaniu materia\u0142u z dodatkiem<br \/>\nelastanu. Wykonane z bardzo wytrzyma\u0142ej i elastycznej tkaniny typu canvas o<br \/>\nsk\u0142adzie: 60% bawe\u0142na i 38% poliester, 2% spandex o gramaturze 260 +\/-10<br \/>\ng\/m 2 oraz mocnym zwartym splocie.<\/p>\n","protected":false},"excerpt":{"rendered":"<p>&#8211; profesjonalne szycie i estetyka wykonania,<\/p>\n<p>&#8211;\u00a0dzi\u0119ki odpowiednio dobranym szwom i ukierunkowaniu w\u0142\u00f3kien w dw\u00f3ch tkaninach o zmiennej charakterystyce kierunk\u00f3w rozci\u0105gania elastanu spodnie s\u0105 rozci\u0105gliwe w czterech kierunkach,<br \/>\n&#8211; czarny klin, potr\u00f3jne szwy oraz liczne solidne rygl\u00f3wki wzmacniaj\u0105ce<br \/>\nmiejsca szczeg\u00f3lnie nara\u017cone na rozerwanie,<br \/>\n&#8211; elementy odblaskowe z przodu spodni,<br \/>\n&#8211; 10 funkcjonalnych kieszeni wzmocnionych tkanin\u0105 poliestrow\u0105 Oxford600D,<br \/>\nszlufka na m\u0142otek,\u00a0dodatkowa kiesze\u0144\u00a0na metr\u00f3wk\u0119.\u00a0Kieszenie posiadaj\u0105ce klapk\u0119 zapinane s\u0105 na rzep,<br \/>\n&#8211; 2 kieszenie kolanowe z otworem od do\u0142u zapinane na rzep na nakolanniki.<br \/>\nKieszenie wzmocnione s\u0105 tkanin\u0105 poliester Oxford 600D, kt\u00f3ra<br \/>\ncharakteryzuje si\u0119 du\u017c\u0105 wytrzyma\u0142o\u015bci\u0105, odporno\u015bci\u0105 na \u015bcieranie i<br \/>\nrozci\u0105ganie oraz wodoodporno\u015bci\u0105,<br \/>\n&#8211; zapinane z przodu na guzik i suwak,<br \/>\n&#8211; wygodny i praktyczny system regulacji obwodu pasa za pomoc\u0105 gumki w pasie,<br \/>\n&#8211; bardzo niska kurczliwo\u015b\u0107, nawet po wielokrotnym praniu,<br \/>\n&#8211; stabilno\u015b\u0107 koloru.<\/p>\n<p>Kolor: szaro-czarny z zielonymi wstawkami i odblaskowymi elementami<br \/>\nCE kat. I EN ISO 13688:2013 -opakowanie zbiorcze 1\/20, Waga: 15 kg<\/p>\n","protected":false},"featured_media":915,"template":"","meta":{"_et_pb_use_builder":"","_et_pb_old_content":"","_et_gb_content_width":""},"product_brand":[],"product_cat":[37,89],"product_tag":[],"class_list":{"0":"post-914","1":"product","2":"type-product","3":"status-publish","4":"has-post-thumbnail","6":"product_cat-ochrona-ciala","7":"product_cat-spodnie-do-pasa","9":"first","10":"instock","11":"shipping-taxable","12":"purchasable","13":"product-type-simple"},"_links":{"self":[{"href":"https:\/\/ani-mex.com\/index.php?rest_route=\/wp\/v2\/product\/914","targetHints":{"allow":["GET"]}}],"collection":[{"href":"https:\/\/ani-mex.com\/index.php?rest_route=\/wp\/v2\/product"}],"about":[{"href":"https:\/\/ani-mex.com\/index.php?rest_route=\/wp\/v2\/types\/product"}],"wp:featuredmedia":[{"embeddable":true,"href":"https:\/\/ani-mex.com\/index.php?rest_route=\/wp\/v2\/media\/915"}],"wp:attachment":[{"href":"https:\/\/ani-mex.com\/index.php?rest_route=%2Fwp%2Fv2%2Fmedia&parent=914"}],"wp:term":[{"taxonomy":"product_brand","embeddable":true,"href":"https:\/\/ani-mex.com\/index.php?rest_route=%2Fwp%2Fv2%2Fproduct_brand&post=914"},{"taxonomy":"product_cat","embeddable":true,"href":"https:\/\/ani-mex.com\/index.php?rest_route=%2Fwp%2Fv2%2Fproduct_cat&post=914"},{"taxonomy":"product_tag","embeddable":true,"href":"https:\/\/ani-mex.com\/index.php?rest_route=%2Fwp%2Fv2%2Fproduct_tag&post=914"}],"curies":[{"name":"wp","href":"https:\/\/api.w.org\/{rel}","templated":true}]}}