{"id":966,"date":"2025-01-29T08:55:40","date_gmt":"2025-01-29T08:55:40","guid":{"rendered":"https:\/\/ani-mex.com\/?post_type=product&#038;p=966"},"modified":"2025-01-29T08:55:40","modified_gmt":"2025-01-29T08:55:40","slug":"rekawice-rtopper-kat-2","status":"publish","type":"product","link":"https:\/\/ani-mex.com\/?product=rekawice-rtopper-kat-2","title":{"rendered":"R\u0119kawice Rtopper kat. 2"},"content":{"rendered":"<div id=\"nav-text\" class=\"tab-pane fade show active\" role=\"tabpanel\" aria-labelledby=\"nav-text-tab\">\n<p>R\u0119kawice wykonane z wysokiej jako\u015bci bardzo delikatnej\u00a0 mi\u0119kkiej sk\u00f3ry licowej koziej w naturalnym kolorze. Zapewniaj\u0105ce doskona\u0142\u0105 zr\u0119czno\u015b\u0107.<\/p>\n<p><strong>Charakterystyka:<\/strong><\/p>\n<ul>\n<li>cz\u0119\u015b\u0107 chwytna z jednego kawa\u0142ka sk\u00f3ry,<\/li>\n<li>cz\u0119\u015b\u0107 wierzchnia\u00a0z elastycznej\u00a0dzianiny bawe\u0142nianej w kolorze granatowym,<\/li>\n<li>palec wskazuj\u0105cy bezszwowy od strony zewn\u0119trznej.<\/li>\n<\/ul>\n<p>Rozmiar: 7, 8, 9, 10, 11<\/p>\n<p>Art.MaSter<em>\u00ae\u00a0<\/em>&#8211; znak firmowy<\/p>\n<p><strong>Certyfikat CE kat. 2 EN 388:2016 ( 2.1.1.1 )\u00a0EN 420:2003+A1:2009 &#8211; opakowanie zbiorcze: 120\u00a0<\/strong>\/ <strong>12 par<\/strong><\/p>\n<\/div>\n","protected":false},"excerpt":{"rendered":"<p>R\u0119kawice wykonane z wysokiej jako\u015bci bardzo delikatnej\u00a0 mi\u0119kkiej sk\u00f3ry licowej koziej w naturalnym kolorze. Zapewniaj\u0105ce doskona\u0142\u0105 zr\u0119czno\u015b\u0107. Charakterystyka: cz\u0119\u015b\u0107 chwytna z jednego kawa\u0142ka sk\u00f3ry, cz\u0119\u015b\u0107 wierzchnia\u00a0z elastycznej\u00a0dzianiny bawe\u0142nianej w kolorze granatowym, palec wskazuj\u0105cy bezszwowy od strony zewn\u0119trznej. Rozmiar: 7, 8, 9, 10, 11 Art.MaSter\u00ae\u00a0&#8211; znak firmowy Certyfikat CE kat. 2 EN 388:2016 ( 2.1.1.1 )\u00a0EN [&hellip;]<\/p>\n","protected":false},"featured_media":967,"template":"","meta":{"_et_pb_use_builder":"","_et_pb_old_content":"","_et_gb_content_width":""},"product_brand":[],"product_cat":[43,75],"product_tag":[],"class_list":{"0":"post-966","1":"product","2":"type-product","3":"status-publish","4":"has-post-thumbnail","6":"product_cat-ochrona-rak","7":"product_cat-rekawice-skorzane","9":"first","10":"instock","11":"shipping-taxable","12":"purchasable","13":"product-type-simple"},"_links":{"self":[{"href":"https:\/\/ani-mex.com\/index.php?rest_route=\/wp\/v2\/product\/966","targetHints":{"allow":["GET"]}}],"collection":[{"href":"https:\/\/ani-mex.com\/index.php?rest_route=\/wp\/v2\/product"}],"about":[{"href":"https:\/\/ani-mex.com\/index.php?rest_route=\/wp\/v2\/types\/product"}],"wp:featuredmedia":[{"embeddable":true,"href":"https:\/\/ani-mex.com\/index.php?rest_route=\/wp\/v2\/media\/967"}],"wp:attachment":[{"href":"https:\/\/ani-mex.com\/index.php?rest_route=%2Fwp%2Fv2%2Fmedia&parent=966"}],"wp:term":[{"taxonomy":"product_brand","embeddable":true,"href":"https:\/\/ani-mex.com\/index.php?rest_route=%2Fwp%2Fv2%2Fproduct_brand&post=966"},{"taxonomy":"product_cat","embeddable":true,"href":"https:\/\/ani-mex.com\/index.php?rest_route=%2Fwp%2Fv2%2Fproduct_cat&post=966"},{"taxonomy":"product_tag","embeddable":true,"href":"https:\/\/ani-mex.com\/index.php?rest_route=%2Fwp%2Fv2%2Fproduct_tag&post=966"}],"curies":[{"name":"wp","href":"https:\/\/api.w.org\/{rel}","templated":true}]}}