{"id":968,"date":"2025-01-29T09:04:36","date_gmt":"2025-01-29T09:04:36","guid":{"rendered":"https:\/\/ani-mex.com\/?post_type=product&#038;p=968"},"modified":"2025-01-29T09:04:36","modified_gmt":"2025-01-29T09:04:36","slug":"stor-rekawice-skorzane-mechaniczne-skora-kozia-czarno-niebieskie-9-10","status":"publish","type":"product","link":"https:\/\/ani-mex.com\/?product=stor-rekawice-skorzane-mechaniczne-skora-kozia-czarno-niebieskie-9-10","title":{"rendered":"STOR r\u0119kawice sk\u00f3rzane mechaniczne (sk\u00f3ra kozia) czarno\/niebieskie 9-10"},"content":{"rendered":"<p>R\u0119kawice chroni\u0105ce d\u0142onie przed zagro\u017ceniami wyst\u0119puj\u0105cymi w \u015brodowisku pracy. Wykonane ze sk\u00f3ry koziej z niezwyk\u0142\u0105 staranno\u015bci\u0105. Zapewniaj\u0105 wysoki komfort prac mechanicznych np. monta\u017cu i serwisu urz\u0105dze\u0144, konfekcjonowaniu. Idealne dla wymagaj\u0105cych u\u017cytkownik\u00f3w dla kt\u00f3rych wa\u017cna jest jako\u015b\u0107.<\/p>\n<div class=\"wpb_text_column wpb_content_element \">\n<div class=\"wpb_wrapper\">\n<h3>Charakterystyka<\/h3>\n<\/div>\n<\/div>\n<div class=\"nectar-fancy-ul animated-in\" data-list-icon=\"fa fa-check-circle\" data-animation=\"true\" data-animation-delay=\"0\" data-color=\"extra-color-1\" data-spacing=\"default\" data-alignment=\"left\">\n<ul>\n<li><i class=\"icon-default-style fa fa-check-circle extra-color-1\"><\/i> wysoka odporno\u015b\u0107 na \u015bcieranie;<\/li>\n<li><i class=\"icon-default-style fa fa-check-circle extra-color-1\"><\/i> wysokiej jako\u015bci sk\u00f3ra kozia;<\/li>\n<li><i class=\"icon-default-style fa fa-check-circle extra-color-1\"><\/i> \u015bci\u0105gacz w\u00a0nadgarstku, zapi\u0119cie na rzep;<\/li>\n<li><i class=\"icon-default-style fa fa-check-circle extra-color-1\"><\/i> dodatkowe przeszycia i\u00a0wzmocnienia;<\/li>\n<li><i class=\"icon-default-style fa fa-check-circle extra-color-1\"><\/i> dobra chwytno\u015b\u0107 przy zachowaniu czucia w\u00a0palcach;<\/li>\n<li><i class=\"icon-default-style fa fa-check-circle extra-color-1\"><\/i> zapobiegaj\u0105 wy\u015blizgiwaniu si\u0119 narz\u0119dzi z\u00a0r\u0105k;<\/li>\n<li><i class=\"icon-default-style fa fa-check-circle extra-color-1\"><\/i> dopasowane do d\u0142oni, elastyczne;<\/li>\n<li><i class=\"icon-default-style fa fa-check-circle extra-color-1\"><\/i> normy: EN ISO 21420, EN 388-3132X<\/li>\n<\/ul>\n<\/div>\n","protected":false},"excerpt":{"rendered":"<p>R\u0119kawice chroni\u0105ce d\u0142onie przed zagro\u017ceniami wyst\u0119puj\u0105cymi w \u015brodowisku pracy. Wykonane ze sk\u00f3ry koziej z niezwyk\u0142\u0105 staranno\u015bci\u0105. Zapewniaj\u0105 wysoki komfort prac mechanicznych np. monta\u017cu i serwisu urz\u0105dze\u0144, konfekcjonowaniu. Idealne dla wymagaj\u0105cych u\u017cytkownik\u00f3w dla kt\u00f3rych wa\u017cna jest jako\u015b\u0107. Charakterystyka wysoka odporno\u015b\u0107 na \u015bcieranie; wysokiej jako\u015bci sk\u00f3ra kozia; \u015bci\u0105gacz w\u00a0nadgarstku, zapi\u0119cie na rzep; dodatkowe przeszycia i\u00a0wzmocnienia; dobra chwytno\u015b\u0107 [&hellip;]<\/p>\n","protected":false},"featured_media":969,"template":"","meta":{"_et_pb_use_builder":"","_et_pb_old_content":"","_et_gb_content_width":""},"product_brand":[],"product_cat":[43,75],"product_tag":[],"class_list":{"0":"post-968","1":"product","2":"type-product","3":"status-publish","4":"has-post-thumbnail","6":"product_cat-ochrona-rak","7":"product_cat-rekawice-skorzane","9":"first","10":"instock","11":"shipping-taxable","12":"purchasable","13":"product-type-simple"},"_links":{"self":[{"href":"https:\/\/ani-mex.com\/index.php?rest_route=\/wp\/v2\/product\/968","targetHints":{"allow":["GET"]}}],"collection":[{"href":"https:\/\/ani-mex.com\/index.php?rest_route=\/wp\/v2\/product"}],"about":[{"href":"https:\/\/ani-mex.com\/index.php?rest_route=\/wp\/v2\/types\/product"}],"wp:featuredmedia":[{"embeddable":true,"href":"https:\/\/ani-mex.com\/index.php?rest_route=\/wp\/v2\/media\/969"}],"wp:attachment":[{"href":"https:\/\/ani-mex.com\/index.php?rest_route=%2Fwp%2Fv2%2Fmedia&parent=968"}],"wp:term":[{"taxonomy":"product_brand","embeddable":true,"href":"https:\/\/ani-mex.com\/index.php?rest_route=%2Fwp%2Fv2%2Fproduct_brand&post=968"},{"taxonomy":"product_cat","embeddable":true,"href":"https:\/\/ani-mex.com\/index.php?rest_route=%2Fwp%2Fv2%2Fproduct_cat&post=968"},{"taxonomy":"product_tag","embeddable":true,"href":"https:\/\/ani-mex.com\/index.php?rest_route=%2Fwp%2Fv2%2Fproduct_tag&post=968"}],"curies":[{"name":"wp","href":"https:\/\/api.w.org\/{rel}","templated":true}]}}