{"id":979,"date":"2025-01-29T09:33:39","date_gmt":"2025-01-29T09:33:39","guid":{"rendered":"https:\/\/ani-mex.com\/?post_type=product&#038;p=979"},"modified":"2025-01-29T09:33:39","modified_gmt":"2025-01-29T09:33:39","slug":"rekawice-rtop-r-winter-kat-1","status":"publish","type":"product","link":"https:\/\/ani-mex.com\/?product=rekawice-rtop-r-winter-kat-1","title":{"rendered":"R\u0119kawice Rtop-r WINTER kat.1"},"content":{"rendered":"<p>R\u0119kawice ochronne, zimowe, ocieplane, wykonane z mi\u0119kkiej sk\u00f3ry licowej &#8211; koziej.<\/p>\n<p>Rozmiar: 10, 11<\/p>\n<p>&nbsp;<\/p>\n<p>opakowanie jednostkowe: 12<br \/>\nkarton: 120<\/p>\n","protected":false},"excerpt":{"rendered":"<div id=\"nav-text\" class=\"tab-pane fade show active\" role=\"tabpanel\" aria-labelledby=\"nav-text-tab\">\n<p>R\u0119kawice ochronne, zimowe,ocieplane, pi\u0119ciopalcowe, wykonane ze\u00a0sk\u00f3ry licowej koziej w naturalnym kolorze i\u00a0z dzianiny bawe\u0142nianej w kolorze granatowym.<\/p>\n<p>Zapewniaj\u0105 dobr\u0105 chwytno\u015b\u0107.<\/p>\n<p><strong>Charakterystyka:<\/strong><\/p>\n<ul>\n<li>ocieplane na ca\u0142ej d\u0142oni dzianin\u0105 polarow\u0105,<\/li>\n<li>cz\u0119\u015b\u0107 chwytna z jednego kawa\u0142ka sk\u00f3ry,<\/li>\n<li>cz\u0119\u015b\u0107 wierzchnia\u00a0z elastycznej granatowej dzianiny,<\/li>\n<li>palec wskazuj\u0105cy bezszwowy od strony zewn\u0119trznej,<\/li>\n<li>na cz\u0119\u015bci wierzchniej\u00a0nadgarstka r\u0119kawica \u015bci\u0105gni\u0119ta jest gumk\u0105<\/li>\n<\/ul>\n<p>Rozmiar:\u00a010, 11<\/p>\n<p>Art.MaSter<em>\u00ae<\/em>&#8211; znak firmowy.<\/p>\n<p><strong><em>CE kat. 1 \u00a0<\/em><\/strong><\/p>\n<p><strong><em>PN-EN ISO 21420:2020-09<\/em><\/strong><\/p>\n<p><strong><em>EN ISO 21420:2020<\/em><\/strong><\/p>\n<p><strong>&#8211; opakowanie zbiorcze: 120 \/ 12\u00a0par<\/strong><\/p>\n<\/div>\n","protected":false},"featured_media":980,"template":"","meta":{"_et_pb_use_builder":"","_et_pb_old_content":"","_et_gb_content_width":""},"product_brand":[],"product_cat":[43,73],"product_tag":[],"class_list":{"0":"post-979","1":"product","2":"type-product","3":"status-publish","4":"has-post-thumbnail","6":"product_cat-ochrona-rak","7":"product_cat-rekawice-ocieplane","9":"first","10":"instock","11":"shipping-taxable","12":"purchasable","13":"product-type-simple"},"_links":{"self":[{"href":"https:\/\/ani-mex.com\/index.php?rest_route=\/wp\/v2\/product\/979","targetHints":{"allow":["GET"]}}],"collection":[{"href":"https:\/\/ani-mex.com\/index.php?rest_route=\/wp\/v2\/product"}],"about":[{"href":"https:\/\/ani-mex.com\/index.php?rest_route=\/wp\/v2\/types\/product"}],"wp:featuredmedia":[{"embeddable":true,"href":"https:\/\/ani-mex.com\/index.php?rest_route=\/wp\/v2\/media\/980"}],"wp:attachment":[{"href":"https:\/\/ani-mex.com\/index.php?rest_route=%2Fwp%2Fv2%2Fmedia&parent=979"}],"wp:term":[{"taxonomy":"product_brand","embeddable":true,"href":"https:\/\/ani-mex.com\/index.php?rest_route=%2Fwp%2Fv2%2Fproduct_brand&post=979"},{"taxonomy":"product_cat","embeddable":true,"href":"https:\/\/ani-mex.com\/index.php?rest_route=%2Fwp%2Fv2%2Fproduct_cat&post=979"},{"taxonomy":"product_tag","embeddable":true,"href":"https:\/\/ani-mex.com\/index.php?rest_route=%2Fwp%2Fv2%2Fproduct_tag&post=979"}],"curies":[{"name":"wp","href":"https:\/\/api.w.org\/{rel}","templated":true}]}}