{"id":981,"date":"2025-01-29T09:40:46","date_gmt":"2025-01-29T09:40:46","guid":{"rendered":"https:\/\/ani-mex.com\/?post_type=product&#038;p=981"},"modified":"2025-01-29T09:40:46","modified_gmt":"2025-01-29T09:40:46","slug":"rekawice-rdrag-orange-kat-2","status":"publish","type":"product","link":"https:\/\/ani-mex.com\/?product=rekawice-rdrag-orange-kat-2","title":{"rendered":"R\u0119kawice RDRAG ORANGE kat.2"},"content":{"rendered":"<p><strong>R\u0119kawice ochronne, dziane, ocieplane, powlekane\u00a0lateksem w kolorze czarnym, pow\u0142oka szorstkowana, bezszwowe, zako\u0144czone \u015bci\u0105gaczem.<\/strong><\/p>\n<p><strong>Dzianina w kolorze pomara\u0144czowym\u00a0fluorescencyjnym.<\/strong><\/p>\n<p><strong>Rozmiar: 9, 10, 11<\/strong><\/p>\n<p>opakowanie jednostkowe: 12<br \/>\nkarton: 120<\/p>\n","protected":false},"excerpt":{"rendered":"<div id=\"nav-text\" class=\"tab-pane fade show active\" role=\"tabpanel\" aria-labelledby=\"nav-text-tab\">\n<p>R\u0119kawice ochronne, ocieplane, dziane, bezszwowe, \u00a0w kolorze pomara\u0144czowym fluorescencyjnym, wykonane z\u00a0dzianiny frote (frote od strony wewn\u0119trznej). Powleczone\u00a0szorstkowanym lateksem w kolorze czarnym, zako\u0144czone \u015bci\u0105gaczem. Doskona\u0142e do u\u017cytku w warunkach zimowych.<br \/>\n&#8211; Parametry ochrony zgodnie z norm\u0105 EN 388:<\/p>\n<ul>\n<li>odporno\u015b\u0107 na \u015bcieranie \u2013 2,<\/li>\n<li>odporno\u015b\u0107 na przeci\u0119cie \u2013 2,<\/li>\n<li>odporno\u015b\u0107 na rozdzieranie \u2013 2,<\/li>\n<li>odporno\u015b\u0107 na przek\u0142ucie \u2013 2<\/li>\n<\/ul>\n<p><strong>Rozmiar: 9, 10, 11<\/strong><\/p>\n<p>Art.MaSter<em>\u00ae\u00a0<\/em>&#8211; znak firmowy.<\/p>\n<p><strong>Certyfikat CE kat. 2 EN 388:2016 ( 2.2.2.2\u00a0), EN 420:2003+A1:2009\u00a0<\/strong><\/p>\n<p><strong>opakowanie zbiorcze 120\u00a0\/ 12 par<\/strong><\/p>\n<\/div>\n","protected":false},"featured_media":982,"template":"","meta":{"_et_pb_use_builder":"","_et_pb_old_content":"","_et_gb_content_width":""},"product_brand":[],"product_cat":[43,73],"product_tag":[],"class_list":{"0":"post-981","1":"product","2":"type-product","3":"status-publish","4":"has-post-thumbnail","6":"product_cat-ochrona-rak","7":"product_cat-rekawice-ocieplane","9":"first","10":"instock","11":"shipping-taxable","12":"purchasable","13":"product-type-simple"},"_links":{"self":[{"href":"https:\/\/ani-mex.com\/index.php?rest_route=\/wp\/v2\/product\/981","targetHints":{"allow":["GET"]}}],"collection":[{"href":"https:\/\/ani-mex.com\/index.php?rest_route=\/wp\/v2\/product"}],"about":[{"href":"https:\/\/ani-mex.com\/index.php?rest_route=\/wp\/v2\/types\/product"}],"wp:featuredmedia":[{"embeddable":true,"href":"https:\/\/ani-mex.com\/index.php?rest_route=\/wp\/v2\/media\/982"}],"wp:attachment":[{"href":"https:\/\/ani-mex.com\/index.php?rest_route=%2Fwp%2Fv2%2Fmedia&parent=981"}],"wp:term":[{"taxonomy":"product_brand","embeddable":true,"href":"https:\/\/ani-mex.com\/index.php?rest_route=%2Fwp%2Fv2%2Fproduct_brand&post=981"},{"taxonomy":"product_cat","embeddable":true,"href":"https:\/\/ani-mex.com\/index.php?rest_route=%2Fwp%2Fv2%2Fproduct_cat&post=981"},{"taxonomy":"product_tag","embeddable":true,"href":"https:\/\/ani-mex.com\/index.php?rest_route=%2Fwp%2Fv2%2Fproduct_tag&post=981"}],"curies":[{"name":"wp","href":"https:\/\/api.w.org\/{rel}","templated":true}]}}