{"id":984,"date":"2025-01-29T09:48:54","date_gmt":"2025-01-29T09:48:54","guid":{"rendered":"https:\/\/ani-mex.com\/?post_type=product&#038;p=984"},"modified":"2025-01-29T09:48:54","modified_gmt":"2025-01-29T09:48:54","slug":"rekawice-lico-denali-10-ocieplana","status":"publish","type":"product","link":"https:\/\/ani-mex.com\/?product=rekawice-lico-denali-10-ocieplana","title":{"rendered":"R\u0118KAWICE LICO DENALI 10 ocieplana"},"content":{"rendered":"<p><span style=\"font-size: x-large;\"><strong>R\u0119kawice ochronne ocieplane DENALI<\/strong><\/span><\/p>\n<p>R\u0119kawice ochronne ocieplane\u00a0DENALI na tle innych r\u0119kawic wyr\u00f3\u017cniaj\u0105 si\u0119 tym, \u017ce zosta\u0142y wykonane z mi\u0119kkiej koziej sk\u00f3ry. Ten naturalny materia\u0142 wysokiej klasy sprawia, \u017ce r\u0119kawice s\u0105 wyj\u0105tkowo wytrzyma\u0142e i odporne na urazy a\u00a0jednoczesnie pozwalaj\u0105 na p\u0142ynno\u015b\u0107 ruch\u00f3w palc\u00f3w. Dodatkowo r\u0119kawice zosta\u0142y wyposa\u017cone w specjaln\u0105 ocieplin\u0119, dzi\u0119ki czemu nadaj\u0105 si\u0119 do pracy w niskich temperaturach, gdzie wymagana jest zwi\u0119kszona manualno\u015b\u0107 i precyzja.<\/p>\n<p><strong><span style=\"font-size: medium;\">Z koziej sk\u00f3ry<\/span><\/strong><\/p>\n<p>R\u0119kawice ochronne\u00a0DENALI zosta\u0142y wykonane z wysokiej jako\u015bci sk\u00f3ry licowej koziej, natomiast ich wierzch \u2013 z dzianiny bawe\u0142nianej. Z tej racji produkt ten jest wyj\u0105tkowo wytrzyma\u0142y, a zarazem przyjazny i bezpieczny dla r\u0105k. Aby wzmocni\u0107 konstrukcj\u0119 r\u0119kawic, kciuk i palec wskazuj\u0105cy zosta\u0142y wykonane w ca\u0142o\u015bci ze sk\u00f3ry. Ponadto\u00a0DENALI posiada \u015bci\u0105gacz w nadgarstku zapinany na rzep, kt\u00f3ry uniemo\u017cliwia zsuni\u0119cie si\u0119 r\u0119kawicy z d\u0142oni.<\/p>\n<p><strong><span style=\"font-size: medium;\">Zastosowanie<\/span><\/strong><\/p>\n<p>R\u0119kawice ochronne\u00a0DENALI przeznaczone s\u0105 do ochrony r\u0105k przy wszelkiego rodzaju pracach w \u015brodowisku suchym, a w szczeg\u00f3lno\u015bci monta\u017cowych, budowlanych i innych wymagaj\u0105cych zwi\u0119kszonej manualno\u015bci oraz precyzji d\u0142oni.\u00a0Za spraw\u0105 specjalnej ociepliny r\u0119kawice \u015bwietnie sprawdz\u0105 si\u0119 przy pracach w niskich temperaturach.<\/p>\n<p><strong><span style=\"font-size: medium;\">Cechy produktu:<\/span><\/strong><\/p>\n<p>\u2022\u00a0sk\u00f3ra licowa kozia, grubo\u015b\u0107 0,9 &#8211; 1,0 mm<br \/>\n\u2022\u00a0podszewka ocieplana<br \/>\n\u2022\u00a0wierzch z dzianiny bawe\u0142nianej<br \/>\n\u2022\u00a0\u015bci\u0105gacz w nadgarstku zapinany na rzep<br \/>\n\u2022\u00a0kciuk oraz palec wskazuj\u0105cy wykonane w ca\u0142o\u015bci ze sk\u00f3ry<br \/>\n\u2022\u00a0znak CE kategoria II, zgodno\u015b\u0107 z normami EN 420 oraz EN388<br \/>\n\u2022\u00a0ochrona mechaniczna: odporno\u015b\u0107 na \u015bcieranie (poziom 2), odporno\u015b\u0107 na przeci\u0119cie (poziom 1), wytrzyma\u0142o\u015b\u0107 na rozdzieranie (poziom 2), odporno\u015b\u0107 na przek\u0142ucie (poziom 1), odporno\u015b\u0107 na przeci\u0119cie TDM (nie dotyczy)<\/p>\n","protected":false},"excerpt":{"rendered":"<p><span style=\"font-size: x-large;\"><strong>R\u0119kawice ochronne ocieplane DENALI<\/strong><\/span><\/p>\n<p>R\u0119kawice ochronne ocieplane\u00a0DENALI na tle innych r\u0119kawic wyr\u00f3\u017cniaj\u0105 si\u0119 tym, \u017ce zosta\u0142y wykonane z mi\u0119kkiej koziej sk\u00f3ry. Ten naturalny materia\u0142 wysokiej klasy sprawia, \u017ce r\u0119kawice s\u0105 wyj\u0105tkowo wytrzyma\u0142e i odporne na urazy a\u00a0jednoczesnie pozwalaj\u0105 na p\u0142ynno\u015b\u0107 ruch\u00f3w palc\u00f3w. Dodatkowo r\u0119kawice zosta\u0142y wyposa\u017cone w specjaln\u0105 ocieplin\u0119, dzi\u0119ki czemu nadaj\u0105 si\u0119 do pracy w niskich temperaturach, gdzie wymagana jest zwi\u0119kszona manualno\u015b\u0107 i precyzja.<\/p>\n<p><strong><span style=\"font-size: medium;\">Z koziej sk\u00f3ry<\/span><\/strong><\/p>\n<p>R\u0119kawice ochronne\u00a0DENALI zosta\u0142y wykonane z wysokiej jako\u015bci sk\u00f3ry licowej koziej, natomiast ich wierzch \u2013 z dzianiny bawe\u0142nianej. Z tej racji produkt ten jest wyj\u0105tkowo wytrzyma\u0142y, a zarazem przyjazny i bezpieczny dla r\u0105k. Aby wzmocni\u0107 konstrukcj\u0119 r\u0119kawic, kciuk i palec wskazuj\u0105cy zosta\u0142y wykonane w ca\u0142o\u015bci ze sk\u00f3ry. Ponadto\u00a0DENALI posiada \u015bci\u0105gacz w nadgarstku zapinany na rzep, kt\u00f3ry uniemo\u017cliwia zsuni\u0119cie si\u0119 r\u0119kawicy z d\u0142oni.<\/p>\n<p><strong><span style=\"font-size: medium;\">Zastosowanie<\/span><\/strong><\/p>\n<p>R\u0119kawice ochronne\u00a0DENALI przeznaczone s\u0105 do ochrony r\u0105k przy wszelkiego rodzaju pracach w \u015brodowisku suchym, a w szczeg\u00f3lno\u015bci monta\u017cowych, budowlanych i innych wymagaj\u0105cych zwi\u0119kszonej manualno\u015bci oraz precyzji d\u0142oni.\u00a0Za spraw\u0105 specjalnej ociepliny r\u0119kawice \u015bwietnie sprawdz\u0105 si\u0119 przy pracach w niskich temperaturach.<\/p>\n<p><strong><span style=\"font-size: medium;\">Cechy produktu:<\/span><\/strong><\/p>\n<p>\u2022\u00a0sk\u00f3ra licowa kozia, grubo\u015b\u0107 0,9 &#8211; 1,0 mm<br \/>\n\u2022\u00a0podszewka ocieplana<br \/>\n\u2022\u00a0wierzch z dzianiny bawe\u0142nianej<br \/>\n\u2022\u00a0\u015bci\u0105gacz w nadgarstku zapinany na rzep<br \/>\n\u2022\u00a0kciuk oraz palec wskazuj\u0105cy wykonane w ca\u0142o\u015bci ze sk\u00f3ry<br \/>\n\u2022\u00a0znak CE kategoria II, zgodno\u015b\u0107 z normami EN 420 oraz EN388<br \/>\n\u2022\u00a0ochrona mechaniczna: odporno\u015b\u0107 na \u015bcieranie (poziom 2), odporno\u015b\u0107 na przeci\u0119cie (poziom 1), wytrzyma\u0142o\u015b\u0107 na rozdzieranie (poziom 2), odporno\u015b\u0107 na przek\u0142ucie (poziom 1), odporno\u015b\u0107 na przeci\u0119cie TDM (nie dotyczy)<\/p>\n","protected":false},"featured_media":985,"template":"","meta":{"_et_pb_use_builder":"","_et_pb_old_content":"","_et_gb_content_width":""},"product_brand":[],"product_cat":[43,73],"product_tag":[],"class_list":{"0":"post-984","1":"product","2":"type-product","3":"status-publish","4":"has-post-thumbnail","6":"product_cat-ochrona-rak","7":"product_cat-rekawice-ocieplane","9":"first","10":"instock","11":"shipping-taxable","12":"purchasable","13":"product-type-simple"},"_links":{"self":[{"href":"https:\/\/ani-mex.com\/index.php?rest_route=\/wp\/v2\/product\/984","targetHints":{"allow":["GET"]}}],"collection":[{"href":"https:\/\/ani-mex.com\/index.php?rest_route=\/wp\/v2\/product"}],"about":[{"href":"https:\/\/ani-mex.com\/index.php?rest_route=\/wp\/v2\/types\/product"}],"wp:featuredmedia":[{"embeddable":true,"href":"https:\/\/ani-mex.com\/index.php?rest_route=\/wp\/v2\/media\/985"}],"wp:attachment":[{"href":"https:\/\/ani-mex.com\/index.php?rest_route=%2Fwp%2Fv2%2Fmedia&parent=984"}],"wp:term":[{"taxonomy":"product_brand","embeddable":true,"href":"https:\/\/ani-mex.com\/index.php?rest_route=%2Fwp%2Fv2%2Fproduct_brand&post=984"},{"taxonomy":"product_cat","embeddable":true,"href":"https:\/\/ani-mex.com\/index.php?rest_route=%2Fwp%2Fv2%2Fproduct_cat&post=984"},{"taxonomy":"product_tag","embeddable":true,"href":"https:\/\/ani-mex.com\/index.php?rest_route=%2Fwp%2Fv2%2Fproduct_tag&post=984"}],"curies":[{"name":"wp","href":"https:\/\/api.w.org\/{rel}","templated":true}]}}