{"id":986,"date":"2025-01-29T09:56:01","date_gmt":"2025-01-29T09:56:01","guid":{"rendered":"https:\/\/ani-mex.com\/?post_type=product&#038;p=986"},"modified":"2025-01-29T09:56:01","modified_gmt":"2025-01-29T09:56:01","slug":"stalco-rekawice-poliestrowe-winter-foam-10-perfect-s-76397","status":"publish","type":"product","link":"https:\/\/ani-mex.com\/?product=stalco-rekawice-poliestrowe-winter-foam-10-perfect-s-76397","title":{"rendered":"STALCO R\u0119kawice poliestrowe WINTER FOAM 10 PERFECT S-76397"},"content":{"rendered":"<h2>STALCO R\u0119kawice poliestrowe WINTER FOAM 10 PERFECT S-76397<\/h2>\n<p><b>Podw\u00f3jna lateksowa pow\u0142oka:<\/b><\/p>\n<ol>\n<li>g\u0142adka &#8211; wodoodporna,<\/li>\n<li>piankowa &#8211; zapewnia pewny chwyt,<\/li>\n<\/ol>\n<p><b>Zastosowana technologia touch screen pozwala na obs\u0142ug\u0119 smartfona bez konieczno\u015bci zdejmowania r\u0119kawic.<\/b><\/p>\n<p>R\u0119kawice ocieplane Winter Foam posiadaj\u0105 wszystkie cechy, kt\u00f3re s\u0105 potrzebne podczas pracy w mokrych, zimnych warunkach.<\/p>\n<p>Ciep\u0142o w czasie pracy zapewnia wy\u015bci\u00f3\u0142ka z akrylu wewn\u0105trz r\u0119kawic. Izoluje ona naturalne ciep\u0142o d\u0142oni, co gwarantuje komfort w zimnym \u015brodowisku. NORMA EN511<\/p>\n","protected":false},"excerpt":{"rendered":"<div class=\"P7h3LX0\">\n<div class=\"aldZoDf\">\n<h2>STALCO R\u0119kawice poliestrowe WINTER FOAM 10 PERFECT S-76397<\/h2>\n<p><b>Podw\u00f3jna lateksowa pow\u0142oka:<\/b><\/p>\n<ol>\n<li>g\u0142adka &#8211; wodoodporna,<\/li>\n<li>piankowa &#8211; zapewnia pewny chwyt,<\/li>\n<\/ol>\n<p><b>Zastosowana technologia touch screen pozwala na obs\u0142ug\u0119 smartfona bez konieczno\u015bci zdejmowania r\u0119kawic.<\/b><\/p>\n<p>R\u0119kawice ocieplane Winter Foam posiadaj\u0105 wszystkie cechy, kt\u00f3re s\u0105 potrzebne podczas pracy w mokrych, zimnych warunkach.<\/p>\n<p>Ciep\u0142o w czasie pracy zapewnia wy\u015bci\u00f3\u0142ka z akrylu wewn\u0105trz r\u0119kawic. Izoluje ona naturalne ciep\u0142o d\u0142oni, co gwarantuje komfort w zimnym \u015brodowisku. NORMA EN511<\/p>\n<\/div>\n<\/div>\n<div class=\"P7h3LX0\">\n<div class=\"aldZoDf\">\n<p><b>Oznakowanie X20<\/b><\/p>\n<ul>\n<li>Odporno\u015b\u0107 na zimno stykowe: poziom 2<\/li>\n<li>Odporno\u015b\u0107 na zimno stykowe &#8211; odporno\u015b\u0107 na straty ciep\u0142a podczas kontaktu z zimnym przedmiotem (wyra\u017cana za pomoc\u0105 oporu cieplnego, w m2K\/W). Poziom jako\u015bci od 0 do 4.<\/li>\n<\/ul>\n<\/div>\n<\/div>\n<div class=\"P7h3LX0\">\n<div class=\"aldZoDf\">\n<p>Wodoodporno\u015b\u0107 r\u0119kawic zapewnia powleczenie z g\u0142adkiego lateksu. Powleczenie obejmuje ca\u0142\u0105 r\u0119kawice i ko\u0144czy si\u0119 przy mankiecie. G\u0142adki, nieprzemakalny lateks doskonale sprawdza si\u0119 podczas pracy w mokrych warunkach.<\/p>\n<p>R\u0119kawice posiadaj\u0105 drug\u0105 warstw\u0119 powleczenia. Wykonana zosta\u0142a z <b>piankowego lateksu<\/b> w nieco ciemniejszym kolorze. Piankowy lateks ma chropowat\u0105 struktur\u0119, dzi\u0119ki czemu gwarantuje bardzo dobry chwyt i ogranicza do minimum \u015blizganie si\u0119 manipulowanych przedmiot\u00f3w. Dlatego r\u0119kawice tym bardziej doskonale sprawdz\u0105 si\u0119 w wilgotnych warunkach pracy, gdzie po\u015blizg jest bardziej mo\u017cliwy.<\/p>\n<p><b>Chropowate powleczenie<\/b> obejmuje ca\u0142\u0105 stron\u0119 chwytn\u0105 i ko\u0144ce palc\u00f3w. Jego dodatkow\u0105 zalet\u0105 jest podwy\u017cszona odporno\u015b\u0107 na \u015bcieranie si\u0119 r\u0119kawic.<\/p>\n<p>R\u0119kawice ocieplane wykonane zosta\u0142y z dzianiny poliestrowej. Jest ona bardzo elastyczna i \u015bwietnie dopasowuje si\u0119 do d\u0142oni. Jest tak\u017ce, wyj\u0105tkowo odporna na rozdzieranie oraz na deformacj\u0119 &#8211; r\u0119kawice utrzymuj\u0105 swoj\u0105 form\u0119 i nie naci\u0105gaj\u0105 si\u0119.<\/p>\n<p>Mankiet zako\u0144czony \u015bci\u0105gaczem jest bez powleczenia &#8211; pozwala mu to zachowa\u0107 maksymaln\u0105 elastyczno\u015b\u0107. Dzi\u0119ki temu r\u0119kawice nie zsuwaj\u0105 si\u0119 z d\u0142oni podczas pracy.<\/p>\n<p><b>Wodoodporne r\u0119kawice ocieplane<\/b> to produkt <b>II kategorii ochronnej<\/b>. Spe\u0142niaj\u0105 szereg norm bezpiecze\u0144stwa, co jest potwierdzone <b>certyfikatem<\/b>.<\/p>\n<\/div>\n<\/div>\n","protected":false},"featured_media":987,"template":"","meta":{"_et_pb_use_builder":"","_et_pb_old_content":"","_et_gb_content_width":""},"product_brand":[],"product_cat":[43,73],"product_tag":[],"class_list":{"0":"post-986","1":"product","2":"type-product","3":"status-publish","4":"has-post-thumbnail","6":"product_cat-ochrona-rak","7":"product_cat-rekawice-ocieplane","9":"first","10":"instock","11":"shipping-taxable","12":"purchasable","13":"product-type-simple"},"_links":{"self":[{"href":"https:\/\/ani-mex.com\/index.php?rest_route=\/wp\/v2\/product\/986","targetHints":{"allow":["GET"]}}],"collection":[{"href":"https:\/\/ani-mex.com\/index.php?rest_route=\/wp\/v2\/product"}],"about":[{"href":"https:\/\/ani-mex.com\/index.php?rest_route=\/wp\/v2\/types\/product"}],"wp:featuredmedia":[{"embeddable":true,"href":"https:\/\/ani-mex.com\/index.php?rest_route=\/wp\/v2\/media\/987"}],"wp:attachment":[{"href":"https:\/\/ani-mex.com\/index.php?rest_route=%2Fwp%2Fv2%2Fmedia&parent=986"}],"wp:term":[{"taxonomy":"product_brand","embeddable":true,"href":"https:\/\/ani-mex.com\/index.php?rest_route=%2Fwp%2Fv2%2Fproduct_brand&post=986"},{"taxonomy":"product_cat","embeddable":true,"href":"https:\/\/ani-mex.com\/index.php?rest_route=%2Fwp%2Fv2%2Fproduct_cat&post=986"},{"taxonomy":"product_tag","embeddable":true,"href":"https:\/\/ani-mex.com\/index.php?rest_route=%2Fwp%2Fv2%2Fproduct_tag&post=986"}],"curies":[{"name":"wp","href":"https:\/\/api.w.org\/{rel}","templated":true}]}}