{"id":991,"date":"2025-01-29T10:03:36","date_gmt":"2025-01-29T10:03:36","guid":{"rendered":"https:\/\/ani-mex.com\/?post_type=product&#038;p=991"},"modified":"2025-01-29T10:03:36","modified_gmt":"2025-01-29T10:03:36","slug":"rekawice-rwnylbi-foam-w","status":"publish","type":"product","link":"https:\/\/ani-mex.com\/?product=rekawice-rwnylbi-foam-w","title":{"rendered":"R\u0119kawice RWnylBI Foam W"},"content":{"rendered":"<h1>R\u0119kawice RWnylBI Foam W<\/h1>\n<div>\n<p>\u00a0<em>R\u0119kawice ochronne, ocieplane, dziane, powlekane spienionym lateksem, na ko\u0144c\u00f3wkach plac\u00f3w szorstkowane.<\/em><\/p>\n<p>&nbsp;<\/p>\n<p>Rozmiar: 9, 10<\/p>\n<p>Opakowanie zbiorcze: 120 par<\/p>\n<p>Waga: 12,5 kg<\/p>\n<p>Opakowanie jednostkowe: 12 par<\/p>\n<p>opakowanie jednostkowe: 12<br \/>\nkarton: 120<\/p><\/div>\n","protected":false},"excerpt":{"rendered":"<p>R\u0119kawice RWnylBI Foam W \u00a0R\u0119kawice ochronne, ocieplane, dziane, powlekane spienionym lateksem, na ko\u0144c\u00f3wkach plac\u00f3w szorstkowane. &nbsp; Rozmiar: 9, 10 Opakowanie zbiorcze: 120 par Waga: 12,5 kg Opakowanie jednostkowe: 12 par opakowanie jednostkowe: 12 karton: 120<\/p>\n","protected":false},"featured_media":992,"template":"","meta":{"_et_pb_use_builder":"","_et_pb_old_content":"","_et_gb_content_width":""},"product_brand":[],"product_cat":[43,73],"product_tag":[],"class_list":{"0":"post-991","1":"product","2":"type-product","3":"status-publish","4":"has-post-thumbnail","6":"product_cat-ochrona-rak","7":"product_cat-rekawice-ocieplane","9":"first","10":"instock","11":"shipping-taxable","12":"purchasable","13":"product-type-simple"},"_links":{"self":[{"href":"https:\/\/ani-mex.com\/index.php?rest_route=\/wp\/v2\/product\/991","targetHints":{"allow":["GET"]}}],"collection":[{"href":"https:\/\/ani-mex.com\/index.php?rest_route=\/wp\/v2\/product"}],"about":[{"href":"https:\/\/ani-mex.com\/index.php?rest_route=\/wp\/v2\/types\/product"}],"wp:featuredmedia":[{"embeddable":true,"href":"https:\/\/ani-mex.com\/index.php?rest_route=\/wp\/v2\/media\/992"}],"wp:attachment":[{"href":"https:\/\/ani-mex.com\/index.php?rest_route=%2Fwp%2Fv2%2Fmedia&parent=991"}],"wp:term":[{"taxonomy":"product_brand","embeddable":true,"href":"https:\/\/ani-mex.com\/index.php?rest_route=%2Fwp%2Fv2%2Fproduct_brand&post=991"},{"taxonomy":"product_cat","embeddable":true,"href":"https:\/\/ani-mex.com\/index.php?rest_route=%2Fwp%2Fv2%2Fproduct_cat&post=991"},{"taxonomy":"product_tag","embeddable":true,"href":"https:\/\/ani-mex.com\/index.php?rest_route=%2Fwp%2Fv2%2Fproduct_tag&post=991"}],"curies":[{"name":"wp","href":"https:\/\/api.w.org\/{rel}","templated":true}]}}