{"id":998,"date":"2025-01-29T10:19:01","date_gmt":"2025-01-29T10:19:01","guid":{"rendered":"https:\/\/ani-mex.com\/?post_type=product&#038;p=998"},"modified":"2025-01-29T10:19:01","modified_gmt":"2025-01-29T10:19:01","slug":"rekawice-ochronne-neon-ocieplane","status":"publish","type":"product","link":"https:\/\/ani-mex.com\/?product=rekawice-ochronne-neon-ocieplane","title":{"rendered":"R\u0119kawice ochronne NEON ocieplane"},"content":{"rendered":"<p><span style=\"color: #808080; font-family: Trebuchet MS;\">R\u0119kawice ochronne\u00a0NEON na tle innych r\u0119kawic wyr\u00f3\u017cniaj\u0105 si\u0119 tym, \u017ce zosta\u0142y wykonane z dzianiny akrylowej. Ta polimerowa tkanina o przyjemnej fakturze charakteryzuje si\u0119 wysok\u0105 wytrzyma\u0142o\u015bci\u0105 na rozci\u0105ganie oraz nisk\u0105 ch\u0142onno\u015bci\u0105 wody. Szorstkowany lateks, kt\u00f3rym zosta\u0142a pokryta wewn\u0119trzna strona d\u0142oni oraz palce, zapewnia pewny chwyt, nie powoduj\u0105c przy tym usztywnienia r\u0119kawicy.<br \/>\n<\/span><\/p>\n<p><span style=\"font-family: Trebuchet MS;\"><span style=\"color: #808080;\"><strong>Ciep\u0142e i wygodne<\/strong><br \/>\n<\/span><\/span><\/p>\n<p><span style=\"color: #808080; font-family: Trebuchet MS;\">R\u0119kawice ochronne\u00a0NEON za spraw\u0105 u\u017cytych materia\u0142\u00f3w zwi\u0119kszaj\u0105 komfort pracy w niskich temperaturach. Wysoka odporno\u015b\u0107 na zimno stykowe oraz przenikalno\u015b\u0107 wody w po\u0142\u0105czeniu z elastycznym \u015bci\u0105gaczem (kt\u00f3ry idealnie dopasowuje r\u0119kawice do kszta\u0142tu d\u0142oni) sprawiaj\u0105, \u017ce nawet wielogodzinna praca jest niezwykle komfortowa.<br \/>\n<\/span><\/p>\n<p><span style=\"font-family: Trebuchet MS;\"><span style=\"color: #808080;\"><strong>Zastosowanie<\/strong><br \/>\n<\/span><\/span><\/p>\n<p><span style=\"color: #808080; font-family: Trebuchet MS;\">R\u0119kawice ochronne\u00a0NEON ocieplane chroni\u0105 d\u0142onie przed urazami mechanicznymi (skaleczenia oraz otarcia). W\u0142a\u015bciwo\u015bci antypo\u015blizgowe sprawiaj\u0105, \u017ce polecane s\u0105 one do prac monta\u017cowych, konstrukcyjnych czy magazynowych w warunkach niskich temperatur.<br \/>\n<\/span><\/p>\n<p><span style=\"font-family: Trebuchet MS;\"><span style=\"color: #808080;\"><strong>Cechy produktu:<\/strong><br \/>\n<\/span><\/span><\/p>\n<p><span style=\"color: #808080; font-family: Trebuchet MS;\">\u2022 akrylowa dzianina bezszwowa, \u015bcieg 7G<br \/>\n\u2022 pow\u0142oka ze\u00a0szorstkowanego lateksu<br \/>\n\u2022 ocieplane<br \/>\n\u2022 elastyczne \u015bci\u0105gacze w nadgarstku<br \/>\n\u2022 znak CE kategoria II, zgodno\u015b\u0107 z normami EN 420 oraz EN388<br \/>\n\u2022 ochrona mechaniczna: odporno\u015b\u0107 na \u015bcieranie (poziom 2), odporno\u015b\u0107 na przeci\u0119cie (poziom 1), wytrzyma\u0142o\u015b\u0107 na rozdzieranie (poziom 3), odporno\u015b\u0107 na przek\u0142ucie (poziom 1), odporno\u015b\u0107 na przeci\u0119cie TDM (nie dotyczy)<br \/>\n\u2022 ochrona przed zimnem: odporno\u015b\u0107 na zimno konwekcyjne (nie dotyczy), odporno\u015b\u0107 na zimno stykowe (poziom 1), przenikalno\u015b\u0107 wody (poziom 1)<\/span><\/p>\n","protected":false},"excerpt":{"rendered":"<p><span style=\"color: #808080; font-family: Trebuchet MS;\">R\u0119kawice ochronne\u00a0NEON na tle innych r\u0119kawic wyr\u00f3\u017cniaj\u0105 si\u0119 tym, \u017ce zosta\u0142y wykonane z dzianiny akrylowej. Ta polimerowa tkanina o przyjemnej fakturze charakteryzuje si\u0119 wysok\u0105 wytrzyma\u0142o\u015bci\u0105 na rozci\u0105ganie oraz nisk\u0105 ch\u0142onno\u015bci\u0105 wody. Szorstkowany lateks, kt\u00f3rym zosta\u0142a pokryta wewn\u0119trzna strona d\u0142oni oraz palce, zapewnia pewny chwyt, nie powoduj\u0105c przy tym usztywnienia r\u0119kawicy.<br \/>\n<\/span><\/p>\n<p><span style=\"font-family: Trebuchet MS;\"><span style=\"color: #808080;\"><strong>Ciep\u0142e i wygodne<\/strong><br \/>\n<\/span><\/span><\/p>\n<p><span style=\"color: #808080; font-family: Trebuchet MS;\">R\u0119kawice ochronne\u00a0NEON za spraw\u0105 u\u017cytych materia\u0142\u00f3w zwi\u0119kszaj\u0105 komfort pracy w niskich temperaturach. Wysoka odporno\u015b\u0107 na zimno stykowe oraz przenikalno\u015b\u0107 wody w po\u0142\u0105czeniu z elastycznym \u015bci\u0105gaczem (kt\u00f3ry idealnie dopasowuje r\u0119kawice do kszta\u0142tu d\u0142oni) sprawiaj\u0105, \u017ce nawet wielogodzinna praca jest niezwykle komfortowa.<br \/>\n<\/span><\/p>\n<p><span style=\"font-family: Trebuchet MS;\"><span style=\"color: #808080;\"><strong>Zastosowanie<\/strong><br \/>\n<\/span><\/span><\/p>\n<p><span style=\"color: #808080; font-family: Trebuchet MS;\">R\u0119kawice ochronne\u00a0NEON ocieplane chroni\u0105 d\u0142onie przed urazami mechanicznymi (skaleczenia oraz otarcia). W\u0142a\u015bciwo\u015bci antypo\u015blizgowe sprawiaj\u0105, \u017ce polecane s\u0105 one do prac monta\u017cowych, konstrukcyjnych czy magazynowych w warunkach niskich temperatur.<br \/>\n<\/span><\/p>\n<p><span style=\"font-family: Trebuchet MS;\"><span style=\"color: #808080;\"><strong>Cechy produktu:<\/strong><br \/>\n<\/span><\/span><\/p>\n<p><span style=\"color: #808080; font-family: Trebuchet MS;\">\u2022 akrylowa dzianina bezszwowa, \u015bcieg 7G<br \/>\n\u2022 pow\u0142oka ze\u00a0szorstkowanego lateksu<br \/>\n\u2022 ocieplane<br \/>\n\u2022 elastyczne \u015bci\u0105gacze w nadgarstku<br \/>\n\u2022 znak CE kategoria II, zgodno\u015b\u0107 z normami EN 420 oraz EN388<br \/>\n\u2022 ochrona mechaniczna: odporno\u015b\u0107 na \u015bcieranie (poziom 2), odporno\u015b\u0107 na przeci\u0119cie (poziom 1), wytrzyma\u0142o\u015b\u0107 na rozdzieranie (poziom 3), odporno\u015b\u0107 na przek\u0142ucie (poziom 1), odporno\u015b\u0107 na przeci\u0119cie TDM (nie dotyczy)<br \/>\n\u2022 ochrona przed zimnem: odporno\u015b\u0107 na zimno konwekcyjne (nie dotyczy), odporno\u015b\u0107 na zimno stykowe (poziom 1), przenikalno\u015b\u0107 wody (poziom 1)<\/span><\/p>\n","protected":false},"featured_media":999,"template":"","meta":{"_et_pb_use_builder":"","_et_pb_old_content":"","_et_gb_content_width":""},"product_brand":[],"product_cat":[43,73],"product_tag":[],"class_list":{"0":"post-998","1":"product","2":"type-product","3":"status-publish","4":"has-post-thumbnail","6":"product_cat-ochrona-rak","7":"product_cat-rekawice-ocieplane","9":"first","10":"instock","11":"shipping-taxable","12":"purchasable","13":"product-type-simple"},"_links":{"self":[{"href":"https:\/\/ani-mex.com\/index.php?rest_route=\/wp\/v2\/product\/998","targetHints":{"allow":["GET"]}}],"collection":[{"href":"https:\/\/ani-mex.com\/index.php?rest_route=\/wp\/v2\/product"}],"about":[{"href":"https:\/\/ani-mex.com\/index.php?rest_route=\/wp\/v2\/types\/product"}],"wp:featuredmedia":[{"embeddable":true,"href":"https:\/\/ani-mex.com\/index.php?rest_route=\/wp\/v2\/media\/999"}],"wp:attachment":[{"href":"https:\/\/ani-mex.com\/index.php?rest_route=%2Fwp%2Fv2%2Fmedia&parent=998"}],"wp:term":[{"taxonomy":"product_brand","embeddable":true,"href":"https:\/\/ani-mex.com\/index.php?rest_route=%2Fwp%2Fv2%2Fproduct_brand&post=998"},{"taxonomy":"product_cat","embeddable":true,"href":"https:\/\/ani-mex.com\/index.php?rest_route=%2Fwp%2Fv2%2Fproduct_cat&post=998"},{"taxonomy":"product_tag","embeddable":true,"href":"https:\/\/ani-mex.com\/index.php?rest_route=%2Fwp%2Fv2%2Fproduct_tag&post=998"}],"curies":[{"name":"wp","href":"https:\/\/api.w.org\/{rel}","templated":true}]}}